{"id":3803,"date":"2025-01-31T11:32:44","date_gmt":"2025-01-31T11:32:44","guid":{"rendered":"https:\/\/snoeck.process-vision.de\/shop\/welt-aus-den-fugen\/"},"modified":"2025-03-30T13:51:54","modified_gmt":"2025-03-30T13:51:54","slug":"welt-aus-den-fugen","status":"publish","type":"product","link":"https:\/\/snoeck.de\/fr\/shop\/welt-aus-den-fugen\/","title":{"rendered":"Un monde qui part en vrille"},"content":{"rendered":"<h3>Revenons \u00e0 l'installation<\/h3>\n<p>Depuis les ann\u00e9es 1960, l'installation est devenue un genre essentiel de l'art. Elle confronte le public \u00e0 une multitude d'informations et \u00e0 une multitude d'\u00e9v\u00e9nements simultan\u00e9s qui mettent en permanence au d\u00e9fi sa capacit\u00e9 d'assimilation - une situation omnipr\u00e9sente dans la soci\u00e9t\u00e9 de la connaissance actuelle. Les installations spatiales n'utilisent pratiquement plus les genres artistiques classiques, elles sont principalement mises en sc\u00e8ne avec des objets du quotidien, des ready-made et des nouveaux m\u00e9dias. En les observant, le public se retrouve au c\u0153ur de l'\u0153uvre, tous ses sens sont sollicit\u00e9s et, en particulier, le film, la vid\u00e9o, la lumi\u00e8re, le son et les odeurs \u00e9largissent l'exp\u00e9rience esth\u00e9tique habituelle en une exp\u00e9rience globale. La densit\u00e9 int\u00e9rieure est continuellement coproduite, les nombreuses impressions \u00e9tant organis\u00e9es de mani\u00e8re subjective et assembl\u00e9es en fonction de la situation. L'utilisation de nouveaux m\u00e9dias num\u00e9riques a rendu les installations encore plus complexes. La s\u00e9paration nette entre l'\u0153uvre d'art et le public s'estompe au profit d'espaces multim\u00e9dias dans lesquels le monde semble litt\u00e9ralement se disloquer. La publication Welt aus den Fugen montre, \u00e0 l'aide de neuf installations occupant tout l'espace d'artistes contemporains internationaux de la jeune g\u00e9n\u00e9ration, comment on r\u00e9agit aujourd'hui aux th\u00e8mes actuels du changement climatique, de l'intelligence artificielle, de la crypto-\u00e9volution, de l'\u00e9cologie, de la politique identitaire et de la migration. L'ouvrage propose en outre un glossaire qui donne un aper\u00e7u complexe des notions essentielles.<\/p>\n<p>Artistes:internes :<br \/>\nEd Atkins, Julian Charri\u00e8re, Simon Denny, Lizzie Fitch \/ Ryan Trecartin, Fabien Giraud &amp; Rapha\u00ebl Siboni, Anne Imhof, Pamela Rosenkranz, Sung Tieu, Raphaela Vogel<\/p>\n<p>Exposition :<br \/>\nMus\u00e9e d'art de Winterthur, 21\/5 - 14\/8\/2022<\/p>\n<p>&nbsp;<\/p>","protected":false},"excerpt":{"rendered":"<p>Catalogue d'exposition, Kunst Museum Winterthur, \u00e9d. par Lynn Kost<br \/>\nTextes (all.\/ang.) de Simon Baier, Konrad Bitterli, Lynn Kost<br \/>\n160 p. avec 60 illustrations en couleur, pleine page ou double page<br \/>\nformat 27 x 21 cm, couverture souple avec jaquette<\/p>","protected":false},"featured_media":5218,"template":"","meta":[],"product_brand":[],"product_cat":[88,63,80],"product_tag":[],"class_list":{"0":"post-3803","1":"product","2":"type-product","3":"status-publish","4":"has-post-thumbnail","6":"product_cat-88","7":"product_cat-f","8":"product_cat-w","10":"first","11":"instock","12":"taxable","13":"shipping-taxable","14":"purchasable","15":"product-type-simple"},"aioseo_notices":[],"_wp_attached_file":null,"_wp_attachment_metadata":null,"_wc_attachment_source":null,"_elementor_inline_svg":null,"_elementor_is_screenshot":null,"_elementor_source_image_hash":null,"_source_url":null,"_wp_attachment_context":null,"_menu_item_type":null,"_menu_item_menu_item_parent":null,"_menu_item_object_id":null,"_menu_item_object":null,"_menu_item_target":null,"_menu_item_classes":null,"_menu_item_xfn":null,"_menu_item_url":null,"__elementor_forms_snapshot":null,"_unit":"","_unit_base":"","_unit_product":"","_unit_price_auto":"no","_unit_price_regular":"","_unit_price":"","_unit_price_sale":"","_sale_price_label":"","_sale_price_regular_label":"","_manufacturer_slug":"","_mini_desc":"","_defect_description":"","_safety_instructions":"","_allergen_ids":[],"_warranty_attachment_id":"","_safety_attachment_ids":[],"_min_age":"","_ts_gtin":"","_ts_mpn":"","_delivery_time_countries":[],"_free_shipping":"no","_service":"no","_photovoltaic_system":"no","_used_good":"no","_defective_copy":"no","_wireless_electronic_device":"no","_device_contains_power_supply":"no","_device_charging_supports_usb_pd":"no","_device_charging_watt_min":"0","_device_charging_watt_max":"0","_is_food":"no","_differential_taxation":"no","_gzd_version":"3.18.7","_hs_code":"","_customs_description":"","_manufacture_country":"0","_is_non_returnable":"no","_shipping_length":"","_shipping_width":"","_shipping_height":"","_sku":"ISBN 978-3-86442-392-5","_global_unique_id":"978-3-86442-392-5","_regular_price":"39.8","total_sales":"0","_tax_status":"taxable","_tax_class":"","_manage_stock":"no","_backorders":"no","_sold_individually":"no","_weight":"1","_virtual":"no","_downloadable":"no","_download_limit":"-1","_download_expiry":"-1","_stock":"","_stock_status":"instock","_wc_average_rating":"0","_wc_review_count":"0","_product_version":"9.7.1","_price":"39.8","shopengine_product_views_count":"7045","_thumbnail_id":"5218","_product_attributes":{"erscheinungsdatum":{"name":"Date de publication","value":"15.01.2024","position":0,"is_visible":1,"is_variation":0,"is_taxonomy":0,"checkout_visible":0}},"_nutrient_ids":[],"_upsell_ids":null,"pswc_subtitle":null,"_default_delivery_time":null,"_wp_desired_post_slug":null,"_isbn":null,"pageType":null,"isExternalUrl":null,"pageId":null,"externalUrl":null,"hideCookieBanner":null,"isTargetBlank":null,"isProviderCurrentWebsite":null,"isEmbeddingOnlyExternalResources":null,"legalBasis":null,"dataProcessingInCountries":null,"dataProcessingInCountriesSpecialTreatments":null,"technicalDefinitions":null,"googleConsentModeConsentTypes":null,"executePriority":null,"executeCodeOptInWhenNoTagManagerConsentIsGiven":null,"executeCodeOptOutWhenNoTagManagerConsentIsGiven":null,"deleteTechnicalDefinitionsAfterOptOut":null,"presetId":null,"presetVersion":null,"provider":null,"providerContactPhone":null,"providerContactEmail":null,"providerContactLink":null,"uniqueName":null,"providerPrivacyPolicyUrl":null,"providerLegalNoticeUrl":null,"codeOptIn":null,"codeOptOut":null,"codeOnPageLoad":null,"language_code":null,"shopengine_template__post_meta__type":null,"shopengine_template__post_meta":null,"shopengine_template__post_meta__edit_with":null,"origin":null,"_enabled":null,"_filters":null,"_layout":null,"_elementor_import_session_id":null,"_wp_trash_meta_status":null,"_wp_trash_meta_time":null,"_edit_lock":"1743342574:2","_elementor_floating_elements_type":null,"_elementor_edit_mode":null,"_elementor_template_type":null,"tc-thumb-fld":{"_thumb_id":5218,"_thumb_type":"thumb"},"_wp_page_template":"default","_elementor_version":null,"_elementor_pro_version":null,"_elementor_page_settings":null,"_elementor_data":null,"_elementor_conditions":null,"_elementor_popup_display_settings":null,"_edit_last":"2","_elementor_template_sub_type":null,"_elementor_controls_usage":null,"_elementor_screenshot":null,"_elementor_css":null,"_elementor_page_assets":[],"_elementor_element_cache":null,"_elementor_screenshot_failed":null,"_elementor_source":null,"_wp_old_date":null,"layout_key":"","post_slider_check_key":"0","_links":{"self":[{"href":"https:\/\/snoeck.de\/fr\/wp-json\/wp\/v2\/product\/3803","targetHints":{"allow":["GET"]}}],"collection":[{"href":"https:\/\/snoeck.de\/fr\/wp-json\/wp\/v2\/product"}],"about":[{"href":"https:\/\/snoeck.de\/fr\/wp-json\/wp\/v2\/types\/product"}],"wp:featuredmedia":[{"embeddable":true,"href":"https:\/\/snoeck.de\/fr\/wp-json\/wp\/v2\/media\/5218"}],"wp:attachment":[{"href":"https:\/\/snoeck.de\/fr\/wp-json\/wp\/v2\/media?parent=3803"}],"wp:term":[{"taxonomy":"product_brand","embeddable":true,"href":"https:\/\/snoeck.de\/fr\/wp-json\/wp\/v2\/product_brand?post=3803"},{"taxonomy":"product_cat","embeddable":true,"href":"https:\/\/snoeck.de\/fr\/wp-json\/wp\/v2\/product_cat?post=3803"},{"taxonomy":"product_tag","embeddable":true,"href":"https:\/\/snoeck.de\/fr\/wp-json\/wp\/v2\/product_tag?post=3803"}],"curies":[{"name":"wp","href":"https:\/\/api.w.org\/{rel}","templated":true}]}}