{"id":3805,"date":"2025-01-31T11:32:45","date_gmt":"2025-01-31T11:32:45","guid":{"rendered":"https:\/\/snoeck.process-vision.de\/shop\/wermke-leinkauf\/"},"modified":"2025-03-29T08:14:10","modified_gmt":"2025-03-29T08:14:10","slug":"wermke-leinkauf","status":"publish","type":"product","link":"https:\/\/snoeck.de\/fr\/shop\/wermke-leinkauf\/","title":{"rendered":"Wermke Leinkauf"},"content":{"rendered":"<h3>Un voyage de d\u00e9couverte<\/h3>\n<p>Aujourd'hui, il est consid\u00e9r\u00e9 comme tout \u00e0 fait normal que deux artistes mettent leur \u0153uvre en commun - il existe de nombreux exemples c\u00e9l\u00e8bres au cours des 35 derni\u00e8res ann\u00e9es. Mais ce qui est particulier, c'est lorsque deux caract\u00e8res tr\u00e8s diff\u00e9rents s'associent, d'autant plus que cela semble peu probable, ne serait-ce qu'en raison de leurs lieux et champs d'\u00e9tudes diff\u00e9rents. Pourtant, Matthias Wermke et Mischa Leinkauf sont li\u00e9s par quelque chose qui a toujours \u00e9t\u00e9 en contradiction avec une carri\u00e8re sur une planche \u00e0 dessin - tous deux se connaissent depuis leur jeunesse dans le milieu des sprayeurs de Berlin-Est. Et c'est l\u00e0 que nous plongeons dans un contexte sauvage et spectaculaire qui caract\u00e9rise aujourd'hui de mani\u00e8re si inimitable leur travail. Prenons le film suivant des deux jeunes artistes : un homme est suspendu par ses bras tendus \u00e0 un bord inf\u00e9rieur quelconque - d'un pont, d'une grue ou de n'importe quoi d'autre. Et au moment o\u00f9 l'on s'appr\u00eate \u00e0 faire un pari sur le temps qu'il pourra encore tenir, il se hisse \u00e0 nouveau - ou peut-\u00eatre se laisse-t-il tout simplement tomber ?! Dans l'installation \"D\u00e9cisions\", on peut voir cette situation sur dix moniteurs, sous diff\u00e9rentes perspectives et \u00e0 diff\u00e9rents endroits. Ainsi, les spectateurs ont au moins la chance de s'habituer au caract\u00e8re inhabituel de l'\u00e9v\u00e9nement. Et comme l'accoutumance est g\u00e9n\u00e9ralement tr\u00e8s rapide, elle suscite un int\u00e9r\u00eat totalement non sp\u00e9cifique, par exemple pour des actions qui sont toujours perturb\u00e9es de mani\u00e8re impr\u00e9vue, pour des interdictions qui deviennent banales, pour des observations d'actions qui semblent impossibles. Et c'est ainsi qu'apparaissent tout \u00e0 coup de nouvelles possibilit\u00e9s, comme seul un \"monde \u00e0 l'envers\" peut en g\u00e9n\u00e9ral en offrir. Il s'agit donc, comme Matthias Wermke et Mischa Leinkauf l'\u00e9crivent eux-m\u00eames dans une esquisse de projet, d'un voyage de d\u00e9couverte, d'une utilisation inhabituelle de l'espace public, o\u00f9 le connu devient inconnu. L'observateur doit simplement et spontan\u00e9ment prendre conscience des espaces libres - au sens litt\u00e9ral du terme - que les artistes ont conquis de mani\u00e8re tr\u00e8s artistique et plut\u00f4t subversive. Ce livre est la premi\u00e8re publication individuelle du duo d'artistes et rassemble toutes les actions men\u00e9es ensemble jusqu'\u00e0 pr\u00e9sent. En 2012, les deux artistes ont re\u00e7u le prix d'encouragement Columbus pour l'art actuel.<\/p>\n<p>Exposition :<br \/>\nAssociation artistique de Heilbronn, 20\/7-15\/9\/2013<\/p>","protected":false},"excerpt":{"rendered":"<p>Catalogue d'exposition, Kunstverein Heilbronn<br \/>\nTextes (all.\/angl.) de Xander Karskens et Bettina Klein<br \/>\n136 p. avec 82 illustrations en couleur<br \/>\nformat 30 x 22 cm, couverture rigide<\/p>","protected":false},"featured_media":5220,"template":"","meta":[],"product_brand":[],"product_cat":[101,69,80],"product_tag":[],"class_list":{"0":"post-3805","1":"product","2":"type-product","3":"status-publish","4":"has-post-thumbnail","6":"product_cat-101","7":"product_cat-l","8":"product_cat-w","10":"first","11":"instock","12":"taxable","13":"shipping-taxable","14":"purchasable","15":"product-type-simple"},"aioseo_notices":[],"_wp_attached_file":null,"_wp_attachment_metadata":null,"_wc_attachment_source":null,"_elementor_inline_svg":null,"_elementor_is_screenshot":null,"_elementor_source_image_hash":null,"_source_url":null,"_wp_attachment_context":null,"_menu_item_type":null,"_menu_item_menu_item_parent":null,"_menu_item_object_id":null,"_menu_item_object":null,"_menu_item_target":null,"_menu_item_classes":null,"_menu_item_xfn":null,"_menu_item_url":null,"__elementor_forms_snapshot":null,"_unit":"","_unit_base":"","_unit_product":"","_unit_price_auto":"no","_unit_price_regular":"","_unit_price":"","_unit_price_sale":"","_sale_price_label":"","_sale_price_regular_label":"","_manufacturer_slug":"","_mini_desc":"","_defect_description":"","_safety_instructions":"","_allergen_ids":[],"_warranty_attachment_id":"","_safety_attachment_ids":[],"_min_age":"","_ts_gtin":"","_ts_mpn":"","_delivery_time_countries":[],"_free_shipping":"no","_service":"no","_photovoltaic_system":"no","_used_good":"no","_defective_copy":"no","_wireless_electronic_device":"no","_device_contains_power_supply":"no","_device_charging_supports_usb_pd":"no","_device_charging_watt_min":"0","_device_charging_watt_max":"0","_is_food":"no","_differential_taxation":"no","_gzd_version":"3.18.7","_hs_code":"","_customs_description":"","_manufacture_country":"0","_is_non_returnable":"no","_shipping_length":"","_shipping_width":"","_shipping_height":"","_sku":"ISBN 978-3-86442-056-6","_global_unique_id":"978-3-86442-056-6","_regular_price":"29.8","total_sales":"0","_tax_status":"taxable","_tax_class":"","_manage_stock":"no","_backorders":"no","_sold_individually":"no","_weight":"1","_virtual":"no","_downloadable":"no","_download_limit":"-1","_download_expiry":"-1","_stock":"","_stock_status":"instock","_wc_average_rating":"0","_wc_review_count":"0","_product_version":"9.7.1","_price":"29.8","shopengine_product_views_count":"2567","_thumbnail_id":"5220","_product_attributes":{"erscheinungsdatum":{"name":"Erscheinungsdatum","value":"25.02.2013","position":0,"is_visible":1,"is_variation":0,"is_taxonomy":0,"checkout_visible":0}},"_nutrient_ids":[],"_upsell_ids":null,"pswc_subtitle":null,"_default_delivery_time":null,"_wp_desired_post_slug":null,"_isbn":null,"pageType":null,"isExternalUrl":null,"pageId":null,"externalUrl":null,"hideCookieBanner":null,"isTargetBlank":null,"isProviderCurrentWebsite":null,"isEmbeddingOnlyExternalResources":null,"legalBasis":null,"dataProcessingInCountries":null,"dataProcessingInCountriesSpecialTreatments":null,"technicalDefinitions":null,"googleConsentModeConsentTypes":null,"executePriority":null,"executeCodeOptInWhenNoTagManagerConsentIsGiven":null,"executeCodeOptOutWhenNoTagManagerConsentIsGiven":null,"deleteTechnicalDefinitionsAfterOptOut":null,"presetId":null,"presetVersion":null,"provider":null,"providerContactPhone":null,"providerContactEmail":null,"providerContactLink":null,"uniqueName":null,"providerPrivacyPolicyUrl":null,"providerLegalNoticeUrl":null,"codeOptIn":null,"codeOptOut":null,"codeOnPageLoad":null,"language_code":null,"shopengine_template__post_meta__type":null,"shopengine_template__post_meta":null,"shopengine_template__post_meta__edit_with":null,"origin":null,"_enabled":null,"_filters":null,"_layout":null,"_elementor_import_session_id":null,"_wp_trash_meta_status":null,"_wp_trash_meta_time":null,"_edit_lock":"1743235937:2","_elementor_floating_elements_type":null,"_elementor_edit_mode":null,"_elementor_template_type":null,"tc-thumb-fld":{"_thumb_id":5220,"_thumb_type":"thumb"},"_wp_page_template":"default","_elementor_version":null,"_elementor_pro_version":null,"_elementor_page_settings":null,"_elementor_data":null,"_elementor_conditions":null,"_elementor_popup_display_settings":null,"_edit_last":"2","_elementor_template_sub_type":null,"_elementor_controls_usage":null,"_elementor_screenshot":null,"_elementor_css":null,"_elementor_page_assets":[],"_elementor_element_cache":null,"_elementor_screenshot_failed":null,"_elementor_source":null,"_wp_old_date":null,"layout_key":"","post_slider_check_key":"0","_links":{"self":[{"href":"https:\/\/snoeck.de\/fr\/wp-json\/wp\/v2\/product\/3805","targetHints":{"allow":["GET"]}}],"collection":[{"href":"https:\/\/snoeck.de\/fr\/wp-json\/wp\/v2\/product"}],"about":[{"href":"https:\/\/snoeck.de\/fr\/wp-json\/wp\/v2\/types\/product"}],"wp:featuredmedia":[{"embeddable":true,"href":"https:\/\/snoeck.de\/fr\/wp-json\/wp\/v2\/media\/5220"}],"wp:attachment":[{"href":"https:\/\/snoeck.de\/fr\/wp-json\/wp\/v2\/media?parent=3805"}],"wp:term":[{"taxonomy":"product_brand","embeddable":true,"href":"https:\/\/snoeck.de\/fr\/wp-json\/wp\/v2\/product_brand?post=3805"},{"taxonomy":"product_cat","embeddable":true,"href":"https:\/\/snoeck.de\/fr\/wp-json\/wp\/v2\/product_cat?post=3805"},{"taxonomy":"product_tag","embeddable":true,"href":"https:\/\/snoeck.de\/fr\/wp-json\/wp\/v2\/product_tag?post=3805"}],"curies":[{"name":"wp","href":"https:\/\/api.w.org\/{rel}","templated":true}]}}