{"id":3806,"date":"2025-01-31T11:32:45","date_gmt":"2025-01-31T11:32:45","guid":{"rendered":"https:\/\/snoeck.process-vision.de\/shop\/birgit-werres\/"},"modified":"2025-03-29T08:20:58","modified_gmt":"2025-03-29T08:20:58","slug":"birgit-werres","status":"publish","type":"product","link":"https:\/\/snoeck.de\/fr\/shop\/birgit-werres\/","title":{"rendered":"Birgit Werres"},"content":{"rendered":"<h3>Birgit Werres peut faire de la magie<\/h3>\n<p>Elle parvient \u00e0 transformer un simple fil de fer en une ligne sinueuse dans l'espace, \u00e0 r\u00e9unir une pelote de sangles de serrage dans l'interaction dynamique et complexe des formes, des couleurs et des textures d'un filet de coton. Ludiques et rigoureuses, ses \u0153uvres d\u00e9ploient une dynamique dans l'espace qui peut \u00eatre associ\u00e9e \u00e0 la pl\u00e9nitude de mouvement du baroque tout comme \u00e0 une d\u00e9cision minimaliste qui veut renoncer \u00e0 tout ce qui est inutile et fait confiance aux possibilit\u00e9s du mat\u00e9riau. Depuis les ann\u00e9es 1990, l'artiste parcourt les rues, les chantiers, les friches industrielles, les usines et les installations de production \u00e0 la recherche de mat\u00e9riaux pour ses sculptures et ses objets muraux. Autrefois, ces installations \u00e9taient encore un eldorado pour l'approvisionnement en mat\u00e9riaux. Aujourd'hui, \u00e0 l'heure du recyclage, elles ressemblent parfois \u00e0 des quartiers de haute s\u00e9curit\u00e9, comme l'artiste l'a fait remarquer r\u00e9cemment lors d'un entretien. Elle pratique elle-m\u00eame un recyclage d'un tout autre genre : des m\u00e9taux, des plastiques, des r\u00e9cipients, du fil de fer et des \"trucs\", tout cela trouve sa place dans son travail \u00e0 l'atelier. Ce sont des reliques parlantes de la production, des restes qui portent des traces d'utilisation, aussi minimalistes que belles, que Birgit Werres assemble en objets dans l'espace. Tout porte en soi une histoire et peut en m\u00eame temps devenir quelque chose de nouveau dans un nouveau lieu.<\/p>\n<p>Exposition :<br \/>\nAssociation artistique de Heilbronn, 1\/2 - 28\/6\/2020<br \/>\nAssociation artistique de Schw\u00e4bisch-Hall, 5\/7 -6\/9\/2020<br \/>\nMus\u00e9e de la Marche de Witten, 17\/3 - 29\/8\/2021<br \/>\nLokremise St. Gallen, 5\/2 - 7\/8\/2022<\/p>","protected":false},"excerpt":{"rendered":"<p>Catalogue d'exposition, Kunstverein Heilbronn, Kunstverein Schw\u00e4bisch-Hall, M\u00e4rkisches Museum Witten<br \/>\nTextes (all.\/ang.) de Matthia L\u00f6bke, Dirk Steimann, interview avec l'artiste par Christiane Meyer-Stoll<br \/>\n120 p. avec 60 illustrations en couleur<br \/>\nformat 27,5 x 21,5 cm, couverture souple<\/p>","protected":false},"featured_media":5221,"template":"","meta":[],"product_brand":[],"product_cat":[84,80],"product_tag":[],"class_list":{"0":"post-3806","1":"product","2":"type-product","3":"status-publish","4":"has-post-thumbnail","6":"product_cat-84","7":"product_cat-w","9":"first","10":"instock","11":"taxable","12":"shipping-taxable","13":"purchasable","14":"product-type-simple"},"aioseo_notices":[],"_wp_attached_file":null,"_wp_attachment_metadata":null,"_wc_attachment_source":null,"_elementor_inline_svg":null,"_elementor_is_screenshot":null,"_elementor_source_image_hash":null,"_source_url":null,"_wp_attachment_context":null,"_menu_item_type":null,"_menu_item_menu_item_parent":null,"_menu_item_object_id":null,"_menu_item_object":null,"_menu_item_target":null,"_menu_item_classes":null,"_menu_item_xfn":null,"_menu_item_url":null,"__elementor_forms_snapshot":null,"_unit":"","_unit_base":"","_unit_product":"","_unit_price_auto":"no","_unit_price_regular":"","_unit_price":"","_unit_price_sale":"","_sale_price_label":"","_sale_price_regular_label":"","_manufacturer_slug":"","_mini_desc":"","_defect_description":"","_safety_instructions":"","_allergen_ids":[],"_warranty_attachment_id":"","_safety_attachment_ids":[],"_min_age":"","_ts_gtin":"","_ts_mpn":"","_delivery_time_countries":[],"_free_shipping":"no","_service":"no","_photovoltaic_system":"no","_used_good":"no","_defective_copy":"no","_wireless_electronic_device":"no","_device_contains_power_supply":"no","_device_charging_supports_usb_pd":"no","_device_charging_watt_min":"0","_device_charging_watt_max":"0","_is_food":"no","_differential_taxation":"no","_gzd_version":"3.18.7","_hs_code":"","_customs_description":"","_manufacture_country":"0","_is_non_returnable":"no","_shipping_length":"","_shipping_width":"","_shipping_height":"","_sku":"ISBN 978-3-86442-341-3","_global_unique_id":"978-3-86442-341-3","_regular_price":"29.8","total_sales":"0","_tax_status":"taxable","_tax_class":"","_manage_stock":"no","_backorders":"no","_sold_individually":"no","_weight":"1","_virtual":"no","_downloadable":"no","_download_limit":"-1","_download_expiry":"-1","_stock":"","_stock_status":"instock","_wc_average_rating":"0","_wc_review_count":"0","_product_version":"9.7.1","_price":"29.8","shopengine_product_views_count":"3207","_thumbnail_id":"5221","_product_attributes":{"erscheinungsdatum":{"name":"Date de publication","value":"24.01.2020","position":0,"is_visible":1,"is_variation":0,"is_taxonomy":0,"checkout_visible":0}},"_nutrient_ids":[],"_upsell_ids":null,"pswc_subtitle":null,"_default_delivery_time":null,"_wp_desired_post_slug":null,"_isbn":null,"pageType":null,"isExternalUrl":null,"pageId":null,"externalUrl":null,"hideCookieBanner":null,"isTargetBlank":null,"isProviderCurrentWebsite":null,"isEmbeddingOnlyExternalResources":null,"legalBasis":null,"dataProcessingInCountries":null,"dataProcessingInCountriesSpecialTreatments":null,"technicalDefinitions":null,"googleConsentModeConsentTypes":null,"executePriority":null,"executeCodeOptInWhenNoTagManagerConsentIsGiven":null,"executeCodeOptOutWhenNoTagManagerConsentIsGiven":null,"deleteTechnicalDefinitionsAfterOptOut":null,"presetId":null,"presetVersion":null,"provider":null,"providerContactPhone":null,"providerContactEmail":null,"providerContactLink":null,"uniqueName":null,"providerPrivacyPolicyUrl":null,"providerLegalNoticeUrl":null,"codeOptIn":null,"codeOptOut":null,"codeOnPageLoad":null,"language_code":null,"shopengine_template__post_meta__type":null,"shopengine_template__post_meta":null,"shopengine_template__post_meta__edit_with":null,"origin":null,"_enabled":null,"_filters":null,"_layout":null,"_elementor_import_session_id":null,"_wp_trash_meta_status":null,"_wp_trash_meta_time":null,"_edit_lock":"1743236319:2","_elementor_floating_elements_type":null,"_elementor_edit_mode":null,"_elementor_template_type":null,"tc-thumb-fld":{"_thumb_id":5221,"_thumb_type":"thumb"},"_wp_page_template":"default","_elementor_version":null,"_elementor_pro_version":null,"_elementor_page_settings":null,"_elementor_data":null,"_elementor_conditions":null,"_elementor_popup_display_settings":null,"_edit_last":"2","_elementor_template_sub_type":null,"_elementor_controls_usage":null,"_elementor_screenshot":null,"_elementor_css":null,"_elementor_page_assets":[],"_elementor_element_cache":null,"_elementor_screenshot_failed":null,"_elementor_source":null,"_wp_old_date":null,"layout_key":"","post_slider_check_key":"0","_links":{"self":[{"href":"https:\/\/snoeck.de\/fr\/wp-json\/wp\/v2\/product\/3806","targetHints":{"allow":["GET"]}}],"collection":[{"href":"https:\/\/snoeck.de\/fr\/wp-json\/wp\/v2\/product"}],"about":[{"href":"https:\/\/snoeck.de\/fr\/wp-json\/wp\/v2\/types\/product"}],"wp:featuredmedia":[{"embeddable":true,"href":"https:\/\/snoeck.de\/fr\/wp-json\/wp\/v2\/media\/5221"}],"wp:attachment":[{"href":"https:\/\/snoeck.de\/fr\/wp-json\/wp\/v2\/media?parent=3806"}],"wp:term":[{"taxonomy":"product_brand","embeddable":true,"href":"https:\/\/snoeck.de\/fr\/wp-json\/wp\/v2\/product_brand?post=3806"},{"taxonomy":"product_cat","embeddable":true,"href":"https:\/\/snoeck.de\/fr\/wp-json\/wp\/v2\/product_cat?post=3806"},{"taxonomy":"product_tag","embeddable":true,"href":"https:\/\/snoeck.de\/fr\/wp-json\/wp\/v2\/product_tag?post=3806"}],"curies":[{"name":"wp","href":"https:\/\/api.w.org\/{rel}","templated":true}]}}