{"id":3807,"date":"2025-01-31T11:32:46","date_gmt":"2025-01-31T11:32:46","guid":{"rendered":"https:\/\/snoeck.process-vision.de\/shop\/birgit-werres-samples-for-pieces-maybe\/"},"modified":"2025-04-02T13:31:42","modified_gmt":"2025-04-02T13:31:42","slug":"birgit-werres-samples-for-pieces-maybe","status":"publish","type":"product","link":"https:\/\/snoeck.de\/fr\/shop\/birgit-werres-samples-for-pieces-maybe\/","title":{"rendered":"Birgit Werres : samples for pieces - maybe"},"content":{"rendered":"<h3>Les mondes de choses \u00e9nigmatiques de Birgit Werres<\/h3>\n<p>L'\u0153uvre de Birgit Werres (*1962) est domin\u00e9e par des objets industriels pr\u00e9fabriqu\u00e9s, mais ceux-ci connaissent des combinaisons h\u00e9t\u00e9rog\u00e8nes, l'artiste y ajoutant des \u00e9l\u00e9ments qu'elle a elle-m\u00eame fabriqu\u00e9s. Birgit Werres trouve ses mat\u00e9riaux dans les entrep\u00f4ts et les sites de production de l'industrie, dont elle est l'invit\u00e9e permanente. C'est l\u00e0 qu'elle tombe sur les objets qui \u00e9veillent son int\u00e9r\u00eat esth\u00e9tique. Sa perception est form\u00e9e depuis de nombreuses ann\u00e9es ; ses \u00e9tudes acad\u00e9miques l'ont d'abord men\u00e9e chez Tony Cragg, avant qu'elle ne les ach\u00e8ve chez Irmin Kamp. Elle d\u00e9tourne la figuration profane par des alignements, des stratifications ou des associations de mat\u00e9riaux. Dans ces travaux, l'artiste reprend toujours des caract\u00e9ristiques formelles telles que le volume, la texture ou la structure. La couleur propre des mat\u00e9riaux utilis\u00e9s joue souvent un r\u00f4le pr\u00e9pond\u00e9rant. Celle-ci va souvent \u00e0 l'encontre de la corporalit\u00e9 monumentale des objets et rend l'origine, la fonction et les propri\u00e9t\u00e9s du mat\u00e9riau encore plus myst\u00e9rieuses. Pour ses sculptures et installations non conventionnelles, ses coll\u00e8gues de Robert Smithson, Barry Le Va, Richard Artschwager et Richard Serra sont volontiers cit\u00e9s en r\u00e9f\u00e9rence. Mais c'est avec prudence qu'elle intitule le nouveau volume des Kienbaum Artists' Books \"samples for pieces - maybe\", o\u00f9 elle aligne des objets trouv\u00e9s, tous plus beaux les uns que les autres, tant\u00f4t \u00e9cras\u00e9s, tant\u00f4t press\u00e9s ou simplement un peu \u00e9cras\u00e9s - ils pourraient, s'ils le voulaient, devenir quelque chose !<\/p>","protected":false},"excerpt":{"rendered":"<p>Kienbaum Artists' Books 2019, \u00e9d. par Jochen et Laura Kienbaum<br \/>\n96 p. avec 93 illustrations pleine page en couleur<br \/>\nformat 32 x 23 cm, toile gaufr\u00e9e en deux couleurs<\/p>","protected":false},"featured_media":5222,"template":"","meta":[],"product_brand":[],"product_cat":[111,68,80],"product_tag":[],"class_list":{"0":"post-3807","1":"product","2":"type-product","3":"status-publish","4":"has-post-thumbnail","6":"product_cat-111","7":"product_cat-k","8":"product_cat-w","10":"first","11":"instock","12":"taxable","13":"shipping-taxable","14":"purchasable","15":"product-type-simple"},"aioseo_notices":[],"_wp_attached_file":null,"_wp_attachment_metadata":null,"_wc_attachment_source":null,"_elementor_inline_svg":null,"_elementor_is_screenshot":null,"_elementor_source_image_hash":null,"_source_url":null,"_wp_attachment_context":null,"_menu_item_type":null,"_menu_item_menu_item_parent":null,"_menu_item_object_id":null,"_menu_item_object":null,"_menu_item_target":null,"_menu_item_classes":null,"_menu_item_xfn":null,"_menu_item_url":null,"__elementor_forms_snapshot":null,"_unit":"","_unit_base":"","_unit_product":"","_unit_price_auto":"no","_unit_price_regular":"","_unit_price":"","_unit_price_sale":"","_sale_price_label":"","_sale_price_regular_label":"","_manufacturer_slug":"","_mini_desc":"","_defect_description":"","_safety_instructions":"","_allergen_ids":[],"_warranty_attachment_id":"","_safety_attachment_ids":[],"_min_age":"","_ts_gtin":"","_ts_mpn":"","_delivery_time_countries":[],"_free_shipping":"no","_service":"no","_photovoltaic_system":"no","_used_good":"no","_defective_copy":"no","_wireless_electronic_device":"no","_device_contains_power_supply":"no","_device_charging_supports_usb_pd":"no","_device_charging_watt_min":"0","_device_charging_watt_max":"0","_is_food":"no","_differential_taxation":"no","_gzd_version":"3.18.7","_hs_code":"","_customs_description":"","_manufacture_country":"0","_is_non_returnable":"no","_shipping_length":"","_shipping_width":"","_shipping_height":"","_sku":"ISBN 978-3-86442-274-4","_global_unique_id":"978-3-86442-274-4","_regular_price":"39.8","total_sales":"0","_tax_status":"taxable","_tax_class":"","_manage_stock":"no","_backorders":"no","_sold_individually":"no","_weight":"1","_virtual":"no","_downloadable":"no","_download_limit":"-1","_download_expiry":"-1","_stock":"","_stock_status":"instock","_wc_average_rating":"0","_wc_review_count":"0","_product_version":"9.7.1","_price":"39.8","shopengine_product_views_count":"3355","_thumbnail_id":"5222","_product_attributes":{"erscheinungsdatum":{"name":"Date de publication","value":"25.12.2018","position":0,"is_visible":1,"is_variation":0,"is_taxonomy":0,"checkout_visible":0}},"_nutrient_ids":[],"_upsell_ids":null,"pswc_subtitle":null,"_default_delivery_time":null,"_wp_desired_post_slug":null,"_isbn":null,"pageType":null,"isExternalUrl":null,"pageId":null,"externalUrl":null,"hideCookieBanner":null,"isTargetBlank":null,"isProviderCurrentWebsite":null,"isEmbeddingOnlyExternalResources":null,"legalBasis":null,"dataProcessingInCountries":null,"dataProcessingInCountriesSpecialTreatments":null,"technicalDefinitions":null,"googleConsentModeConsentTypes":null,"executePriority":null,"executeCodeOptInWhenNoTagManagerConsentIsGiven":null,"executeCodeOptOutWhenNoTagManagerConsentIsGiven":null,"deleteTechnicalDefinitionsAfterOptOut":null,"presetId":null,"presetVersion":null,"provider":null,"providerContactPhone":null,"providerContactEmail":null,"providerContactLink":null,"uniqueName":null,"providerPrivacyPolicyUrl":null,"providerLegalNoticeUrl":null,"codeOptIn":null,"codeOptOut":null,"codeOnPageLoad":null,"language_code":null,"shopengine_template__post_meta__type":null,"shopengine_template__post_meta":null,"shopengine_template__post_meta__edit_with":null,"origin":null,"_enabled":null,"_filters":null,"_layout":null,"_elementor_import_session_id":null,"_wp_trash_meta_status":null,"_wp_trash_meta_time":null,"_edit_lock":"1743600564:2","_elementor_floating_elements_type":null,"_elementor_edit_mode":null,"_elementor_template_type":null,"tc-thumb-fld":{"_thumb_id":5222,"_thumb_type":"thumb"},"_wp_page_template":"default","_elementor_version":null,"_elementor_pro_version":null,"_elementor_page_settings":null,"_elementor_data":null,"_elementor_conditions":null,"_elementor_popup_display_settings":null,"_edit_last":"2","_elementor_template_sub_type":null,"_elementor_controls_usage":null,"_elementor_screenshot":null,"_elementor_css":null,"_elementor_page_assets":[],"_elementor_element_cache":null,"_elementor_screenshot_failed":null,"_elementor_source":null,"_wp_old_date":null,"layout_key":"","post_slider_check_key":"0","_links":{"self":[{"href":"https:\/\/snoeck.de\/fr\/wp-json\/wp\/v2\/product\/3807","targetHints":{"allow":["GET"]}}],"collection":[{"href":"https:\/\/snoeck.de\/fr\/wp-json\/wp\/v2\/product"}],"about":[{"href":"https:\/\/snoeck.de\/fr\/wp-json\/wp\/v2\/types\/product"}],"wp:featuredmedia":[{"embeddable":true,"href":"https:\/\/snoeck.de\/fr\/wp-json\/wp\/v2\/media\/5222"}],"wp:attachment":[{"href":"https:\/\/snoeck.de\/fr\/wp-json\/wp\/v2\/media?parent=3807"}],"wp:term":[{"taxonomy":"product_brand","embeddable":true,"href":"https:\/\/snoeck.de\/fr\/wp-json\/wp\/v2\/product_brand?post=3807"},{"taxonomy":"product_cat","embeddable":true,"href":"https:\/\/snoeck.de\/fr\/wp-json\/wp\/v2\/product_cat?post=3807"},{"taxonomy":"product_tag","embeddable":true,"href":"https:\/\/snoeck.de\/fr\/wp-json\/wp\/v2\/product_tag?post=3807"}],"curies":[{"name":"wp","href":"https:\/\/api.w.org\/{rel}","templated":true}]}}