{"id":3808,"date":"2025-01-31T11:32:46","date_gmt":"2025-01-31T11:32:46","guid":{"rendered":"https:\/\/snoeck.process-vision.de\/shop\/thilo-westermann-souvenir-de-baden-baden\/"},"modified":"2025-03-29T08:12:13","modified_gmt":"2025-03-29T08:12:13","slug":"thilo-westermann-souvenir-de-baden-baden","status":"publish","type":"product","link":"https:\/\/snoeck.de\/fr\/shop\/thilo-westermann-souvenir-de-baden-baden\/","title":{"rendered":"Thilo Westermann : Souvenir de Baden-Baden"},"content":{"rendered":"<h3>\u00c9crire, ponctuer, exposer et le temps mont\u00e9 - L'arpentage po\u00e9tique de Thilo Westermann entre nature, exploration scientifique et histoire<\/h3>\n<p>\"Souvenir de Baden-Baden\" de Thilo Westermann donne un aper\u00e7u des lettres que l'artiste et historien de l'art \u00e9crit depuis 2018 \u00e0 la fille adoptive de Napol\u00e9on et ancienne grande-duchesse de Baden, St\u00e9phanie de Beauharnais (1789-1860). Comme si celle-ci \u00e9tait une collectionneuse d'art encore en vie, il lui parle de ses cr\u00e9ations. Les lettres manuscrites vont bien au-del\u00e0 de la discussion de son propre travail : elles traitent d'\u00e9v\u00e9nements politiques et sociaux des derni\u00e8res ann\u00e9es et prennent parfois la forme d'essais culturels, par exemple sur le contexte colonial du jardin du ch\u00e2teau de Malmaison pr\u00e8s de Paris ou sur les cons\u00e9quences de la politique d'expansion de Napol\u00e9on. Les propres m\u00e9dias de Westermann sont les peintures sous verre et les photomontages. Avec sa \"Correspondance avec St\u00e9phanie\", il pr\u00e9sente aujourd'hui une \u0153uvre aussi pr\u00e9cise que perspicace, qui refl\u00e8te de mani\u00e8re critique l'histoire et le pr\u00e9sent. Des contributions textuelles d'universitaires aussi renomm\u00e9s que Markus A. Castor (Deutsches Forum f\u00fcr Kunstgeschichte Paris) introduisent l'\u0153uvre de Westermann ; Dominique de Font-R\u00e9aulx (Louvre Paris) se consacre \u00e0 l'interface entre la peinture et la photographie ; Magali Nachtergael (Universit\u00e9 Bordeaux-Montaigne) et Anne Reverseau (UCLouvain) \u00e9tudient la pertinence du mot \u00e9crit entre les arts plastiques et la litt\u00e9rature ; Harriet Zilch (Kunsthalle N\u00fcrnberg) conclut en se demandant ce que cela signifierait si nous pouvions penser l'histoire non pas de mani\u00e8re lin\u00e9aire, mais circulaire, et compl\u00e9ter ainsi sans cesse notre image du pass\u00e9. Des illustrations d'\u0153uvres \u00e0 pleine page et des reproductions de lettres manuscrites soulignent le c\u00f4t\u00e9 bibliophile de ce projet, dans lequel des lettres de St\u00e9phanie de Beauharnais elle-m\u00eame, encore in\u00e9dites, sont en outre publi\u00e9es pour la premi\u00e8re fois.<\/p>\n<p>Exposition : Thilo Westermann et l'art de dessiner sous verre<br \/>\nVitromus\u00e9e Romont, Suisse : 6\/3 - 25\/9\/2022<\/p>","protected":false},"excerpt":{"rendered":"<p>\u00c9dit\u00e9 par Markus A. Castor et Heike Kronenwett<br \/>\nTextes (all.\/fr.) de Markus A. Castor, Dominique de Font-R\u00e9aulx, Magali Nachtergael, Anne Reverseau et Harriet Zilch<br \/>\n336 p. avec 160 illustrations en couleur<br \/>\nformat 24 x 18 cm, couverture souple avec jaquette<\/p>","protected":false},"featured_media":5223,"template":"","meta":[],"product_brand":[],"product_cat":[84,80],"product_tag":[],"class_list":{"0":"post-3808","1":"product","2":"type-product","3":"status-publish","4":"has-post-thumbnail","6":"product_cat-84","7":"product_cat-w","9":"first","10":"instock","11":"taxable","12":"shipping-taxable","13":"purchasable","14":"product-type-simple"},"aioseo_notices":[],"_wp_attached_file":null,"_wp_attachment_metadata":null,"_wc_attachment_source":null,"_elementor_inline_svg":null,"_elementor_is_screenshot":null,"_elementor_source_image_hash":null,"_source_url":null,"_wp_attachment_context":null,"_menu_item_type":null,"_menu_item_menu_item_parent":null,"_menu_item_object_id":null,"_menu_item_object":null,"_menu_item_target":null,"_menu_item_classes":null,"_menu_item_xfn":null,"_menu_item_url":null,"__elementor_forms_snapshot":null,"_unit":"","_unit_base":"","_unit_product":"","_unit_price_auto":"no","_unit_price_regular":"","_unit_price":"","_unit_price_sale":"","_sale_price_label":"","_sale_price_regular_label":"","_manufacturer_slug":"","_mini_desc":"","_defect_description":"","_safety_instructions":"","_allergen_ids":[],"_warranty_attachment_id":"","_safety_attachment_ids":[],"_min_age":"","_ts_gtin":"","_ts_mpn":"","_delivery_time_countries":[],"_free_shipping":"no","_service":"no","_photovoltaic_system":"no","_used_good":"no","_defective_copy":"no","_wireless_electronic_device":"no","_device_contains_power_supply":"no","_device_charging_supports_usb_pd":"no","_device_charging_watt_min":"0","_device_charging_watt_max":"0","_is_food":"no","_differential_taxation":"no","_gzd_version":"3.18.7","_hs_code":"","_customs_description":"","_manufacture_country":"0","_is_non_returnable":"no","_shipping_length":"","_shipping_width":"","_shipping_height":"","_sku":"ISBN 978-3-86442-379-6","_global_unique_id":"978-3-86442-379-6","_regular_price":"39.8","total_sales":"0","_tax_status":"taxable","_tax_class":"","_manage_stock":"no","_backorders":"no","_sold_individually":"no","_weight":"2","_virtual":"no","_downloadable":"no","_download_limit":"-1","_download_expiry":"-1","_stock":"","_stock_status":"instock","_wc_average_rating":"0","_wc_review_count":"0","_product_version":"9.7.1","_price":"39.8","shopengine_product_views_count":"2319","_thumbnail_id":"5223","_product_attributes":{"erscheinungsdatum":{"name":"Erscheinungsdatum","value":"01.04.2020","position":0,"is_visible":1,"is_variation":0,"is_taxonomy":0,"checkout_visible":0}},"_nutrient_ids":[],"_upsell_ids":null,"pswc_subtitle":null,"_default_delivery_time":null,"_wp_desired_post_slug":null,"_isbn":null,"pageType":null,"isExternalUrl":null,"pageId":null,"externalUrl":null,"hideCookieBanner":null,"isTargetBlank":null,"isProviderCurrentWebsite":null,"isEmbeddingOnlyExternalResources":null,"legalBasis":null,"dataProcessingInCountries":null,"dataProcessingInCountriesSpecialTreatments":null,"technicalDefinitions":null,"googleConsentModeConsentTypes":null,"executePriority":null,"executeCodeOptInWhenNoTagManagerConsentIsGiven":null,"executeCodeOptOutWhenNoTagManagerConsentIsGiven":null,"deleteTechnicalDefinitionsAfterOptOut":null,"presetId":null,"presetVersion":null,"provider":null,"providerContactPhone":null,"providerContactEmail":null,"providerContactLink":null,"uniqueName":null,"providerPrivacyPolicyUrl":null,"providerLegalNoticeUrl":null,"codeOptIn":null,"codeOptOut":null,"codeOnPageLoad":null,"language_code":null,"shopengine_template__post_meta__type":null,"shopengine_template__post_meta":null,"shopengine_template__post_meta__edit_with":null,"origin":null,"_enabled":null,"_filters":null,"_layout":null,"_elementor_import_session_id":null,"_wp_trash_meta_status":null,"_wp_trash_meta_time":null,"_edit_lock":"1743235795:2","_elementor_floating_elements_type":null,"_elementor_edit_mode":null,"_elementor_template_type":null,"tc-thumb-fld":{"_thumb_id":5223,"_thumb_type":"thumb"},"_wp_page_template":"default","_elementor_version":null,"_elementor_pro_version":null,"_elementor_page_settings":null,"_elementor_data":null,"_elementor_conditions":null,"_elementor_popup_display_settings":null,"_edit_last":"2","_elementor_template_sub_type":null,"_elementor_controls_usage":null,"_elementor_screenshot":null,"_elementor_css":null,"_elementor_page_assets":[],"_elementor_element_cache":null,"_elementor_screenshot_failed":null,"_elementor_source":null,"_wp_old_date":null,"layout_key":"","post_slider_check_key":"0","_links":{"self":[{"href":"https:\/\/snoeck.de\/fr\/wp-json\/wp\/v2\/product\/3808","targetHints":{"allow":["GET"]}}],"collection":[{"href":"https:\/\/snoeck.de\/fr\/wp-json\/wp\/v2\/product"}],"about":[{"href":"https:\/\/snoeck.de\/fr\/wp-json\/wp\/v2\/types\/product"}],"wp:featuredmedia":[{"embeddable":true,"href":"https:\/\/snoeck.de\/fr\/wp-json\/wp\/v2\/media\/5223"}],"wp:attachment":[{"href":"https:\/\/snoeck.de\/fr\/wp-json\/wp\/v2\/media?parent=3808"}],"wp:term":[{"taxonomy":"product_brand","embeddable":true,"href":"https:\/\/snoeck.de\/fr\/wp-json\/wp\/v2\/product_brand?post=3808"},{"taxonomy":"product_cat","embeddable":true,"href":"https:\/\/snoeck.de\/fr\/wp-json\/wp\/v2\/product_cat?post=3808"},{"taxonomy":"product_tag","embeddable":true,"href":"https:\/\/snoeck.de\/fr\/wp-json\/wp\/v2\/product_tag?post=3808"}],"curies":[{"name":"wp","href":"https:\/\/api.w.org\/{rel}","templated":true}]}}