{"id":3811,"date":"2025-01-31T11:32:48","date_gmt":"2025-01-31T11:32:48","guid":{"rendered":"https:\/\/snoeck.process-vision.de\/shop\/gerhard-winkler-fische-und-cephalopoden\/"},"modified":"2025-03-29T08:04:11","modified_gmt":"2025-03-29T08:04:11","slug":"gerhard-winkler-fische-und-cephalopoden","status":"publish","type":"product","link":"https:\/\/snoeck.de\/fr\/shop\/gerhard-winkler-fische-und-cephalopoden\/","title":{"rendered":"Gerhard Winkler : Poissons et c\u00e9phalopodes"},"content":{"rendered":"<h3>Un livre plein d'animaux marins<\/h3>\n<p>L'histoire est presque aussi simple que les motifs concr\u00e8tement pr\u00e9sent\u00e9s dans ce livre. C'est il y a 30 ans environ que Gerhard Winkler a v\u00e9cu un moment d\u00e9cisif pour son avenir. Lors d'une promenade dans le march\u00e9 couvert de Lisbonne, l'artiste ne pouvait plus se d\u00e9tacher de la vue et de la beaut\u00e9 des poissons qui y \u00e9taient propos\u00e9s : sardines, merlus et calamars, thons et seiches et bien d'autres esp\u00e8ces encore, le tout en abondance, en partie stock\u00e9 sur de la glace, en partie align\u00e9 par vari\u00e9t\u00e9s sur des \u00e9tals m\u00e9talliques. Les clients devaient \u00eatre attir\u00e9s par l'aspect esth\u00e9tique de l'\u00e9talage - ce qui \u00e9tait \u00e9galement le cas chez lui. Mais il y avait plus. Il a regard\u00e9 de plus pr\u00e8s et a d\u00e9couvert pour lui-m\u00eame la beaut\u00e9 et l'individualit\u00e9 des poissons. Winkler utilise en premier lieu un film noir et blanc, dont les n\u00e9gatifs d\u00e9velopp\u00e9s servent de base \u00e0 ses tirages baryt\u00e9s faits \u00e0 la main, qui sont ensuite color\u00e9s \u00e0 la main avec des couleurs au laser prot\u00e9in\u00e9es, conform\u00e9ment \u00e0 l'apparence r\u00e9elle des animaux. Avec cette m\u00e9thode artistique individuelle, qui reprend des proc\u00e9d\u00e9s historiquement \u00e9prouv\u00e9s - le type de colorisation remonte lui aussi aux m\u00e9thodes de retouche photographique du XIXe si\u00e8cle -, Gerhard Winkler enrichit la photographie contemporaine. Si chacun de ses poissons et cphalopodes est pr\u00e9sent\u00e9 de mani\u00e8re souveraine et soulign\u00e9e dans sa particularit\u00e9, ils sont tous aussi envo\u00fbtants, \u00e9nigmatiques et non dissimul\u00e9s.<\/p>\n<p>Exposition :<br \/>\nLa collection photographique\/SK Stiftung Kultur, Cologne<br \/>\n3\/9\/2021 - 16\/1\/2022<\/p>","protected":false},"excerpt":{"rendered":"<p>Catalogue d'exposition, \u00e9dit\u00e9 par Die Photographische Sammlung \/ SK Stiftung Kultur<br \/>\nTexte (dt\/eng.) de Gabriele Conrath-Scholl et un entretien de Gabriele Conrath-Scholl avec Gerhard Winkler<br \/>\n144 p. avec 220 illustrations en couleur ainsi qu'un pliage en altar<br \/>\nformat 28 x 22,5 cm, couverture rigide<\/p>","protected":false},"featured_media":5226,"template":"","meta":[],"product_brand":[],"product_cat":[85,80],"product_tag":[],"class_list":{"0":"post-3811","1":"product","2":"type-product","3":"status-publish","4":"has-post-thumbnail","6":"product_cat-85","7":"product_cat-w","9":"first","10":"instock","11":"taxable","12":"shipping-taxable","13":"purchasable","14":"product-type-simple"},"aioseo_notices":[],"_wp_attached_file":null,"_wp_attachment_metadata":null,"_wc_attachment_source":null,"_elementor_inline_svg":null,"_elementor_is_screenshot":null,"_elementor_source_image_hash":null,"_source_url":null,"_wp_attachment_context":null,"_menu_item_type":null,"_menu_item_menu_item_parent":null,"_menu_item_object_id":null,"_menu_item_object":null,"_menu_item_target":null,"_menu_item_classes":null,"_menu_item_xfn":null,"_menu_item_url":null,"__elementor_forms_snapshot":null,"_unit":"","_unit_base":"","_unit_product":"","_unit_price_auto":"no","_unit_price_regular":"","_unit_price":"","_unit_price_sale":"","_sale_price_label":"","_sale_price_regular_label":"","_manufacturer_slug":"","_mini_desc":"","_defect_description":"","_safety_instructions":"","_allergen_ids":[],"_warranty_attachment_id":"","_safety_attachment_ids":[],"_min_age":"","_ts_gtin":"","_ts_mpn":"","_delivery_time_countries":[],"_free_shipping":"no","_service":"no","_photovoltaic_system":"no","_used_good":"no","_defective_copy":"no","_wireless_electronic_device":"no","_device_contains_power_supply":"no","_device_charging_supports_usb_pd":"no","_device_charging_watt_min":"0","_device_charging_watt_max":"0","_is_food":"no","_differential_taxation":"no","_gzd_version":"3.18.7","_hs_code":"","_customs_description":"","_manufacture_country":"0","_is_non_returnable":"no","_shipping_length":"","_shipping_width":"","_shipping_height":"","_sku":"ISBN 978-3-86442-358-1","_global_unique_id":"978-3-86442-358-1","_regular_price":"36","total_sales":"0","_tax_status":"taxable","_tax_class":"","_manage_stock":"no","_backorders":"no","_sold_individually":"no","_weight":"1","_virtual":"no","_downloadable":"no","_download_limit":"-1","_download_expiry":"-1","_stock":"","_stock_status":"instock","_wc_average_rating":"0","_wc_review_count":"0","_product_version":"9.7.1","_price":"36","shopengine_product_views_count":"2559","_thumbnail_id":"5226","_product_attributes":{"erscheinungsdatum":{"name":"Erscheinungsdatum","value":"03.09.2021","position":0,"is_visible":1,"is_variation":0,"is_taxonomy":0,"checkout_visible":0}},"_nutrient_ids":[],"_upsell_ids":null,"pswc_subtitle":null,"_default_delivery_time":null,"_wp_desired_post_slug":null,"_isbn":null,"pageType":null,"isExternalUrl":null,"pageId":null,"externalUrl":null,"hideCookieBanner":null,"isTargetBlank":null,"isProviderCurrentWebsite":null,"isEmbeddingOnlyExternalResources":null,"legalBasis":null,"dataProcessingInCountries":null,"dataProcessingInCountriesSpecialTreatments":null,"technicalDefinitions":null,"googleConsentModeConsentTypes":null,"executePriority":null,"executeCodeOptInWhenNoTagManagerConsentIsGiven":null,"executeCodeOptOutWhenNoTagManagerConsentIsGiven":null,"deleteTechnicalDefinitionsAfterOptOut":null,"presetId":null,"presetVersion":null,"provider":null,"providerContactPhone":null,"providerContactEmail":null,"providerContactLink":null,"uniqueName":null,"providerPrivacyPolicyUrl":null,"providerLegalNoticeUrl":null,"codeOptIn":null,"codeOptOut":null,"codeOnPageLoad":null,"language_code":null,"shopengine_template__post_meta__type":null,"shopengine_template__post_meta":null,"shopengine_template__post_meta__edit_with":null,"origin":null,"_enabled":null,"_filters":null,"_layout":null,"_elementor_import_session_id":null,"_wp_trash_meta_status":null,"_wp_trash_meta_time":null,"_edit_lock":"1743235312:2","_elementor_floating_elements_type":null,"_elementor_edit_mode":null,"_elementor_template_type":null,"tc-thumb-fld":{"_thumb_id":5226,"_thumb_type":"thumb"},"_wp_page_template":"default","_elementor_version":null,"_elementor_pro_version":null,"_elementor_page_settings":null,"_elementor_data":null,"_elementor_conditions":null,"_elementor_popup_display_settings":null,"_edit_last":"2","_elementor_template_sub_type":null,"_elementor_controls_usage":null,"_elementor_screenshot":null,"_elementor_css":null,"_elementor_page_assets":[],"_elementor_element_cache":null,"_elementor_screenshot_failed":null,"_elementor_source":null,"_wp_old_date":null,"layout_key":"","post_slider_check_key":"0","_links":{"self":[{"href":"https:\/\/snoeck.de\/fr\/wp-json\/wp\/v2\/product\/3811","targetHints":{"allow":["GET"]}}],"collection":[{"href":"https:\/\/snoeck.de\/fr\/wp-json\/wp\/v2\/product"}],"about":[{"href":"https:\/\/snoeck.de\/fr\/wp-json\/wp\/v2\/types\/product"}],"wp:featuredmedia":[{"embeddable":true,"href":"https:\/\/snoeck.de\/fr\/wp-json\/wp\/v2\/media\/5226"}],"wp:attachment":[{"href":"https:\/\/snoeck.de\/fr\/wp-json\/wp\/v2\/media?parent=3811"}],"wp:term":[{"taxonomy":"product_brand","embeddable":true,"href":"https:\/\/snoeck.de\/fr\/wp-json\/wp\/v2\/product_brand?post=3811"},{"taxonomy":"product_cat","embeddable":true,"href":"https:\/\/snoeck.de\/fr\/wp-json\/wp\/v2\/product_cat?post=3811"},{"taxonomy":"product_tag","embeddable":true,"href":"https:\/\/snoeck.de\/fr\/wp-json\/wp\/v2\/product_tag?post=3811"}],"curies":[{"name":"wp","href":"https:\/\/api.w.org\/{rel}","templated":true}]}}