{"id":3812,"date":"2025-01-31T11:32:48","date_gmt":"2025-01-31T11:32:48","guid":{"rendered":"https:\/\/snoeck.process-vision.de\/shop\/georg-winter-deutscher-holzschnitt-nach-68\/"},"modified":"2026-04-08T14:25:53","modified_gmt":"2026-04-08T13:25:53","slug":"georg-winter-deutscher-holzschnitt-nach-68","status":"publish","type":"product","link":"https:\/\/snoeck.de\/fr\/shop\/georg-winter-deutscher-holzschnitt-nach-68\/","title":{"rendered":"Georg Winter : Gravure sur bois allemande apr\u00e8s '68"},"content":{"rendered":"<h3>La v\u00e9ritable gravure sur bois allemande !<\/h3>\n<p>Le mus\u00e9e n'est pas le terrain que Georg Winter privil\u00e9gie pour ses travaux artistiques, et une situation d'exposition largement classique, avec des travaux sur papier accroch\u00e9s aux murs, n'est pas le format courant dans lequel l'artiste s'exprime habituellement. Les laboratoires temporaires, les projets de recherche interdisciplinaires ou encore les Self Organizing Performances sont normalement les champs d'action avec lesquels Georg Winter agit dans l'espace public et avec lesquels on associe directement son \u0153uvre. De 2003 \u00e0 2007, Georg Winter a \u00e9t\u00e9 professeur d'art et d'espace public \u00e0 l'Acad\u00e9mie des beaux-arts de Nuremberg. Depuis, il est professeur de sculpture et d'art public \u00e0 l'\u00c9cole sup\u00e9rieure des beaux-arts de la Sarre \u00e0 Sarrebruck. Cependant, on a tendance \u00e0 oublier, au vu des multiples activit\u00e9s de Georg Winter, que presque tous ses projets sont accompagn\u00e9s de gravures sur bois impressionnantes et que celles-ci font souvent partie du travail d'installation. En r\u00e9alit\u00e9, il travaille continuellement dans ce m\u00e9dium depuis ses d\u00e9buts et a ainsi cr\u00e9\u00e9 au cours des derni\u00e8res d\u00e9cennies un corpus de quelques centaines de motifs au total, dont cette publication pr\u00e9sente pour la premi\u00e8re fois un \u00e9chantillon, tout comme le St\u00e4dtisches Kunstmuseum Spendhaus de Reutlingen en a expos\u00e9 une s\u00e9lection exemplaire. Les travaux de Georg Winter n'ont pas grand-chose en commun avec l'esth\u00e9tique famili\u00e8re de la gravure sur bois et ne misent pas sur les qualit\u00e9s sensuelles ou haptiques d'une application de couleur sans p\u00e2te ou sur un papier de qualit\u00e9 sup\u00e9rieure comme support d'impression. Georg Winter imprime toujours ses motifs de mani\u00e8re compl\u00e8tement homog\u00e8ne en noir et sur du papier transparent. Cela donne parfois l'impression qu'il s'agit de sch\u00e9mas sur lesquels les diff\u00e9rents appareils techniques sont juxtapos\u00e9s et expliqu\u00e9s lorsqu'ils sont utilis\u00e9s dans un projet. Ce ton toujours objectif se rattache \u00e0 une tradition de l'impression en relief au sein de l'art moderne dans les ann\u00e9es 1920, qui n'est plus gu\u00e8re pr\u00e9sente aujourd'hui, comme l'ont impos\u00e9 par leur style les progressistes de Cologne ou le Mus\u00e9e de la soci\u00e9t\u00e9 et de l'\u00e9conomie de Vienne d'Otto Neurath. Le titre de l'ouvrage, \"La gravure sur bois allemande apr\u00e8s 68\", a donc \u00e9t\u00e9 choisi par l'artiste au r\u00e9seau international, qui partage son temps entre la Hongrie et l'Allemagne, pour se d\u00e9marquer ironiquement de la gravure sur bois r\u00e9cemment redevenue courante !<\/p>\n<p>Exposition :<br \/>\nMus\u00e9e municipal d'art Spendhaus, Reutlingen, 12\/7 - 6\/10\/2013<\/p>","protected":false},"excerpt":{"rendered":"<p>Catalogue d'exposition, St\u00e4dtisches Kunstmuseum Spendhaus Reutlingen, \u00e9d. par Herbert Eichhorn<br \/>\nTextes (all.\/angl.) de Uwe Degreif, Karsten M\u00fcller<br \/>\n112 p. avec 100 illustrations n\/b<br \/>\nFormat 29,7 x 21 cm, couverture souple<\/p>","protected":false},"featured_media":5227,"template":"","meta":[],"product_brand":[],"product_cat":[95],"product_tag":[],"class_list":{"0":"post-3812","1":"product","2":"type-product","3":"status-publish","4":"has-post-thumbnail","6":"product_cat-vergriffen","8":"first","9":"outofstock","10":"taxable","11":"shipping-taxable","12":"product-type-simple"},"aioseo_notices":[],"_wp_attached_file":null,"_wp_attachment_metadata":null,"_wc_attachment_source":null,"_elementor_inline_svg":null,"_elementor_is_screenshot":null,"_elementor_source_image_hash":null,"_source_url":null,"_wp_attachment_context":null,"_menu_item_type":null,"_menu_item_menu_item_parent":null,"_menu_item_object_id":null,"_menu_item_object":null,"_menu_item_target":null,"_menu_item_classes":null,"_menu_item_xfn":null,"_menu_item_url":null,"__elementor_forms_snapshot":null,"_unit":"","_unit_base":"","_unit_product":"","_unit_price_auto":"no","_unit_price_regular":"","_unit_price":"","_unit_price_sale":"","_sale_price_label":"","_sale_price_regular_label":"","_manufacturer_slug":"","_mini_desc":"","_defect_description":"","_safety_instructions":"","_allergen_ids":[],"_warranty_attachment_id":"","_safety_attachment_ids":[],"_min_age":"","_ts_gtin":"","_ts_mpn":"","_delivery_time_countries":[],"_free_shipping":"no","_service":"no","_photovoltaic_system":"no","_used_good":"no","_defective_copy":"no","_wireless_electronic_device":"no","_device_contains_power_supply":"no","_device_charging_supports_usb_pd":"no","_device_charging_watt_min":"0","_device_charging_watt_max":"0","_is_food":"no","_differential_taxation":"no","_gzd_version":"3.18.7","_hs_code":"","_customs_description":"","_manufacture_country":"0","_is_non_returnable":"no","_shipping_length":"","_shipping_width":"","_shipping_height":"","_sku":"ISBN 978-3-86442-059-7","_global_unique_id":"978-3-86442-059-7","_regular_price":null,"total_sales":"1","_tax_status":"taxable","_tax_class":"","_manage_stock":"no","_backorders":"no","_sold_individually":"no","_weight":"1","_virtual":"no","_downloadable":"no","_download_limit":"-1","_download_expiry":"-1","_stock":"","_stock_status":"outofstock","_wc_average_rating":"0","_wc_review_count":"0","_product_version":"10.1.4","_price":"","shopengine_product_views_count":"2659","_thumbnail_id":"5227","_product_attributes":{"erscheinungsdatum":{"name":"Date de publication","value":"15.09.2013","position":0,"is_visible":1,"is_variation":0,"is_taxonomy":0,"checkout_visible":0}},"_nutrient_ids":[],"_upsell_ids":null,"pswc_subtitle":null,"_default_delivery_time":null,"_wp_desired_post_slug":null,"_isbn":null,"pageType":null,"isExternalUrl":null,"pageId":null,"externalUrl":null,"hideCookieBanner":null,"isTargetBlank":null,"isProviderCurrentWebsite":null,"isEmbeddingOnlyExternalResources":null,"legalBasis":null,"dataProcessingInCountries":null,"dataProcessingInCountriesSpecialTreatments":null,"technicalDefinitions":null,"googleConsentModeConsentTypes":null,"executePriority":null,"executeCodeOptInWhenNoTagManagerConsentIsGiven":null,"executeCodeOptOutWhenNoTagManagerConsentIsGiven":null,"deleteTechnicalDefinitionsAfterOptOut":null,"presetId":null,"presetVersion":null,"provider":null,"providerContactPhone":null,"providerContactEmail":null,"providerContactLink":null,"uniqueName":null,"providerPrivacyPolicyUrl":null,"providerLegalNoticeUrl":null,"codeOptIn":null,"codeOptOut":null,"codeOnPageLoad":null,"language_code":null,"shopengine_template__post_meta__type":null,"shopengine_template__post_meta":null,"shopengine_template__post_meta__edit_with":null,"origin":null,"_enabled":null,"_filters":null,"_layout":null,"_elementor_import_session_id":null,"_wp_trash_meta_status":null,"_wp_trash_meta_time":null,"_edit_lock":"1743235214:2","_elementor_floating_elements_type":null,"_elementor_edit_mode":null,"_elementor_template_type":null,"tc-thumb-fld":{"_thumb_id":5227,"_thumb_type":"thumb"},"_wp_page_template":"default","_elementor_version":null,"_elementor_pro_version":null,"_elementor_page_settings":null,"_elementor_data":null,"_elementor_conditions":null,"_elementor_popup_display_settings":null,"_edit_last":"2","_elementor_template_sub_type":null,"_elementor_controls_usage":null,"_elementor_screenshot":null,"_elementor_css":null,"_elementor_page_assets":[],"_elementor_element_cache":null,"_elementor_screenshot_failed":null,"_elementor_source":null,"_wp_old_date":null,"layout_key":"","post_slider_check_key":"0","_links":{"self":[{"href":"https:\/\/snoeck.de\/fr\/wp-json\/wp\/v2\/product\/3812","targetHints":{"allow":["GET"]}}],"collection":[{"href":"https:\/\/snoeck.de\/fr\/wp-json\/wp\/v2\/product"}],"about":[{"href":"https:\/\/snoeck.de\/fr\/wp-json\/wp\/v2\/types\/product"}],"wp:featuredmedia":[{"embeddable":true,"href":"https:\/\/snoeck.de\/fr\/wp-json\/wp\/v2\/media\/5227"}],"wp:attachment":[{"href":"https:\/\/snoeck.de\/fr\/wp-json\/wp\/v2\/media?parent=3812"}],"wp:term":[{"taxonomy":"product_brand","embeddable":true,"href":"https:\/\/snoeck.de\/fr\/wp-json\/wp\/v2\/product_brand?post=3812"},{"taxonomy":"product_cat","embeddable":true,"href":"https:\/\/snoeck.de\/fr\/wp-json\/wp\/v2\/product_cat?post=3812"},{"taxonomy":"product_tag","embeddable":true,"href":"https:\/\/snoeck.de\/fr\/wp-json\/wp\/v2\/product_tag?post=3812"}],"curies":[{"name":"wp","href":"https:\/\/api.w.org\/{rel}","templated":true}]}}