{"id":3815,"date":"2025-01-31T11:32:50","date_gmt":"2025-01-31T11:32:50","guid":{"rendered":"https:\/\/snoeck.process-vision.de\/shop\/wozu-bilder\/"},"modified":"2026-04-08T14:57:15","modified_gmt":"2026-04-08T13:57:15","slug":"wozu-bilder","status":"publish","type":"product","link":"https:\/\/snoeck.de\/fr\/shop\/wozu-bilder\/","title":{"rendered":"Pourquoi des images ?"},"content":{"rendered":"<h3>Un nouveau regard sur l'histoire de la photographie<\/h3>\n<p>Ce livre sur l'exposition \u00e0 la Villa Merkel \u00e0 Esslingen est une nouveaut\u00e9, il lance pour la premi\u00e8re fois la tentative, \u00e0 partir de photographies historiques prises avant 1920, de laisser derri\u00e8re soi l'approche traditionnelle et de se focaliser sur le contexte fonctionnel respectif. Ces derni\u00e8res ann\u00e9es, il n'y a pas eu de pr\u00e9sentation s\u00e9rieuse de la photographie sans r\u00e9f\u00e9rence \u00e0 son caract\u00e8re documentaire et au \"C'est comme \u00e7a que \u00e7a s'est pass\u00e9\" de Roland Barthes. Oui, m\u00eame pour l'art, un caract\u00e8re documentaire a encore \u00e9t\u00e9 construit l\u00e0 o\u00f9 les illustrations \u00e9taient depuis longtemps d\u00e9j\u00e0 num\u00e9riques ou soumises \u00e0 la manipulation par divers programmes d'images. Ce n'est pas seulement ici qu'il est apparu que la fonction documentaire de l'image est int\u00e9gr\u00e9e dans des domaines d'application extr\u00eamement h\u00e9t\u00e9rog\u00e8nes et souvent surprenants - \u00e0 l'aide d'une photographie, on peut par exemple se souvenir de quelqu'un ou le rechercher par la police. Alors que le d\u00e9veloppement de la photographie contemporaine semble au point mort, il semble logique de rassembler les images en fonction de leur utilisation. Pour cela, il faut bien s\u00fbr d\u00e9crire les modes d'utilisation de mani\u00e8re historiquement pr\u00e9cise et sans aucune domination d'une perspective issue du pr\u00e9sent, et les sonder et les trier d'un point de vue typologique. C'est pr\u00e9cis\u00e9ment ce que fait ce volumineux ouvrage, qui montre les objectifs parfois \u00e9tranges, \u00e9nigmatiques et m\u00eame curieux poursuivis par la photographie au cours de l'histoire. La photographie d'animaux est un exemple des rapports vari\u00e9s et changeants qui peuvent \u00eatre \u00e9tablis par la photographie. Les photos de succ\u00e8s d'\u00e9levage ont longtemps jou\u00e9 un r\u00f4le particulier. Un animal g\u00e9n\u00e9ralement m\u00e2le - \u00e9talon, taureau ou b\u00e9lier - \u00e9tait pr\u00e9sent\u00e9 dans une pose lat\u00e9rale devant un drap blanc, de sorte que ses caract\u00e9ristiques raciales soient particuli\u00e8rement lisibles de profil. Les animaux prim\u00e9s devaient devenir des images pour que les \u00e9leveurs ult\u00e9rieurs puissent s'en inspirer. L'ouvrage contient de nombreux exemples tir\u00e9s du monde de la nature, du monde humain et du monde des artefacts, ce qui en fait un voyage de d\u00e9couverte au cours duquel le monde de la photographie semble se renouveler.<\/p>\n<p>Expositions :<br \/>\nVilla Merkel, Esslingen, 15\/12\/2013 - 16\/2\/2014<br \/>\nMus\u00e9e d'art de Jena, 13\/12\/2014 - 1\/3\/2015<\/p>","protected":false},"excerpt":{"rendered":"<p>Catalogue d'exposition Villa Merkel Exxlingen, \u00e9d. par Andreas Baur, Bernd Stiegler, Felix Th\u00fcrlemann<br \/>\nTextes (all.) S\u00e9minaire de projet Universit\u00e9 de Constance sous la direction de Bernd Stiegler et Felix Th\u00fcrlemann<br \/>\n304 p. avec 250 illustrations en couleur<br \/>\nformat 25 x 23,5 cm, couverture rigide<\/p>","protected":false},"featured_media":5230,"template":"","meta":[],"product_brand":[],"product_cat":[95],"product_tag":[],"class_list":{"0":"post-3815","1":"product","2":"type-product","3":"status-publish","4":"has-post-thumbnail","6":"product_cat-vergriffen","8":"first","9":"outofstock","10":"taxable","11":"shipping-taxable","12":"product-type-simple"},"aioseo_notices":[],"_wp_attached_file":null,"_wp_attachment_metadata":null,"_wc_attachment_source":null,"_elementor_inline_svg":null,"_elementor_is_screenshot":null,"_elementor_source_image_hash":null,"_source_url":null,"_wp_attachment_context":null,"_menu_item_type":null,"_menu_item_menu_item_parent":null,"_menu_item_object_id":null,"_menu_item_object":null,"_menu_item_target":null,"_menu_item_classes":null,"_menu_item_xfn":null,"_menu_item_url":null,"__elementor_forms_snapshot":null,"_unit":"","_unit_base":"","_unit_product":"","_unit_price_auto":"no","_unit_price_regular":"","_unit_price":"","_unit_price_sale":"","_sale_price_label":"","_sale_price_regular_label":"","_manufacturer_slug":"","_mini_desc":"","_defect_description":"","_safety_instructions":"","_allergen_ids":[],"_warranty_attachment_id":"","_safety_attachment_ids":[],"_min_age":"","_ts_gtin":"","_ts_mpn":"","_delivery_time_countries":[],"_free_shipping":"no","_service":"no","_photovoltaic_system":"no","_used_good":"no","_defective_copy":"no","_wireless_electronic_device":"no","_device_contains_power_supply":"no","_device_charging_supports_usb_pd":"no","_device_charging_watt_min":"0","_device_charging_watt_max":"0","_is_food":"no","_differential_taxation":"no","_gzd_version":"3.18.7","_hs_code":"","_customs_description":"","_manufacture_country":"0","_is_non_returnable":"no","_shipping_length":"","_shipping_width":"","_shipping_height":"","_sku":"ISBN 978-3-86442-076-4","_global_unique_id":"978-3-86442-076-4","_regular_price":null,"total_sales":"0","_tax_status":"taxable","_tax_class":"","_manage_stock":"no","_backorders":"no","_sold_individually":"no","_weight":"2","_virtual":"no","_downloadable":"no","_download_limit":"-1","_download_expiry":"-1","_stock":"","_stock_status":"outofstock","_wc_average_rating":"0","_wc_review_count":"0","_product_version":"10.1.4","_price":"","shopengine_product_views_count":"2623","_thumbnail_id":"5230","_product_attributes":{"erscheinungsdatum":{"name":"Date de publication","value":"15.02.2013","position":0,"is_visible":1,"is_variation":0,"is_taxonomy":0,"checkout_visible":0}},"_nutrient_ids":[],"_upsell_ids":null,"pswc_subtitle":null,"_default_delivery_time":"","_wp_desired_post_slug":null,"_isbn":null,"pageType":null,"isExternalUrl":null,"pageId":null,"externalUrl":null,"hideCookieBanner":null,"isTargetBlank":null,"isProviderCurrentWebsite":null,"isEmbeddingOnlyExternalResources":null,"legalBasis":null,"dataProcessingInCountries":null,"dataProcessingInCountriesSpecialTreatments":null,"technicalDefinitions":null,"googleConsentModeConsentTypes":null,"executePriority":null,"executeCodeOptInWhenNoTagManagerConsentIsGiven":null,"executeCodeOptOutWhenNoTagManagerConsentIsGiven":null,"deleteTechnicalDefinitionsAfterOptOut":null,"presetId":null,"presetVersion":null,"provider":null,"providerContactPhone":null,"providerContactEmail":null,"providerContactLink":null,"uniqueName":null,"providerPrivacyPolicyUrl":null,"providerLegalNoticeUrl":null,"codeOptIn":null,"codeOptOut":null,"codeOnPageLoad":null,"language_code":null,"shopengine_template__post_meta__type":null,"shopengine_template__post_meta":null,"shopengine_template__post_meta__edit_with":null,"origin":null,"_enabled":null,"_filters":null,"_layout":null,"_elementor_import_session_id":null,"_wp_trash_meta_status":null,"_wp_trash_meta_time":null,"_edit_lock":"1743234965:2","_elementor_floating_elements_type":null,"_elementor_edit_mode":null,"_elementor_template_type":null,"tc-thumb-fld":{"_thumb_id":5230,"_thumb_type":"thumb"},"_wp_page_template":"default","_elementor_version":null,"_elementor_pro_version":null,"_elementor_page_settings":null,"_elementor_data":null,"_elementor_conditions":null,"_elementor_popup_display_settings":null,"_edit_last":"2","_elementor_template_sub_type":null,"_elementor_controls_usage":null,"_elementor_screenshot":null,"_elementor_css":null,"_elementor_page_assets":[],"_elementor_element_cache":null,"_elementor_screenshot_failed":null,"_elementor_source":null,"_wp_old_date":null,"layout_key":"","post_slider_check_key":"0","_links":{"self":[{"href":"https:\/\/snoeck.de\/fr\/wp-json\/wp\/v2\/product\/3815","targetHints":{"allow":["GET"]}}],"collection":[{"href":"https:\/\/snoeck.de\/fr\/wp-json\/wp\/v2\/product"}],"about":[{"href":"https:\/\/snoeck.de\/fr\/wp-json\/wp\/v2\/types\/product"}],"wp:featuredmedia":[{"embeddable":true,"href":"https:\/\/snoeck.de\/fr\/wp-json\/wp\/v2\/media\/5230"}],"wp:attachment":[{"href":"https:\/\/snoeck.de\/fr\/wp-json\/wp\/v2\/media?parent=3815"}],"wp:term":[{"taxonomy":"product_brand","embeddable":true,"href":"https:\/\/snoeck.de\/fr\/wp-json\/wp\/v2\/product_brand?post=3815"},{"taxonomy":"product_cat","embeddable":true,"href":"https:\/\/snoeck.de\/fr\/wp-json\/wp\/v2\/product_cat?post=3815"},{"taxonomy":"product_tag","embeddable":true,"href":"https:\/\/snoeck.de\/fr\/wp-json\/wp\/v2\/product_tag?post=3815"}],"curies":[{"name":"wp","href":"https:\/\/api.w.org\/{rel}","templated":true}]}}