{"id":3817,"date":"2025-01-31T11:32:51","date_gmt":"2025-01-31T11:32:51","guid":{"rendered":"https:\/\/snoeck.process-vision.de\/shop\/michel-wuerthle-le-cinema-de-la-vie\/"},"modified":"2025-03-29T07:48:49","modified_gmt":"2025-03-29T07:48:49","slug":"michel-wuerthle-le-cinema-de-la-vie","status":"publish","type":"product","link":"https:\/\/snoeck.de\/fr\/shop\/michel-wuerthle-le-cinema-de-la-vie\/","title":{"rendered":"Michel W\u00fcrthle : le cin\u00e9ma de la vie"},"content":{"rendered":"<h3>Hollywood Big Shots<\/h3>\n<p>En 1972, Michel W\u00fcrthle et ses amis Ingrid et Oswald Wiener ont ouvert le restaurant EXIL \u00e0 Kreuzberg. Je ne sais pas pour quelle raison l'EXIL est rapidement devenu le restaurant le plus important de la sc\u00e8ne berlinoise - peut-\u00eatre tout simplement parce que plus d'un artiste exil\u00e9 y \u00e9tait particuli\u00e8rement bien accueilli. C'est l\u00e0, au bord du Landwehrkanal, que se rencontraient des artistes, des acteurs et des metteurs en sc\u00e8ne allemands et \u00e9trangers, sans qu'on leur demande leurs origines ou leurs papiers ; c'est l\u00e0 que s'est op\u00e9r\u00e9e la transformation d'une sc\u00e8ne locale, presque provinciale, en une sc\u00e8ne internationale. L'EXIL est ainsi devenu l'un des lieux les plus int\u00e9ressants et les plus vivants de la ville, permettant \u00e0 Berlin de retrouver sa r\u00e9putation de ville cosmopolite ouverte \u00e0 tous pour les noctambules.<br \/>\nLe cercle d'artistes qui le fr\u00e9quentait \u00e9tait parfois compos\u00e9 de Joseph Beuys, Dieter Roth, G\u00fcnter Brus, Walter Pichler, Richard Hamilton, Eduardo Paolozzi, Georg Baselitz, Markus L\u00fcpertz, Maria Lassnig ou Martin Kippenberger, pour ne parler que de ceux que j'ai pu d\u00e9couvrir parmi les centaines de dessins que W\u00fcrthle a r\u00e9alis\u00e9s en plus de 25 ans. Il entretenait avec eux une sorte de relation professionnelle - la plupart \u00e9taient des amis - parce qu'il ne pouvait \u00e9videmment pas se permettre de ne faire que manger et boire avec eux. W\u00fcrthle dirigeait l'entreprise et veillait \u00e0 ce que tout se passe bien, tout en sachant associer les affaires \u00e0 cette ambiance particuli\u00e8re que l'on recherchait l\u00e0-bas. Nous ne devons en aucun cas oublier que les m\u00e9tiers de la gastronomie font partie des activit\u00e9s les plus \u00e9prouvantes, vraiment \u00e9puisantes. Ce qui n'emp\u00eachait pas W\u00fcrthle d'observer ses clients et de se laisser gagner par la magie de cette client\u00e8le inhabituelle qui - paradoxalement - trouvait dans l'EXIL sa terre promise.<br \/>\nLes affaires sont florissantes. En 1979, W\u00fcrthle vend l'EXIL pour reprendre, avec Reinald Nohal, le PARIS BAR, situ\u00e9 plus au centre, qui devient en un rien de temps le lieu mythique qu'il est encore aujourd'hui. La personnalit\u00e9 de Michel W\u00fcrthle agit comme un aimant. Les meilleurs artistes continuent d'y \u00e9changer boissons et repas contre des \u0153uvres qui tapissent rapidement les murs du sol au plafond. On y va pour voir cette nouvelle caverne d'Alibaba, pour admirer ce caf\u00e9 qui combine le principe de la Colombe d'Or de Saint-Paul de Vence ou de la Kronenhalle de Zurich avec la d\u00e9rision et l'autod\u00e9rision du mouvement punk qui inonde la plan\u00e8te. Le flair punk ne s'effacera jamais compl\u00e8tement du PARIS BAR - une persistance qui laisse perplexe, mais que l'on peut sans doute trouver dans la personnalit\u00e9 de Michel W\u00fcrthle. Il n'est pas seulement un restaurateur professionnel \u00e0 fleur de peau, il est aussi - derri\u00e8re le masque de la modestie, le sourire sinc\u00e8rement g\u00ean\u00e9 - un artiste.<\/p>\n<p>Exposition :<br \/>\nCFA Contemporary Fine Arts, Berlin, 8 - 22\/9\/2018<\/p>","protected":false},"excerpt":{"rendered":"<p>Catalogue d'exposition, Contemporary Fine Arts CFA Berlin<br \/>\nCompil\u00e9 par Fabrice Hergott<br \/>\nTexte (fr.\/all.\/angl.) de Fabrice Hergott<br \/>\n120 pages avec 104 illustrations en noir et blanc et 16 en couleur<br \/>\nformat 25 x 18 cm, couverture souple<\/p>","protected":false},"featured_media":5232,"template":"","meta":[],"product_brand":[],"product_cat":[111,80],"product_tag":[],"class_list":{"0":"post-3817","1":"product","2":"type-product","3":"status-publish","4":"has-post-thumbnail","6":"product_cat-111","7":"product_cat-w","9":"first","10":"instock","11":"taxable","12":"shipping-taxable","13":"purchasable","14":"product-type-simple"},"aioseo_notices":[],"_wp_attached_file":null,"_wp_attachment_metadata":null,"_wc_attachment_source":null,"_elementor_inline_svg":null,"_elementor_is_screenshot":null,"_elementor_source_image_hash":null,"_source_url":null,"_wp_attachment_context":null,"_menu_item_type":null,"_menu_item_menu_item_parent":null,"_menu_item_object_id":null,"_menu_item_object":null,"_menu_item_target":null,"_menu_item_classes":null,"_menu_item_xfn":null,"_menu_item_url":null,"__elementor_forms_snapshot":null,"_unit":"","_unit_base":"","_unit_product":"","_unit_price_auto":"no","_unit_price_regular":"","_unit_price":"","_unit_price_sale":"","_sale_price_label":"","_sale_price_regular_label":"","_manufacturer_slug":"","_mini_desc":"","_defect_description":"","_safety_instructions":"","_allergen_ids":[],"_warranty_attachment_id":"","_safety_attachment_ids":[],"_min_age":"","_ts_gtin":"","_ts_mpn":"","_delivery_time_countries":[],"_free_shipping":"no","_service":"no","_photovoltaic_system":"no","_used_good":"no","_defective_copy":"no","_wireless_electronic_device":"no","_device_contains_power_supply":"no","_device_charging_supports_usb_pd":"no","_device_charging_watt_min":"0","_device_charging_watt_max":"0","_is_food":"no","_differential_taxation":"no","_gzd_version":"3.18.7","_hs_code":"","_customs_description":"","_manufacture_country":"0","_is_non_returnable":"no","_shipping_length":"","_shipping_width":"","_shipping_height":"","_sku":"ISBN 978-3-86442-270-6","_global_unique_id":"978-3-86442-270-6","_regular_price":"20","total_sales":"0","_tax_status":"taxable","_tax_class":"","_manage_stock":"no","_backorders":"no","_sold_individually":"no","_weight":"1","_virtual":"no","_downloadable":"no","_download_limit":"-1","_download_expiry":"-1","_stock":"","_stock_status":"instock","_wc_average_rating":"0","_wc_review_count":"0","_product_version":"9.7.1","_price":"20","shopengine_product_views_count":"2563","_thumbnail_id":"5232","_product_attributes":{"erscheinungsdatum":{"name":"Date de publication","value":"05.09.2018","position":0,"is_visible":1,"is_variation":0,"is_taxonomy":0,"checkout_visible":0}},"_nutrient_ids":[],"_upsell_ids":null,"pswc_subtitle":null,"_default_delivery_time":null,"_wp_desired_post_slug":null,"_isbn":null,"pageType":null,"isExternalUrl":null,"pageId":null,"externalUrl":null,"hideCookieBanner":null,"isTargetBlank":null,"isProviderCurrentWebsite":null,"isEmbeddingOnlyExternalResources":null,"legalBasis":null,"dataProcessingInCountries":null,"dataProcessingInCountriesSpecialTreatments":null,"technicalDefinitions":null,"googleConsentModeConsentTypes":null,"executePriority":null,"executeCodeOptInWhenNoTagManagerConsentIsGiven":null,"executeCodeOptOutWhenNoTagManagerConsentIsGiven":null,"deleteTechnicalDefinitionsAfterOptOut":null,"presetId":null,"presetVersion":null,"provider":null,"providerContactPhone":null,"providerContactEmail":null,"providerContactLink":null,"uniqueName":null,"providerPrivacyPolicyUrl":null,"providerLegalNoticeUrl":null,"codeOptIn":null,"codeOptOut":null,"codeOnPageLoad":null,"language_code":null,"shopengine_template__post_meta__type":null,"shopengine_template__post_meta":null,"shopengine_template__post_meta__edit_with":null,"origin":null,"_enabled":null,"_filters":null,"_layout":null,"_elementor_import_session_id":null,"_wp_trash_meta_status":null,"_wp_trash_meta_time":null,"_edit_lock":"1743234421:2","_elementor_floating_elements_type":null,"_elementor_edit_mode":null,"_elementor_template_type":null,"tc-thumb-fld":{"_thumb_id":5232,"_thumb_type":"thumb"},"_wp_page_template":"default","_elementor_version":null,"_elementor_pro_version":null,"_elementor_page_settings":null,"_elementor_data":null,"_elementor_conditions":null,"_elementor_popup_display_settings":null,"_edit_last":"2","_elementor_template_sub_type":null,"_elementor_controls_usage":null,"_elementor_screenshot":null,"_elementor_css":null,"_elementor_page_assets":[],"_elementor_element_cache":null,"_elementor_screenshot_failed":null,"_elementor_source":null,"_wp_old_date":null,"layout_key":"","post_slider_check_key":"0","_links":{"self":[{"href":"https:\/\/snoeck.de\/fr\/wp-json\/wp\/v2\/product\/3817","targetHints":{"allow":["GET"]}}],"collection":[{"href":"https:\/\/snoeck.de\/fr\/wp-json\/wp\/v2\/product"}],"about":[{"href":"https:\/\/snoeck.de\/fr\/wp-json\/wp\/v2\/types\/product"}],"wp:featuredmedia":[{"embeddable":true,"href":"https:\/\/snoeck.de\/fr\/wp-json\/wp\/v2\/media\/5232"}],"wp:attachment":[{"href":"https:\/\/snoeck.de\/fr\/wp-json\/wp\/v2\/media?parent=3817"}],"wp:term":[{"taxonomy":"product_brand","embeddable":true,"href":"https:\/\/snoeck.de\/fr\/wp-json\/wp\/v2\/product_brand?post=3817"},{"taxonomy":"product_cat","embeddable":true,"href":"https:\/\/snoeck.de\/fr\/wp-json\/wp\/v2\/product_cat?post=3817"},{"taxonomy":"product_tag","embeddable":true,"href":"https:\/\/snoeck.de\/fr\/wp-json\/wp\/v2\/product_tag?post=3817"}],"curies":[{"name":"wp","href":"https:\/\/api.w.org\/{rel}","templated":true}]}}