{"id":3819,"date":"2025-01-31T11:32:52","date_gmt":"2025-01-31T11:32:52","guid":{"rendered":"https:\/\/snoeck.process-vision.de\/shop\/sharon-yaari-the-romantic-trail-and-the-conrecte-house\/"},"modified":"2026-04-08T15:23:11","modified_gmt":"2026-04-08T14:23:11","slug":"sharon-yaari-the-romantic-trail-and-the-conrecte-house","status":"publish","type":"product","link":"https:\/\/snoeck.de\/fr\/shop\/sharon-yaari-the-romantic-trail-and-the-conrecte-house\/","title":{"rendered":"Sharon Ya'ari : Le sentier romantique et la maison concise"},"content":{"rendered":"<h3>Quelles sont les fractures et les fissures qui apparaissent lorsque la vision sociale et le quotidien se rencontrent ?<\/h3>\n<p>Comment les influences formelles et id\u00e9ales se poursuivent-elles dans une autre r\u00e9alit\u00e9 de vie ? C'est \u00e0 ces questions que le photographe isra\u00e9lien Sharon Ya'ari s'int\u00e9resse dans l'exposition qu'il a con\u00e7ue pour Haus Esters et qui est aussi sa premi\u00e8re exposition individuelle en Allemagne. Construites par Ludwig Mies van der Rohe \u00e0 la fin des ann\u00e9es 1920, les maisons Esters et Lange font partie des ic\u00f4nes de l'architecture moderne en Allemagne, auxquelles on peut rattacher les id\u00e9es d'une soci\u00e9t\u00e9 ouverte et tourn\u00e9e vers l'avenir. Depuis que ces anciennes maisons priv\u00e9es sont utilis\u00e9es comme lieux d'exposition pour l'art contemporain, elles inspirent r\u00e9guli\u00e8rement des artistes* qui s'int\u00e9ressent \u00e0 leur atmosph\u00e8re et \u00e0 leur architecture particuli\u00e8res. Sharon Ya'ari renoue avec cette tradition de travail sp\u00e9cifique au lieu en d\u00e9veloppant de nouveaux travaux et s\u00e9ries sur la base de sa propre r\u00e9alit\u00e9 de vie pour Haus Esters. Le point de d\u00e9part de sa recherche de traces photographiques est le lien entre les id\u00e9es du modernisme europ\u00e9en de l'entre-deux-guerres et la tentative de les poursuivre dans le jeune \u00c9tat d'Isra\u00ebl. Il traque l'h\u00e9ritage du langage formel moderniste dans son pays d'origine. Ce faisant, il ne s'int\u00e9resse pas \u00e0 la perspective de la photographie d'architecture, mais \u00e0 la marge, aux reliques du quotidien, aux relations fragiles entre les hommes et les \u00e9l\u00e9ments de leur environnement. Les utopies de la modernit\u00e9 se chevauchent avec l'histoire de ses ruptures et une r\u00e9alit\u00e9 quotidienne conflictuelle d'aujourd'hui. La recherche des traces des grandes visions de la modernit\u00e9 devient ainsi en quelque sorte un miroir des conditions d'existence de l'homme.<\/p>\n<p>Expositions :<br \/>\nMaison Esters\/Mus\u00e9es d'art de Krefeld, 8\/3\/2020 - 21\/3\/2021<br \/>\nOldenburger Kunstverein, 23\/4 - 11\/7\/2021<br \/>\nAssociation artistique de Heilbronn, 23\/7 - 27\/9\/2021<\/p>","protected":false},"excerpt":{"rendered":"<p>Catalogue d'exposition Kunstmuseen Krefeld \/ Haus Esters, \u00e9d. par Magdalena Holzhey<br \/>\nTextes (all.\/ang.) de Markus Heinzelmann, Magdalena Holzhey, Matthia L\u00f6bke<br \/>\n172 p. avec 93 illustrations en couleur et 30 illustrations triplex<br \/>\nformat 27 x 21 cm, brochure \u00e0 rabats<\/p>","protected":false},"featured_media":5234,"template":"","meta":[],"product_brand":[],"product_cat":[95],"product_tag":[],"class_list":{"0":"post-3819","1":"product","2":"type-product","3":"status-publish","4":"has-post-thumbnail","6":"product_cat-vergriffen","8":"first","9":"outofstock","10":"taxable","11":"shipping-taxable","12":"product-type-simple"},"aioseo_notices":[],"_wp_attached_file":null,"_wp_attachment_metadata":null,"_wc_attachment_source":null,"_elementor_inline_svg":null,"_elementor_is_screenshot":null,"_elementor_source_image_hash":null,"_source_url":null,"_wp_attachment_context":null,"_menu_item_type":null,"_menu_item_menu_item_parent":null,"_menu_item_object_id":null,"_menu_item_object":null,"_menu_item_target":null,"_menu_item_classes":null,"_menu_item_xfn":null,"_menu_item_url":null,"__elementor_forms_snapshot":null,"_unit":"","_unit_base":"","_unit_product":"","_unit_price_auto":"no","_unit_price_regular":"","_unit_price":"","_unit_price_sale":"","_sale_price_label":"","_sale_price_regular_label":"","_manufacturer_slug":"","_mini_desc":"","_defect_description":"","_safety_instructions":"","_allergen_ids":[],"_warranty_attachment_id":"","_safety_attachment_ids":[],"_min_age":"","_ts_gtin":"","_ts_mpn":"","_delivery_time_countries":[],"_free_shipping":"no","_service":"no","_photovoltaic_system":"no","_used_good":"no","_defective_copy":"no","_wireless_electronic_device":"no","_device_contains_power_supply":"no","_device_charging_supports_usb_pd":"no","_device_charging_watt_min":"0","_device_charging_watt_max":"0","_is_food":"no","_differential_taxation":"no","_gzd_version":"3.18.7","_hs_code":"","_customs_description":"","_manufacture_country":"0","_is_non_returnable":"no","_shipping_length":"","_shipping_width":"","_shipping_height":"","_sku":"ISBN 978-3-86442-321-5","_global_unique_id":"978-3-86442-321-5","_regular_price":null,"total_sales":"0","_tax_status":"taxable","_tax_class":"","_manage_stock":"no","_backorders":"no","_sold_individually":"no","_weight":"1","_virtual":"no","_downloadable":"no","_download_limit":"-1","_download_expiry":"-1","_stock":"","_stock_status":"outofstock","_wc_average_rating":"0","_wc_review_count":"0","_product_version":"10.1.4","_price":"","shopengine_product_views_count":"2644","_thumbnail_id":"5234","_product_attributes":{"erscheinungsdatum":{"name":"Date de publication","value":"02.11.2020","position":0,"is_visible":1,"is_variation":0,"is_taxonomy":0,"checkout_visible":0}},"_nutrient_ids":[],"_upsell_ids":null,"pswc_subtitle":null,"_default_delivery_time":null,"_wp_desired_post_slug":null,"_isbn":null,"pageType":null,"isExternalUrl":null,"pageId":null,"externalUrl":null,"hideCookieBanner":null,"isTargetBlank":null,"isProviderCurrentWebsite":null,"isEmbeddingOnlyExternalResources":null,"legalBasis":null,"dataProcessingInCountries":null,"dataProcessingInCountriesSpecialTreatments":null,"technicalDefinitions":null,"googleConsentModeConsentTypes":null,"executePriority":null,"executeCodeOptInWhenNoTagManagerConsentIsGiven":null,"executeCodeOptOutWhenNoTagManagerConsentIsGiven":null,"deleteTechnicalDefinitionsAfterOptOut":null,"presetId":null,"presetVersion":null,"provider":null,"providerContactPhone":null,"providerContactEmail":null,"providerContactLink":null,"uniqueName":null,"providerPrivacyPolicyUrl":null,"providerLegalNoticeUrl":null,"codeOptIn":null,"codeOptOut":null,"codeOnPageLoad":null,"language_code":null,"shopengine_template__post_meta__type":null,"shopengine_template__post_meta":null,"shopengine_template__post_meta__edit_with":null,"origin":null,"_enabled":null,"_filters":null,"_layout":null,"_elementor_import_session_id":null,"_wp_trash_meta_status":null,"_wp_trash_meta_time":null,"_edit_lock":"1743234138:2","_elementor_floating_elements_type":null,"_elementor_edit_mode":null,"_elementor_template_type":null,"tc-thumb-fld":{"_thumb_id":5234,"_thumb_type":"thumb"},"_wp_page_template":"default","_elementor_version":null,"_elementor_pro_version":null,"_elementor_page_settings":null,"_elementor_data":null,"_elementor_conditions":null,"_elementor_popup_display_settings":null,"_edit_last":"2","_elementor_template_sub_type":null,"_elementor_controls_usage":null,"_elementor_screenshot":null,"_elementor_css":null,"_elementor_page_assets":[],"_elementor_element_cache":null,"_elementor_screenshot_failed":null,"_elementor_source":null,"_wp_old_date":null,"layout_key":"","post_slider_check_key":"0","_links":{"self":[{"href":"https:\/\/snoeck.de\/fr\/wp-json\/wp\/v2\/product\/3819","targetHints":{"allow":["GET"]}}],"collection":[{"href":"https:\/\/snoeck.de\/fr\/wp-json\/wp\/v2\/product"}],"about":[{"href":"https:\/\/snoeck.de\/fr\/wp-json\/wp\/v2\/types\/product"}],"wp:featuredmedia":[{"embeddable":true,"href":"https:\/\/snoeck.de\/fr\/wp-json\/wp\/v2\/media\/5234"}],"wp:attachment":[{"href":"https:\/\/snoeck.de\/fr\/wp-json\/wp\/v2\/media?parent=3819"}],"wp:term":[{"taxonomy":"product_brand","embeddable":true,"href":"https:\/\/snoeck.de\/fr\/wp-json\/wp\/v2\/product_brand?post=3819"},{"taxonomy":"product_cat","embeddable":true,"href":"https:\/\/snoeck.de\/fr\/wp-json\/wp\/v2\/product_cat?post=3819"},{"taxonomy":"product_tag","embeddable":true,"href":"https:\/\/snoeck.de\/fr\/wp-json\/wp\/v2\/product_tag?post=3819"}],"curies":[{"name":"wp","href":"https:\/\/api.w.org\/{rel}","templated":true}]}}