{"id":3820,"date":"2025-01-31T11:32:53","date_gmt":"2025-01-31T11:32:53","guid":{"rendered":"https:\/\/snoeck.process-vision.de\/shop\/remy-zaugg-der-besondere-ort\/"},"modified":"2025-04-01T09:33:45","modified_gmt":"2025-04-01T09:33:45","slug":"remy-zaugg-der-besondere-ort","status":"publish","type":"product","link":"https:\/\/snoeck.de\/fr\/shop\/remy-zaugg-der-besondere-ort\/","title":{"rendered":"R\u00e9my Zaugg : Le lieu particulier \/ The Particular Place"},"content":{"rendered":"<h3>MAIS MOI \/ LE MONDE \/ JE TE VOIS<\/h3>\n<p>R\u00e9my Zaugg (1943-2005) \u00e9tait un artiste d'envergure internationale vivant et travaillant \u00e0 B\u00e2le et \u00e0 Mulhouse. Il \u00e9tait peintre \u00e0 ses propres yeux, mais ne se limitait pas \u00e0 la production d'images. Il a plut\u00f4t g\u00e9n\u00e9r\u00e9, \u00e0 partir de sa pratique picturale, des hypoth\u00e8ses g\u00e9n\u00e9rales pour une compr\u00e9hension processuelle de l'\u0153uvre qui lui permettait d'envisager les contextes spatiaux, architecturaux et urbains d'une mani\u00e8re nouvelle et inhabituelle. En cons\u00e9quence, l'homme percevant en tant que membre de la soci\u00e9t\u00e9 \u00e9tait toujours au centre de ses r\u00e9flexions - toutes ses hypoth\u00e8ses esth\u00e9tiques aboutissaient \u00e0 l'id\u00e9e \u00e9mancipatrice du sujet \"en devenir\". Outre sa vaste \u0153uvre picturale et \u00e9crite, ses activit\u00e9s et projets pour et dans l'espace public sont donc essentiels pour comprendre la position artistique particuli\u00e8re de R\u00e9my Zaugg. C'est \u00e0 cette th\u00e9matique socialement pertinente qu'est consacr\u00e9 ce livre, qui documente tous les projets de l'artiste, r\u00e9alis\u00e9s ou non, dans ce domaine et se concentre en particulier sur les points forts suivants de son \u0153uvre : l'architecture mus\u00e9ale (ici surtout la collaboration avec Herzog &amp; de Meuron), les expositions avec des \u0153uvres d'autres artistes, l'art dans l'espace public ainsi que son int\u00e9r\u00eat pour la m\u00e9thodologie artistique, la coop\u00e9ration et la notion d'\u0153uvre, qui allie th\u00e9orie et pratique. L'artiste \u00e9tait ami avec Herzog &amp; de Meuron et a \u00e9galement collabor\u00e9 avec eux sur des questions d'urbanisme. Jacques Herzog conclut l'interview informative de Gerhard Mack avec les deux architectes, en se r\u00e9f\u00e9rant \u00e0 l'espace que les deux ont acquis de R\u00e9my Zaugg pour leur collection d'art : \"C'est tout simplement beau qu'il soit pr\u00e8s de nous et qu'il ait encore un rayonnement lorsque nous ne serons plus l\u00e0 nous-m\u00eames. En ce sens, c'est aussi un hommage : un lieu o\u00f9 R\u00e9my est pr\u00e9sent. Mais en m\u00eame temps, cet espace, avec toute son histoire complexe, nous renvoie aussi \u00e0 nous, c'est comme une sorte de cl\u00e9 pour notre propre travail\".<\/p>","protected":false},"excerpt":{"rendered":"<p>Pour l'association des amis de R\u00e9my Zaugg, \u00e9dit\u00e9 par Eva Schmidt<br \/>\nTextes (all.\/ang.) de Simon Baur, Dorothea Braun et Conradin Weder, Mathilde de Croix, Corinne Diserens, Christoph Doswald, Roman Kurzmeyer, Gerhad Mack, Hans Rudolf Reust, Jean-Christoph Royoux, Hinrich Sachs, Eva Schmidt, Nicole Seeberger, entretiens avec Jacques Herzog et Pierre de Meuron par Gerhard Mack, avec Adrian Schiess par Ulrich Loock, avec Jean-Damien Colling par Franck Gautherot<br \/>\n480 p. avec 420 illustrations en couleur.<br \/>\nformat 29,5 x 23 cm, couverture souple<\/p>","protected":false},"featured_media":5235,"template":"","meta":[],"product_brand":[],"product_cat":[86,83],"product_tag":[],"class_list":{"0":"post-3820","1":"product","2":"type-product","3":"status-publish","4":"has-post-thumbnail","6":"product_cat-86","7":"product_cat-z","9":"first","10":"instock","11":"taxable","12":"shipping-taxable","13":"purchasable","14":"product-type-simple"},"aioseo_notices":[],"_wp_attached_file":null,"_wp_attachment_metadata":null,"_wc_attachment_source":null,"_elementor_inline_svg":null,"_elementor_is_screenshot":null,"_elementor_source_image_hash":null,"_source_url":null,"_wp_attachment_context":null,"_menu_item_type":null,"_menu_item_menu_item_parent":null,"_menu_item_object_id":null,"_menu_item_object":null,"_menu_item_target":null,"_menu_item_classes":null,"_menu_item_xfn":null,"_menu_item_url":null,"__elementor_forms_snapshot":null,"_unit":"","_unit_base":"","_unit_product":"","_unit_price_auto":"no","_unit_price_regular":"","_unit_price":"","_unit_price_sale":"","_sale_price_label":"","_sale_price_regular_label":"","_manufacturer_slug":"","_mini_desc":"","_defect_description":"","_safety_instructions":"","_allergen_ids":[],"_warranty_attachment_id":"","_safety_attachment_ids":[],"_min_age":"","_ts_gtin":"","_ts_mpn":"","_delivery_time_countries":[],"_free_shipping":"no","_service":"no","_photovoltaic_system":"no","_used_good":"no","_defective_copy":"no","_wireless_electronic_device":"no","_device_contains_power_supply":"no","_device_charging_supports_usb_pd":"no","_device_charging_watt_min":"0","_device_charging_watt_max":"0","_is_food":"no","_differential_taxation":"no","_gzd_version":"3.18.7","_hs_code":"","_customs_description":"","_manufacture_country":"0","_is_non_returnable":"no","_shipping_length":"","_shipping_width":"","_shipping_height":"","_sku":"ISBN 978-3-86442-367-3","_global_unique_id":"978-3-86442-367-3","_regular_price":"78","total_sales":"0","_tax_status":"taxable","_tax_class":"","_manage_stock":"no","_backorders":"no","_sold_individually":"no","_weight":"2","_virtual":"no","_downloadable":"no","_download_limit":"-1","_download_expiry":"-1","_stock":"","_stock_status":"instock","_wc_average_rating":"0","_wc_review_count":"0","_product_version":"9.7.1","_price":"78","shopengine_product_views_count":"2726","_thumbnail_id":"5235","_product_attributes":{"erscheinungsdatum":{"name":"Date de publication","value":"03.11.2022","position":0,"is_visible":1,"is_variation":0,"is_taxonomy":0,"checkout_visible":0}},"_nutrient_ids":[],"_upsell_ids":null,"pswc_subtitle":null,"_default_delivery_time":null,"_wp_desired_post_slug":null,"_isbn":null,"pageType":null,"isExternalUrl":null,"pageId":null,"externalUrl":null,"hideCookieBanner":null,"isTargetBlank":null,"isProviderCurrentWebsite":null,"isEmbeddingOnlyExternalResources":null,"legalBasis":null,"dataProcessingInCountries":null,"dataProcessingInCountriesSpecialTreatments":null,"technicalDefinitions":null,"googleConsentModeConsentTypes":null,"executePriority":null,"executeCodeOptInWhenNoTagManagerConsentIsGiven":null,"executeCodeOptOutWhenNoTagManagerConsentIsGiven":null,"deleteTechnicalDefinitionsAfterOptOut":null,"presetId":null,"presetVersion":null,"provider":null,"providerContactPhone":null,"providerContactEmail":null,"providerContactLink":null,"uniqueName":null,"providerPrivacyPolicyUrl":null,"providerLegalNoticeUrl":null,"codeOptIn":null,"codeOptOut":null,"codeOnPageLoad":null,"language_code":null,"shopengine_template__post_meta__type":null,"shopengine_template__post_meta":null,"shopengine_template__post_meta__edit_with":null,"origin":null,"_enabled":null,"_filters":null,"_layout":null,"_elementor_import_session_id":null,"_wp_trash_meta_status":null,"_wp_trash_meta_time":null,"_edit_lock":"1743501609:1","_elementor_floating_elements_type":null,"_elementor_edit_mode":null,"_elementor_template_type":null,"tc-thumb-fld":{"_thumb_id":5235,"_thumb_type":"thumb"},"_wp_page_template":"default","_elementor_version":null,"_elementor_pro_version":null,"_elementor_page_settings":null,"_elementor_data":null,"_elementor_conditions":null,"_elementor_popup_display_settings":null,"_edit_last":"1","_elementor_template_sub_type":null,"_elementor_controls_usage":null,"_elementor_screenshot":null,"_elementor_css":null,"_elementor_page_assets":[],"_elementor_element_cache":null,"_elementor_screenshot_failed":null,"_elementor_source":null,"_wp_old_date":null,"layout_key":"","post_slider_check_key":"0","_links":{"self":[{"href":"https:\/\/snoeck.de\/fr\/wp-json\/wp\/v2\/product\/3820","targetHints":{"allow":["GET"]}}],"collection":[{"href":"https:\/\/snoeck.de\/fr\/wp-json\/wp\/v2\/product"}],"about":[{"href":"https:\/\/snoeck.de\/fr\/wp-json\/wp\/v2\/types\/product"}],"wp:featuredmedia":[{"embeddable":true,"href":"https:\/\/snoeck.de\/fr\/wp-json\/wp\/v2\/media\/5235"}],"wp:attachment":[{"href":"https:\/\/snoeck.de\/fr\/wp-json\/wp\/v2\/media?parent=3820"}],"wp:term":[{"taxonomy":"product_brand","embeddable":true,"href":"https:\/\/snoeck.de\/fr\/wp-json\/wp\/v2\/product_brand?post=3820"},{"taxonomy":"product_cat","embeddable":true,"href":"https:\/\/snoeck.de\/fr\/wp-json\/wp\/v2\/product_cat?post=3820"},{"taxonomy":"product_tag","embeddable":true,"href":"https:\/\/snoeck.de\/fr\/wp-json\/wp\/v2\/product_tag?post=3820"}],"curies":[{"name":"wp","href":"https:\/\/api.w.org\/{rel}","templated":true}]}}