{"id":3824,"date":"2025-01-31T11:32:56","date_gmt":"2025-01-31T11:32:56","guid":{"rendered":"https:\/\/snoeck.process-vision.de\/shop\/zeitmaschine-balthus-eine-berliner-sammlung\/"},"modified":"2026-04-08T15:30:25","modified_gmt":"2026-04-08T14:30:25","slug":"zeitmaschine-balthus-eine-berliner-sammlung","status":"publish","type":"product","link":"https:\/\/snoeck.de\/fr\/shop\/zeitmaschine-balthus-eine-berliner-sammlung\/","title":{"rendered":"La machine \u00e0 remonter le temps Balthus - Une collection berlinoise"},"content":{"rendered":"<h3>Au d\u00e9part, la collection n'\u00e9tait pas pr\u00e9vue comme telle<\/h3>\n<p>\"Au d\u00e9but, comme c'est le cas pour la plupart des collections, la collection n'\u00e9tait pas pr\u00e9vue en tant que telle. Il s'agissait de s'occuper et de s'entourer de choses inconnues et incompr\u00e9hensibles. Il s'agissait de la fascination de l'artisanat et de donner de l'espace \u00e0 cette fascination dans sa propre maison, afin de rester conscient de l'attrait permanent de la vie. Le collectionneur a fait appel aux profondeurs de l'inconscient, de la philosophie et de la technique picturale, et il a ainsi fait entrer le Berlin sauvage et agit\u00e9 entre ses quatre murs. Partons \u00e0 la recherche des traces de cette collection, suivons les diff\u00e9rents narrateurs (peu) fiables. Que ces narrateurs soient des collectionneurs, des galeristes, des auteurs ou des spectateurs, ce qui reste, ce sont leurs histoires. Des histoires d'expositions d'un jour pour les pr\u00e9tendants au tr\u00f4ne danois, suivies d'un festin, ou de tableaux \u00e0 peine termin\u00e9s pour l'exposition, mais qui n'ont pas pu \u00eatre publi\u00e9s dans le catalogue de l'exposition - pour cause de d\u00e9lai r\u00e9dactionnel. Des histoires de tableaux qui, apr\u00e8s avoir \u00e9t\u00e9 achet\u00e9s pour son propre appartement, disparaissent pendant des ann\u00e9es dans les mus\u00e9es, de f\u00eates somptueuses apr\u00e8s et avant les inaugurations, tout simplement ... La m\u00e9taphysique de l'art est intemporelle et, pour cette raison m\u00eame, une machine \u00e0 remonter le temps, alors que les \u0153uvres d'art individuelles ne le sont pas. Elles sont toujours l'expression d'une \u00e9poque, qu'elles le veuillent ou non, et racontent donc aussi l'histoire de leur temps : l'histoire de leur cr\u00e9ation, l'histoire d'une exposition, l'histoire d'une collection, l'histoire d'un prix. Cette collection raconte elle aussi une histoire contemporaine particuli\u00e8re. Si l'on veut \u00e0 nouveau suivre une narratrice peu fiable, cette collection raconte le Berlin des ann\u00e9es 1990 et 2000, o\u00f9 tant de choses \u00e9taient possibles parce qu'il y avait de grands espaces pour peu d'argent. La collection parle justement aussi des galeries d'arri\u00e8re-cour, des espaces de projets improvis\u00e9s qui sont devenus plus tard des institutions et du 'Club Berlin', qui r\u00e9unissait les f\u00eates et l'art, la techno et la politique\". Katharina Hajek<\/p>\n<p>Artistes :<br \/>\nJohn Baldessari, Carol Bove, Louise Bourgeois, Marc Bradford, Nathalie Djurberg, Marlene Dumas, Marcel Eichner, G\u00fcnther F\u00f6rg, Theaster Gates, Adrian Ghenie, Nan Goldin, Thomas Hirschhorn, Jenny Holzer, Thomas Houseago, Mike Kelley, Martin Kippenberger, Sherrie Levine, Jonathan Meese, Gabriele Orozco, Rymond Pettibon, Sigmar Polke, Richard Prince, Janne R\u00e4is\u00e4nen, Anselm Reyle, Jason Rhoades, Daniel Richter, Gerhard Richter, Gregor Schneider, Dana Schutz, Cindy Sherman, Dash Snow, Philip Taaffe, Tal R, Kara Walker, Wawrzyniec Tokarski, David Weiss &amp; Peter Fischli, Rachel Whiteread, Marlon Wobst<\/p>","protected":false},"excerpt":{"rendered":"<p>Catalogue d'exposition Contemporary Fine Arts CFA Berlin, \u00e9dit\u00e9 par Bruno Brunet et Nicole Hackert<br \/>\nTextes (all.\/ang.) de Katharina Hajek, Dana \u017daja, un entretien entre Marius Babias, Bruno Brunett et Reinhard K\u00f6rner<br \/>\n144 p. avec 70 illustrations en couleur<br \/>\nformat 28 x 20 cm, couverture souple<\/p>","protected":false},"featured_media":5239,"template":"","meta":[],"product_brand":[],"product_cat":[95],"product_tag":[],"class_list":{"0":"post-3824","1":"product","2":"type-product","3":"status-publish","4":"has-post-thumbnail","6":"product_cat-vergriffen","8":"first","9":"outofstock","10":"taxable","11":"shipping-taxable","12":"product-type-simple"},"aioseo_notices":[],"_wp_attached_file":null,"_wp_attachment_metadata":null,"_wc_attachment_source":null,"_elementor_inline_svg":null,"_elementor_is_screenshot":null,"_elementor_source_image_hash":null,"_source_url":null,"_wp_attachment_context":null,"_menu_item_type":null,"_menu_item_menu_item_parent":null,"_menu_item_object_id":null,"_menu_item_object":null,"_menu_item_target":null,"_menu_item_classes":null,"_menu_item_xfn":null,"_menu_item_url":null,"__elementor_forms_snapshot":null,"_unit":"","_unit_base":"","_unit_product":"","_unit_price_auto":"no","_unit_price_regular":"","_unit_price":"","_unit_price_sale":"","_sale_price_label":"","_sale_price_regular_label":"","_manufacturer_slug":"","_mini_desc":"","_defect_description":"","_safety_instructions":"","_allergen_ids":[],"_warranty_attachment_id":"","_safety_attachment_ids":[],"_min_age":"","_ts_gtin":"","_ts_mpn":"","_delivery_time_countries":[],"_free_shipping":"no","_service":"no","_photovoltaic_system":"no","_used_good":"no","_defective_copy":"no","_wireless_electronic_device":"no","_device_contains_power_supply":"no","_device_charging_supports_usb_pd":"no","_device_charging_watt_min":"0","_device_charging_watt_max":"0","_is_food":"no","_differential_taxation":"no","_gzd_version":"3.18.7","_hs_code":"","_customs_description":"","_manufacture_country":"0","_is_non_returnable":"no","_shipping_length":"","_shipping_width":"","_shipping_height":"","_sku":"ISBN 978-3-86442-394-0","_global_unique_id":"978-3-86442-394-0","_regular_price":null,"total_sales":"0","_tax_status":"taxable","_tax_class":"","_manage_stock":"no","_backorders":"no","_sold_individually":"no","_weight":"1","_virtual":"no","_downloadable":"no","_download_limit":"-1","_download_expiry":"-1","_stock":"","_stock_status":"outofstock","_wc_average_rating":"0","_wc_review_count":"0","_product_version":"10.1.4","_price":"","shopengine_product_views_count":"2594","_thumbnail_id":"5239","_product_attributes":{"erscheinungsdatum":{"name":"Erscheinungsdatum","value":"25.11.2022","position":0,"is_visible":1,"is_variation":0,"is_taxonomy":0,"checkout_visible":0}},"_nutrient_ids":[],"_upsell_ids":null,"pswc_subtitle":null,"_default_delivery_time":null,"_wp_desired_post_slug":null,"_isbn":null,"pageType":null,"isExternalUrl":null,"pageId":null,"externalUrl":null,"hideCookieBanner":null,"isTargetBlank":null,"isProviderCurrentWebsite":null,"isEmbeddingOnlyExternalResources":null,"legalBasis":null,"dataProcessingInCountries":null,"dataProcessingInCountriesSpecialTreatments":null,"technicalDefinitions":null,"googleConsentModeConsentTypes":null,"executePriority":null,"executeCodeOptInWhenNoTagManagerConsentIsGiven":null,"executeCodeOptOutWhenNoTagManagerConsentIsGiven":null,"deleteTechnicalDefinitionsAfterOptOut":null,"presetId":null,"presetVersion":null,"provider":null,"providerContactPhone":null,"providerContactEmail":null,"providerContactLink":null,"uniqueName":null,"providerPrivacyPolicyUrl":null,"providerLegalNoticeUrl":null,"codeOptIn":null,"codeOptOut":null,"codeOnPageLoad":null,"language_code":null,"shopengine_template__post_meta__type":null,"shopengine_template__post_meta":null,"shopengine_template__post_meta__edit_with":null,"origin":null,"_enabled":null,"_filters":null,"_layout":null,"_elementor_import_session_id":null,"_wp_trash_meta_status":null,"_wp_trash_meta_time":null,"_edit_lock":"1743233163:2","_elementor_floating_elements_type":null,"_elementor_edit_mode":null,"_elementor_template_type":null,"tc-thumb-fld":{"_thumb_id":5239,"_thumb_type":"thumb"},"_wp_page_template":"default","_elementor_version":null,"_elementor_pro_version":null,"_elementor_page_settings":null,"_elementor_data":null,"_elementor_conditions":null,"_elementor_popup_display_settings":null,"_edit_last":"2","_elementor_template_sub_type":null,"_elementor_controls_usage":null,"_elementor_screenshot":null,"_elementor_css":null,"_elementor_page_assets":[],"_elementor_element_cache":null,"_elementor_screenshot_failed":null,"_elementor_source":null,"_wp_old_date":null,"layout_key":"","post_slider_check_key":"0","_links":{"self":[{"href":"https:\/\/snoeck.de\/fr\/wp-json\/wp\/v2\/product\/3824","targetHints":{"allow":["GET"]}}],"collection":[{"href":"https:\/\/snoeck.de\/fr\/wp-json\/wp\/v2\/product"}],"about":[{"href":"https:\/\/snoeck.de\/fr\/wp-json\/wp\/v2\/types\/product"}],"wp:featuredmedia":[{"embeddable":true,"href":"https:\/\/snoeck.de\/fr\/wp-json\/wp\/v2\/media\/5239"}],"wp:attachment":[{"href":"https:\/\/snoeck.de\/fr\/wp-json\/wp\/v2\/media?parent=3824"}],"wp:term":[{"taxonomy":"product_brand","embeddable":true,"href":"https:\/\/snoeck.de\/fr\/wp-json\/wp\/v2\/product_brand?post=3824"},{"taxonomy":"product_cat","embeddable":true,"href":"https:\/\/snoeck.de\/fr\/wp-json\/wp\/v2\/product_cat?post=3824"},{"taxonomy":"product_tag","embeddable":true,"href":"https:\/\/snoeck.de\/fr\/wp-json\/wp\/v2\/product_tag?post=3824"}],"curies":[{"name":"wp","href":"https:\/\/api.w.org\/{rel}","templated":true}]}}