{"id":3826,"date":"2025-01-31T11:32:57","date_gmt":"2025-01-31T11:32:57","guid":{"rendered":"https:\/\/snoeck.process-vision.de\/shop\/josef-zekoff-paradise\/"},"modified":"2025-03-29T07:23:41","modified_gmt":"2025-03-29T07:23:41","slug":"josef-zekoff-paradise","status":"publish","type":"product","link":"https:\/\/snoeck.de\/fr\/shop\/josef-zekoff-paradise\/","title":{"rendered":"Josef Zekoff : Paradise"},"content":{"rendered":"<h3>Les paradis perdus<\/h3>\n<p>L'absence de visage des protagonistes dans les tableaux de Josef Zekoff est l'une de leurs caract\u00e9ristiques les plus remarquables. Qu'il s'agisse de labyrinthes en forme de signes - il peint \u00e9galement des ornements et des cartes g\u00e9ographiques - ou de bonshommes au trait dessin\u00e9s, l'espace interm\u00e9diaire qu'occupent ces tableaux invite \u00e0 l'autor\u00e9flexion, pour laquelle le spectateur doit toutefois faire preuve de courage. Ou comme l'\u00e9crit Florian Waldvogel dans son texte d'introduction : \"Les protagonistes de ses images cherchent-ils \u00e0 rencontrer quelque chose qui d\u00e9passe le monde des objets et des grandeurs fixes ? S'agit-il, comme l'\u00e9crit Martin Heidegger dans 'Was ist Metaphysik?', d'une rencontre avec le 'n\u00e9ant' dans l''angoisse' ? La confrontation avec le 'rien' dans les images de Zekoff renvoie-t-elle \u00e0 notre angoisse face \u00e0 l'absence de sens originel du monde, au fait que c'est le Dasein qui attribue les significations aux choses\" ? Selon Heidegger, la mondanit\u00e9 du monde r\u00e9side dans ce vide, et les personnages de Zekoff, contrairement aux spectateurs, ne ressentent pas la peur du n\u00e9ant. Mais comme dans la trag\u00e9die jacobine, la peur a besoin de la conscience de la perte pour pouvoir survivre. Selon Marcel Proust, conclut Florian Waldvogel, les vrais paradis sont ceux qui ont \u00e9t\u00e9 perdus.<\/p>\n<p>Exposition :<br \/>\nCFA Contemporary Fine Arts Berlin, 1\/7 - 5\/8\/2023<\/p>","protected":false},"excerpt":{"rendered":"<p>Catalogue d'exposition Contemporary Fine Arts CFA Berlin, \u00e9dit\u00e9 par Bruno Brunnet et Nicole Hackert<br \/>\nTexte (all.\/ang.) de Florian Waldvogel<br \/>\n28 p. avec 18 illustrations en couleur<br \/>\nformat 28 x 20 cm, cahier agraf\u00e9<\/p>","protected":false},"featured_media":5241,"template":"","meta":[],"product_brand":[],"product_cat":[87,83],"product_tag":[],"class_list":{"0":"post-3826","1":"product","2":"type-product","3":"status-publish","4":"has-post-thumbnail","6":"product_cat-87","7":"product_cat-z","9":"first","10":"instock","11":"taxable","12":"shipping-taxable","13":"purchasable","14":"product-type-simple"},"aioseo_notices":[],"_wp_attached_file":null,"_wp_attachment_metadata":null,"_wc_attachment_source":null,"_elementor_inline_svg":null,"_elementor_is_screenshot":null,"_elementor_source_image_hash":null,"_source_url":null,"_wp_attachment_context":null,"_menu_item_type":null,"_menu_item_menu_item_parent":null,"_menu_item_object_id":null,"_menu_item_object":null,"_menu_item_target":null,"_menu_item_classes":null,"_menu_item_xfn":null,"_menu_item_url":null,"__elementor_forms_snapshot":null,"_unit":"","_unit_base":"","_unit_product":"","_unit_price_auto":"no","_unit_price_regular":"","_unit_price":"","_unit_price_sale":"","_sale_price_label":"","_sale_price_regular_label":"","_manufacturer_slug":"","_mini_desc":"","_defect_description":"","_safety_instructions":"","_allergen_ids":[],"_warranty_attachment_id":"","_safety_attachment_ids":[],"_min_age":"","_ts_gtin":"","_ts_mpn":"","_delivery_time_countries":[],"_free_shipping":"no","_service":"no","_photovoltaic_system":"no","_used_good":"no","_defective_copy":"no","_wireless_electronic_device":"no","_device_contains_power_supply":"no","_device_charging_supports_usb_pd":"no","_device_charging_watt_min":"0","_device_charging_watt_max":"0","_is_food":"no","_differential_taxation":"no","_gzd_version":"3.18.7","_hs_code":"","_customs_description":"","_manufacture_country":"0","_is_non_returnable":"no","_shipping_length":"","_shipping_width":"","_shipping_height":"","_sku":"ISBN 978-3-86442-428-1","_global_unique_id":"978-3-86442-428-1","_regular_price":"19.8","total_sales":"0","_tax_status":"taxable","_tax_class":"","_manage_stock":"no","_backorders":"no","_sold_individually":"no","_weight":"1","_virtual":"no","_downloadable":"no","_download_limit":"-1","_download_expiry":"-1","_stock":"","_stock_status":"instock","_wc_average_rating":"0","_wc_review_count":"0","_product_version":"9.7.1","_price":"19.8","shopengine_product_views_count":"2921","_thumbnail_id":"5241","_product_attributes":{"erscheinungsdatum":{"name":"Date de publication","value":"30.06.2023","position":0,"is_visible":1,"is_variation":0,"is_taxonomy":0,"checkout_visible":0}},"_nutrient_ids":[],"_upsell_ids":null,"pswc_subtitle":null,"_default_delivery_time":null,"_wp_desired_post_slug":null,"_isbn":null,"pageType":null,"isExternalUrl":null,"pageId":null,"externalUrl":null,"hideCookieBanner":null,"isTargetBlank":null,"isProviderCurrentWebsite":null,"isEmbeddingOnlyExternalResources":null,"legalBasis":null,"dataProcessingInCountries":null,"dataProcessingInCountriesSpecialTreatments":null,"technicalDefinitions":null,"googleConsentModeConsentTypes":null,"executePriority":null,"executeCodeOptInWhenNoTagManagerConsentIsGiven":null,"executeCodeOptOutWhenNoTagManagerConsentIsGiven":null,"deleteTechnicalDefinitionsAfterOptOut":null,"presetId":null,"presetVersion":null,"provider":null,"providerContactPhone":null,"providerContactEmail":null,"providerContactLink":null,"uniqueName":null,"providerPrivacyPolicyUrl":null,"providerLegalNoticeUrl":null,"codeOptIn":null,"codeOptOut":null,"codeOnPageLoad":null,"language_code":null,"shopengine_template__post_meta__type":null,"shopengine_template__post_meta":null,"shopengine_template__post_meta__edit_with":null,"origin":null,"_enabled":null,"_filters":null,"_layout":null,"_elementor_import_session_id":null,"_wp_trash_meta_status":null,"_wp_trash_meta_time":null,"_edit_lock":"1743232933:2","_elementor_floating_elements_type":null,"_elementor_edit_mode":null,"_elementor_template_type":null,"tc-thumb-fld":{"_thumb_id":5241,"_thumb_type":"thumb"},"_wp_page_template":"default","_elementor_version":null,"_elementor_pro_version":null,"_elementor_page_settings":null,"_elementor_data":null,"_elementor_conditions":null,"_elementor_popup_display_settings":null,"_edit_last":"2","_elementor_template_sub_type":null,"_elementor_controls_usage":null,"_elementor_screenshot":null,"_elementor_css":null,"_elementor_page_assets":[],"_elementor_element_cache":null,"_elementor_screenshot_failed":null,"_elementor_source":null,"_wp_old_date":null,"layout_key":"","post_slider_check_key":"0","_links":{"self":[{"href":"https:\/\/snoeck.de\/fr\/wp-json\/wp\/v2\/product\/3826","targetHints":{"allow":["GET"]}}],"collection":[{"href":"https:\/\/snoeck.de\/fr\/wp-json\/wp\/v2\/product"}],"about":[{"href":"https:\/\/snoeck.de\/fr\/wp-json\/wp\/v2\/types\/product"}],"wp:featuredmedia":[{"embeddable":true,"href":"https:\/\/snoeck.de\/fr\/wp-json\/wp\/v2\/media\/5241"}],"wp:attachment":[{"href":"https:\/\/snoeck.de\/fr\/wp-json\/wp\/v2\/media?parent=3826"}],"wp:term":[{"taxonomy":"product_brand","embeddable":true,"href":"https:\/\/snoeck.de\/fr\/wp-json\/wp\/v2\/product_brand?post=3826"},{"taxonomy":"product_cat","embeddable":true,"href":"https:\/\/snoeck.de\/fr\/wp-json\/wp\/v2\/product_cat?post=3826"},{"taxonomy":"product_tag","embeddable":true,"href":"https:\/\/snoeck.de\/fr\/wp-json\/wp\/v2\/product_tag?post=3826"}],"curies":[{"name":"wp","href":"https:\/\/api.w.org\/{rel}","templated":true}]}}