{"id":3827,"date":"2025-01-31T11:32:58","date_gmt":"2025-01-31T11:32:58","guid":{"rendered":"https:\/\/snoeck.process-vision.de\/shop\/ralf-ziervogel-as-if\/"},"modified":"2025-03-30T13:54:33","modified_gmt":"2025-03-30T13:54:33","slug":"ralf-ziervogel-as-if","status":"publish","type":"product","link":"https:\/\/snoeck.de\/fr\/shop\/ralf-ziervogel-as-if\/","title":{"rendered":"Ralf Ziervogel : Comme si"},"content":{"rendered":"<h3>AS IF<\/h3>\n<p>Des motifs sensationnels s'\u00e9tendent sur les bandes de papier de Ralf Ziervogel (*1975), qui peuvent mesurer jusqu'\u00e0 dix m\u00e8tres : sans dessin pr\u00e9paratoire, il r\u00e9alise des dessins \u00e0 l'encre qui montrent des personnages de la taille de la paume de la main dans des situations physiques extr\u00eames : ils sont ligot\u00e9s, enchev\u00eatr\u00e9s et nou\u00e9s. Des dessins fins et complexes s'int\u00e9ressent principalement aux corps humains, qui s'enfoncent dans la monochromie ou se fondent dans des entrelacs ornementaux. Dans l'\u0153uvre de Ralf Ziervogel, les corps humains deviennent des \u00eatres hybrides et fi\u00e9vreux, qui subissent toutes les m\u00e9tamorphoses imaginables de l'\u00eatre et se heurtent ainsi aux limites de l'existence physique. Depuis 2014, il travaille d\u00e9sormais sur un cycle d'impressions o\u00f9 il met en forme, \u00e0 l'aide de la technique de la gouache noire, des empreintes fragmentaires sur des feuilles pouvant atteindre cinq m\u00e8tres de diam\u00e8tre, cr\u00e9ant ainsi des corps dynamiques totalement in\u00e9dits. Chaque mouvement, chaque pression et chaque effacement sur le papier est accompagn\u00e9 de textes manuscrits qu'il a lui-m\u00eame r\u00e9dig\u00e9s et qu'il tend comme une grande toile d'araign\u00e9e sur les empreintes noires, parvenant ainsi \u00e0 un deuxi\u00e8me niveau. Ses nouvelles \u0153uvres semblent plus abstraites que les travaux sensationnels avec lesquels il a fait sensation il y a dix ans, elles semblent \u00e9galement s'orienter vers un langage formel minimaliste par lequel l'artiste formule un couple d'oppos\u00e9s qui n'est pas au d\u00e9but de sa cr\u00e9ation : Mouvement et repos. L'\u0153uvre de Ralf Ziervogel, qui a \u00e9t\u00e9 tr\u00e8s remarqu\u00e9e par le public \u00e0 la Biennale d'art et d'architecture de Venise, \u00e0 la Kunsthalle de Vienne, au Museum of Modern Art de New York et au Modern Art Museum de Fort Worth\/Texas, \u00e0 la Kunsthalle de D\u00fcsseldorf, \u00e0 la Deste Foundation d'Ath\u00e8nes, \u00e0 la maison rouge de Paris et \u00e0 la Pinakothek der Moderne de Munich, est d\u00e9sormais pr\u00e9sent\u00e9e sur trois \u00e9tages avec plus de 200 \u0153uvres par les Deichtorhallen de Hambourg dans la collection Falckenberg de Hambourg-Harburg. L'ouvrage peut \u00eatre consid\u00e9r\u00e9 comme la pr\u00e9sentation la plus compl\u00e8te \u00e0 ce jour de l'\u0153uvre de ce dessinateur de g\u00e9nie.<\/p>\n<p>Exposition :<br \/>\nDeichtorhallen Hamburg \/ Collection Falckenberg Hambourg-Harburg, 29\/9\/2018 - 27\/1\/2019<br \/>\n(prolong\u00e9 jusqu'au 17 mars 2019)<\/p>","protected":false},"excerpt":{"rendered":"<p>Catalogue d'exposition Deichtorhallen Hamburg \/ Collection Falckenberg, \u00e9d. Dirk Luckow<br \/>\nTextes (all.\/ang.) de Ren\u00e9 Dorn, Harald Falckenberg, Dirk Luckow et textes de l'artiste<br \/>\n184 p. avec 140 illustrations en couleur<br \/>\nFormat 32,5 x 26,5 cm, couverture rigide<\/p>","protected":false},"featured_media":5242,"template":"","meta":[],"product_brand":[],"product_cat":[111,83],"product_tag":[],"class_list":{"0":"post-3827","1":"product","2":"type-product","3":"status-publish","4":"has-post-thumbnail","6":"product_cat-111","7":"product_cat-z","9":"first","10":"instock","11":"taxable","12":"shipping-taxable","13":"purchasable","14":"product-type-simple"},"aioseo_notices":[],"_wp_attached_file":null,"_wp_attachment_metadata":null,"_wc_attachment_source":null,"_elementor_inline_svg":null,"_elementor_is_screenshot":null,"_elementor_source_image_hash":null,"_source_url":null,"_wp_attachment_context":null,"_menu_item_type":null,"_menu_item_menu_item_parent":null,"_menu_item_object_id":null,"_menu_item_object":null,"_menu_item_target":null,"_menu_item_classes":null,"_menu_item_xfn":null,"_menu_item_url":null,"__elementor_forms_snapshot":null,"_unit":"","_unit_base":"","_unit_product":"","_unit_price_auto":"no","_unit_price_regular":"","_unit_price":"","_unit_price_sale":"","_sale_price_label":"","_sale_price_regular_label":"","_manufacturer_slug":"","_mini_desc":"","_defect_description":"","_safety_instructions":"","_allergen_ids":[],"_warranty_attachment_id":"","_safety_attachment_ids":[],"_min_age":"","_ts_gtin":"","_ts_mpn":"","_delivery_time_countries":[],"_free_shipping":"no","_service":"no","_photovoltaic_system":"no","_used_good":"no","_defective_copy":"no","_wireless_electronic_device":"no","_device_contains_power_supply":"no","_device_charging_supports_usb_pd":"no","_device_charging_watt_min":"0","_device_charging_watt_max":"0","_is_food":"no","_differential_taxation":"no","_gzd_version":"3.18.7","_hs_code":"","_customs_description":"","_manufacture_country":"0","_is_non_returnable":"no","_shipping_length":"","_shipping_width":"","_shipping_height":"","_sku":"ISBN 978-3-86442-254-6","_global_unique_id":"978-3-86442-254-6","_regular_price":"48","total_sales":"0","_tax_status":"taxable","_tax_class":"","_manage_stock":"no","_backorders":"no","_sold_individually":"no","_weight":"2","_virtual":"no","_downloadable":"no","_download_limit":"-1","_download_expiry":"-1","_stock":"","_stock_status":"instock","_wc_average_rating":"0","_wc_review_count":"0","_product_version":"9.7.1","_price":"48","shopengine_product_views_count":"2754","_thumbnail_id":"5242","_product_attributes":{"erscheinungsdatum":{"name":"Date de publication","value":"27.09.2018","position":0,"is_visible":1,"is_variation":0,"is_taxonomy":0,"checkout_visible":0}},"_nutrient_ids":[],"_upsell_ids":null,"pswc_subtitle":null,"_default_delivery_time":null,"_wp_desired_post_slug":null,"_isbn":null,"pageType":null,"isExternalUrl":null,"pageId":null,"externalUrl":null,"hideCookieBanner":null,"isTargetBlank":null,"isProviderCurrentWebsite":null,"isEmbeddingOnlyExternalResources":null,"legalBasis":null,"dataProcessingInCountries":null,"dataProcessingInCountriesSpecialTreatments":null,"technicalDefinitions":null,"googleConsentModeConsentTypes":null,"executePriority":null,"executeCodeOptInWhenNoTagManagerConsentIsGiven":null,"executeCodeOptOutWhenNoTagManagerConsentIsGiven":null,"deleteTechnicalDefinitionsAfterOptOut":null,"presetId":null,"presetVersion":null,"provider":null,"providerContactPhone":null,"providerContactEmail":null,"providerContactLink":null,"uniqueName":null,"providerPrivacyPolicyUrl":null,"providerLegalNoticeUrl":null,"codeOptIn":null,"codeOptOut":null,"codeOnPageLoad":null,"language_code":null,"shopengine_template__post_meta__type":null,"shopengine_template__post_meta":null,"shopengine_template__post_meta__edit_with":null,"origin":null,"_enabled":null,"_filters":null,"_layout":null,"_elementor_import_session_id":null,"_wp_trash_meta_status":null,"_wp_trash_meta_time":null,"_edit_lock":"1743342734:2","_elementor_floating_elements_type":null,"_elementor_edit_mode":null,"_elementor_template_type":null,"tc-thumb-fld":{"_thumb_id":5242,"_thumb_type":"thumb"},"_wp_page_template":"default","_elementor_version":null,"_elementor_pro_version":null,"_elementor_page_settings":null,"_elementor_data":null,"_elementor_conditions":null,"_elementor_popup_display_settings":null,"_edit_last":"2","_elementor_template_sub_type":null,"_elementor_controls_usage":null,"_elementor_screenshot":null,"_elementor_css":null,"_elementor_page_assets":[],"_elementor_element_cache":null,"_elementor_screenshot_failed":null,"_elementor_source":null,"_wp_old_date":null,"layout_key":"","post_slider_check_key":"0","_links":{"self":[{"href":"https:\/\/snoeck.de\/fr\/wp-json\/wp\/v2\/product\/3827","targetHints":{"allow":["GET"]}}],"collection":[{"href":"https:\/\/snoeck.de\/fr\/wp-json\/wp\/v2\/product"}],"about":[{"href":"https:\/\/snoeck.de\/fr\/wp-json\/wp\/v2\/types\/product"}],"wp:featuredmedia":[{"embeddable":true,"href":"https:\/\/snoeck.de\/fr\/wp-json\/wp\/v2\/media\/5242"}],"wp:attachment":[{"href":"https:\/\/snoeck.de\/fr\/wp-json\/wp\/v2\/media?parent=3827"}],"wp:term":[{"taxonomy":"product_brand","embeddable":true,"href":"https:\/\/snoeck.de\/fr\/wp-json\/wp\/v2\/product_brand?post=3827"},{"taxonomy":"product_cat","embeddable":true,"href":"https:\/\/snoeck.de\/fr\/wp-json\/wp\/v2\/product_cat?post=3827"},{"taxonomy":"product_tag","embeddable":true,"href":"https:\/\/snoeck.de\/fr\/wp-json\/wp\/v2\/product_tag?post=3827"}],"curies":[{"name":"wp","href":"https:\/\/api.w.org\/{rel}","templated":true}]}}