{"id":3828,"date":"2025-01-31T11:32:58","date_gmt":"2025-01-31T11:32:58","guid":{"rendered":"https:\/\/snoeck.process-vision.de\/shop\/ralf-ziervogel-immobilie\/"},"modified":"2025-03-29T07:13:10","modified_gmt":"2025-03-29T07:13:10","slug":"ralf-ziervogel-immobilie","status":"publish","type":"product","link":"https:\/\/snoeck.de\/fr\/shop\/ralf-ziervogel-immobilie\/","title":{"rendered":"Ralf Ziervogel : Immobilier"},"content":{"rendered":"<h3>Le grand d\u00e9sastre<\/h3>\n<p>Voici maintenant une \u0153uvre d'une certaine importance \u00e0 annoncer : Ralf Ziervogel, n\u00e9 en 1975 \u00e0 Clausthal-Zellerfeld, ma\u00eetre-\u00e9l\u00e8ve de Lothar Baumgarten \u00e0 Berlin, a obtenu en 2006, outre diverses bourses (2003 et 2005 \u00e0 New York), la bourse Karl Schmidt-Rottluff. Depuis 2001, il expose r\u00e9guli\u00e8rement dans des galeries et a particip\u00e9 \u00e0 plusieurs expositions collectives internationales. Il est d\u00e9j\u00e0 repr\u00e9sent\u00e9 par des \u0153uvres dans les collections du MoMA, de la Deste Foundation Dakis Joannou \u00e0 Ath\u00e8nes, de la collection Olbricht \u00e0 Essen ou de la collection Falckenberg \u00e0 Hambourg-Harburg. Son travail de dessin le plus spectaculaire, intitul\u00e9 \"Immobilie\" et datant de 2004, sert \u00e9galement de base aux x\u00e9rographies de ce livre inhabituel, qui ont \u00e9t\u00e9 r\u00e9alis\u00e9es \u00e0 l'encre noire directement \u00e0 partir du dessin original de 6,65 x 3,50 m\u00e8tres, puis x\u00e9rographi\u00e9es selon les instructions de l'artiste. En y regardant de plus pr\u00e8s, l'ampleur de la douleur infernale qui traverse ces repr\u00e9sentations saute imm\u00e9diatement aux yeux. Une fois remis du premier choc, le regard se d\u00e9place rapidement \u00e0 travers les pages sur lesquelles s'\u00e9tend cette s\u00e9rie infinie, feuille apr\u00e8s feuille. Avec ces dessins techniquement extraordinaires et brillants, nous n'avons toutefois pas affaire \u00e0 un grand r\u00e9cit, mais \u00e0 la repr\u00e9sentation d'une s\u00e9rie infinie qui reprend le th\u00e8me d'Eros et de Thanatos, mais qui laisse aussi deviner les sujets et les r\u00e9alisations de divers mod\u00e8les, que ce soit Aubrey Beardsley ou Hieronymus Bosch, Egon Schiele ou Robert Crumb. Ralf Ziervogel s'en empare tant au niveau de l'image que de la technique pour les faire appara\u00eetre dans son cosmos de bande dessin\u00e9e et de non-sens, les plumer, copuler ou d\u00e9truire le bras du tourne-disque. Ses repr\u00e9sentations attirent le regard et le spectateur essaie toujours, en vain, de trouver la solution \u00e0 ce grand d\u00e9sastre, \u00e0 cette com\u00e9die humaine.<\/p>","protected":false},"excerpt":{"rendered":"<p>Avec une d\u00e9dicace de Ralf Ziervogel<br \/>\n1064 p. avec 511 dessins au trait n\/b de sections d'images individuelles<br \/>\nformat 20 x 20 cm, broch\u00e9 avec impression offset n\/b du motif complet ins\u00e9r\u00e9e librement et sign\u00e9e<\/p>","protected":false},"featured_media":5243,"template":"","meta":[],"product_brand":[],"product_cat":[109,90,83],"product_tag":[],"class_list":{"0":"post-3828","1":"product","2":"type-product","3":"status-publish","4":"has-post-thumbnail","6":"product_cat-109","7":"product_cat-rare-books","8":"product_cat-z","10":"first","11":"instock","12":"taxable","13":"shipping-taxable","14":"purchasable","15":"product-type-simple"},"aioseo_notices":[],"_wp_attached_file":null,"_wp_attachment_metadata":null,"_wc_attachment_source":null,"_elementor_inline_svg":null,"_elementor_is_screenshot":null,"_elementor_source_image_hash":null,"_source_url":null,"_wp_attachment_context":null,"_menu_item_type":null,"_menu_item_menu_item_parent":null,"_menu_item_object_id":null,"_menu_item_object":null,"_menu_item_target":null,"_menu_item_classes":null,"_menu_item_xfn":null,"_menu_item_url":null,"__elementor_forms_snapshot":null,"_unit":"","_unit_base":"","_unit_product":"","_unit_price_auto":"no","_unit_price_regular":"","_unit_price":"","_unit_price_sale":"","_sale_price_label":"","_sale_price_regular_label":"","_manufacturer_slug":"","_mini_desc":"","_defect_description":"","_safety_instructions":"","_allergen_ids":[],"_warranty_attachment_id":"","_safety_attachment_ids":[],"_min_age":"","_ts_gtin":"","_ts_mpn":"","_delivery_time_countries":[],"_free_shipping":"no","_service":"no","_photovoltaic_system":"no","_used_good":"no","_defective_copy":"no","_wireless_electronic_device":"no","_device_contains_power_supply":"no","_device_charging_supports_usb_pd":"no","_device_charging_watt_min":"0","_device_charging_watt_max":"0","_is_food":"no","_differential_taxation":"no","_gzd_version":"3.18.7","_hs_code":"","_customs_description":"","_manufacture_country":"0","_is_non_returnable":"no","_shipping_length":"","_shipping_width":"","_shipping_height":"","_sku":"ISBN 978-3-936859-57-7","_global_unique_id":"978-3-936859-57-7","_regular_price":"148","total_sales":"0","_tax_status":"taxable","_tax_class":"","_manage_stock":"no","_backorders":"no","_sold_individually":"no","_weight":"2","_virtual":"no","_downloadable":"no","_download_limit":"-1","_download_expiry":"-1","_stock":"","_stock_status":"instock","_wc_average_rating":"0","_wc_review_count":"0","_product_version":"9.7.1","_price":"148","shopengine_product_views_count":"2578","_thumbnail_id":"5243","_product_attributes":{"erscheinungsdatum":{"name":"Date de publication","value":"01.11.2006","position":0,"is_visible":1,"is_variation":0,"is_taxonomy":0,"checkout_visible":0}},"_nutrient_ids":[],"_upsell_ids":null,"pswc_subtitle":null,"_default_delivery_time":"","_wp_desired_post_slug":null,"_isbn":null,"pageType":null,"isExternalUrl":null,"pageId":null,"externalUrl":null,"hideCookieBanner":null,"isTargetBlank":null,"isProviderCurrentWebsite":null,"isEmbeddingOnlyExternalResources":null,"legalBasis":null,"dataProcessingInCountries":null,"dataProcessingInCountriesSpecialTreatments":null,"technicalDefinitions":null,"googleConsentModeConsentTypes":null,"executePriority":null,"executeCodeOptInWhenNoTagManagerConsentIsGiven":null,"executeCodeOptOutWhenNoTagManagerConsentIsGiven":null,"deleteTechnicalDefinitionsAfterOptOut":null,"presetId":null,"presetVersion":null,"provider":null,"providerContactPhone":null,"providerContactEmail":null,"providerContactLink":null,"uniqueName":null,"providerPrivacyPolicyUrl":null,"providerLegalNoticeUrl":null,"codeOptIn":null,"codeOptOut":null,"codeOnPageLoad":null,"language_code":null,"shopengine_template__post_meta__type":null,"shopengine_template__post_meta":null,"shopengine_template__post_meta__edit_with":null,"origin":null,"_enabled":null,"_filters":null,"_layout":null,"_elementor_import_session_id":null,"_wp_trash_meta_status":null,"_wp_trash_meta_time":null,"_edit_lock":"1743232304:2","_elementor_floating_elements_type":null,"_elementor_edit_mode":null,"_elementor_template_type":null,"tc-thumb-fld":{"_thumb_id":5243,"_thumb_type":"thumb"},"_wp_page_template":"default","_elementor_version":null,"_elementor_pro_version":null,"_elementor_page_settings":null,"_elementor_data":null,"_elementor_conditions":null,"_elementor_popup_display_settings":null,"_edit_last":"2","_elementor_template_sub_type":null,"_elementor_controls_usage":null,"_elementor_screenshot":null,"_elementor_css":null,"_elementor_page_assets":[],"_elementor_element_cache":null,"_elementor_screenshot_failed":null,"_elementor_source":null,"_wp_old_date":null,"layout_key":"","post_slider_check_key":"0","_links":{"self":[{"href":"https:\/\/snoeck.de\/fr\/wp-json\/wp\/v2\/product\/3828","targetHints":{"allow":["GET"]}}],"collection":[{"href":"https:\/\/snoeck.de\/fr\/wp-json\/wp\/v2\/product"}],"about":[{"href":"https:\/\/snoeck.de\/fr\/wp-json\/wp\/v2\/types\/product"}],"wp:featuredmedia":[{"embeddable":true,"href":"https:\/\/snoeck.de\/fr\/wp-json\/wp\/v2\/media\/5243"}],"wp:attachment":[{"href":"https:\/\/snoeck.de\/fr\/wp-json\/wp\/v2\/media?parent=3828"}],"wp:term":[{"taxonomy":"product_brand","embeddable":true,"href":"https:\/\/snoeck.de\/fr\/wp-json\/wp\/v2\/product_brand?post=3828"},{"taxonomy":"product_cat","embeddable":true,"href":"https:\/\/snoeck.de\/fr\/wp-json\/wp\/v2\/product_cat?post=3828"},{"taxonomy":"product_tag","embeddable":true,"href":"https:\/\/snoeck.de\/fr\/wp-json\/wp\/v2\/product_tag?post=3828"}],"curies":[{"name":"wp","href":"https:\/\/api.w.org\/{rel}","templated":true}]}}