{"id":3829,"date":"2025-01-31T11:32:59","date_gmt":"2025-01-31T11:32:59","guid":{"rendered":"https:\/\/snoeck.process-vision.de\/shop\/peter-zimmermann-swipe\/"},"modified":"2025-04-02T13:31:04","modified_gmt":"2025-04-02T13:31:04","slug":"peter-zimmermann-swipe","status":"publish","type":"product","link":"https:\/\/snoeck.de\/fr\/shop\/peter-zimmermann-swipe\/","title":{"rendered":"Peter Zimmermann : Swipe"},"content":{"rendered":"<h3>L'\u00e9tude des sources a rarement \u00e9t\u00e9 aussi amusante<\/h3>\n<p>L'\u0153uvre de Peter Zimmermann est tr\u00e8s vari\u00e9e. \u00c0 la fin des ann\u00e9es 1980, les \"Book Cover Paintings\" dominaient - l'artiste de Cologne peignait \u00e0 l'\u00e9poxy sur des toiles les titres de livres tels que des atlas, des livres d'art, des guides touristiques et des dictionnaires. Dans ses objets en carton, il a ensuite travaill\u00e9 sur les distorsions spatiales de l'\u00e9criture et de l'image, th\u00e9matisant ainsi les boucles et leurs interactions. S'en est suivie la s\u00e9rie \u00e0 succ\u00e8s de toiles brillantes et color\u00e9es avec de pures peintures de formes abstraites, l'artiste transformant d'abord des mod\u00e8les num\u00e9riques, des photos, des extraits de films ou des diagrammes \u00e0 l'aide d'algorithmes graphiques, puis les appliquant en de nombreuses couches transparentes de r\u00e9sine \u00e9poxy. Depuis 2014, fid\u00e8le \u00e0 cette approche, Peter Zimmermann est revenu de plus en plus \u00e0 la peinture \u00e0 l'huile et a cr\u00e9\u00e9 des mers ondulantes, pleines de tentacules et plong\u00e9es dans des couleurs vives. Pour le nouveau volume 2023 des Kienbaum Artists' Books intitul\u00e9 \"swipe\", l'artiste a maintenant fouill\u00e9 dans son fonds et condens\u00e9 ses sources ainsi que ses travaux en un pot-pourri sauvage. Les analogies qui en ressortent sont autant d'indices d'une r\u00e9flexion profonde sur le rapport entre l'original et sa repr\u00e9sentation et sur la notion de surface. Mais rarement une \u00e9tude autodidacte des sources aura \u00e9t\u00e9 aussi amusante.<\/p>","protected":false},"excerpt":{"rendered":"<p>Kienbaum Artists' Books 2023, \u00e9d. par Jochen et Laura Kienbaum<br \/>\n112 p. avec 140 illustrations en couleur<br \/>\nformat 29 x 20 cm, couverture rigide<\/p>","protected":false},"featured_media":5244,"template":"","meta":[],"product_brand":[],"product_cat":[87,68,83],"product_tag":[],"class_list":{"0":"post-3829","1":"product","2":"type-product","3":"status-publish","4":"has-post-thumbnail","6":"product_cat-87","7":"product_cat-k","8":"product_cat-z","10":"first","11":"instock","12":"taxable","13":"shipping-taxable","14":"purchasable","15":"product-type-simple"},"aioseo_notices":[],"_wp_attached_file":null,"_wp_attachment_metadata":null,"_wc_attachment_source":null,"_elementor_inline_svg":null,"_elementor_is_screenshot":null,"_elementor_source_image_hash":null,"_source_url":null,"_wp_attachment_context":null,"_menu_item_type":null,"_menu_item_menu_item_parent":null,"_menu_item_object_id":null,"_menu_item_object":null,"_menu_item_target":null,"_menu_item_classes":null,"_menu_item_xfn":null,"_menu_item_url":null,"__elementor_forms_snapshot":null,"_unit":"","_unit_base":"","_unit_product":"","_unit_price_auto":"no","_unit_price_regular":"","_unit_price":"","_unit_price_sale":"","_sale_price_label":"","_sale_price_regular_label":"","_manufacturer_slug":"","_mini_desc":"","_defect_description":"","_safety_instructions":"","_allergen_ids":[],"_warranty_attachment_id":"","_safety_attachment_ids":[],"_min_age":"","_ts_gtin":"","_ts_mpn":"","_delivery_time_countries":[],"_free_shipping":"no","_service":"no","_photovoltaic_system":"no","_used_good":"no","_defective_copy":"no","_wireless_electronic_device":"no","_device_contains_power_supply":"no","_device_charging_supports_usb_pd":"no","_device_charging_watt_min":"0","_device_charging_watt_max":"0","_is_food":"no","_differential_taxation":"no","_gzd_version":"3.18.7","_hs_code":"","_customs_description":"","_manufacture_country":"0","_is_non_returnable":"no","_shipping_length":"","_shipping_width":"","_shipping_height":"","_sku":"ISBN 978-3-86442-410-6","_global_unique_id":"978-3-86442-410-6","_regular_price":"39.8","total_sales":"0","_tax_status":"taxable","_tax_class":"","_manage_stock":"no","_backorders":"no","_sold_individually":"no","_weight":"1","_virtual":"no","_downloadable":"no","_download_limit":"-1","_download_expiry":"-1","_stock":"","_stock_status":"instock","_wc_average_rating":"0","_wc_review_count":"0","_product_version":"9.7.1","_price":"39.8","shopengine_product_views_count":"2841","_thumbnail_id":"5244","_product_attributes":{"erscheinungsdatum":{"name":"Date de publication","value":"01.02.2023","position":0,"is_visible":1,"is_variation":0,"is_taxonomy":0,"checkout_visible":0}},"_nutrient_ids":[],"_upsell_ids":null,"pswc_subtitle":null,"_default_delivery_time":null,"_wp_desired_post_slug":null,"_isbn":null,"pageType":null,"isExternalUrl":null,"pageId":null,"externalUrl":null,"hideCookieBanner":null,"isTargetBlank":null,"isProviderCurrentWebsite":null,"isEmbeddingOnlyExternalResources":null,"legalBasis":null,"dataProcessingInCountries":null,"dataProcessingInCountriesSpecialTreatments":null,"technicalDefinitions":null,"googleConsentModeConsentTypes":null,"executePriority":null,"executeCodeOptInWhenNoTagManagerConsentIsGiven":null,"executeCodeOptOutWhenNoTagManagerConsentIsGiven":null,"deleteTechnicalDefinitionsAfterOptOut":null,"presetId":null,"presetVersion":null,"provider":null,"providerContactPhone":null,"providerContactEmail":null,"providerContactLink":null,"uniqueName":null,"providerPrivacyPolicyUrl":null,"providerLegalNoticeUrl":null,"codeOptIn":null,"codeOptOut":null,"codeOnPageLoad":null,"language_code":null,"shopengine_template__post_meta__type":null,"shopengine_template__post_meta":null,"shopengine_template__post_meta__edit_with":null,"origin":null,"_enabled":null,"_filters":null,"_layout":null,"_elementor_import_session_id":null,"_wp_trash_meta_status":null,"_wp_trash_meta_time":null,"_edit_lock":"1743600525:2","_elementor_floating_elements_type":null,"_elementor_edit_mode":null,"_elementor_template_type":null,"tc-thumb-fld":{"_thumb_id":5244,"_thumb_type":"thumb"},"_wp_page_template":"default","_elementor_version":null,"_elementor_pro_version":null,"_elementor_page_settings":null,"_elementor_data":null,"_elementor_conditions":null,"_elementor_popup_display_settings":null,"_edit_last":"2","_elementor_template_sub_type":null,"_elementor_controls_usage":null,"_elementor_screenshot":null,"_elementor_css":null,"_elementor_page_assets":[],"_elementor_element_cache":null,"_elementor_screenshot_failed":null,"_elementor_source":null,"_wp_old_date":null,"layout_key":"","post_slider_check_key":"0","_links":{"self":[{"href":"https:\/\/snoeck.de\/fr\/wp-json\/wp\/v2\/product\/3829","targetHints":{"allow":["GET"]}}],"collection":[{"href":"https:\/\/snoeck.de\/fr\/wp-json\/wp\/v2\/product"}],"about":[{"href":"https:\/\/snoeck.de\/fr\/wp-json\/wp\/v2\/types\/product"}],"wp:featuredmedia":[{"embeddable":true,"href":"https:\/\/snoeck.de\/fr\/wp-json\/wp\/v2\/media\/5244"}],"wp:attachment":[{"href":"https:\/\/snoeck.de\/fr\/wp-json\/wp\/v2\/media?parent=3829"}],"wp:term":[{"taxonomy":"product_brand","embeddable":true,"href":"https:\/\/snoeck.de\/fr\/wp-json\/wp\/v2\/product_brand?post=3829"},{"taxonomy":"product_cat","embeddable":true,"href":"https:\/\/snoeck.de\/fr\/wp-json\/wp\/v2\/product_cat?post=3829"},{"taxonomy":"product_tag","embeddable":true,"href":"https:\/\/snoeck.de\/fr\/wp-json\/wp\/v2\/product_tag?post=3829"}],"curies":[{"name":"wp","href":"https:\/\/api.w.org\/{rel}","templated":true}]}}