{"id":3831,"date":"2025-01-31T11:33:00","date_gmt":"2025-01-31T11:33:00","guid":{"rendered":"https:\/\/snoeck.process-vision.de\/shop\/zwei-sammler\/"},"modified":"2026-04-08T15:38:14","modified_gmt":"2026-04-08T14:38:14","slug":"zwei-sammler","status":"publish","type":"product","link":"https:\/\/snoeck.de\/fr\/shop\/zwei-sammler\/","title":{"rendered":"Deux collectionneurs. Thomas Olbricht et Harald Falckenberg"},"content":{"rendered":"<h3>Deux vrais petits gars<\/h3>\n<p>Harald Falckenberg et Thomas Olbricht font tous deux partie de l'\u00e9lite des collectionneurs allemands et ne manquent jamais une occasion de prendre position de mani\u00e8re tr\u00e8s personnelle avec l'art qu'ils pr\u00e9f\u00e8rent. Harald Falckenberg a le punk en t\u00eate, comme il le dit, et Thomas Olbricht parle de lui comme d'un rocker. Les deux collectionneurs n'incarnent pas seulement un nouveau style, mais veulent aussi \u00e9tablir une communication directe en collectionnant de l'art, car les artistes qu'ils collectionnent voient la valeur de leur \u0153uvre dans la posture de l'exag\u00e9ration et de la provocation ; il s'agit parfois de faire du bruit et du tapage. Le plaisir de l'art doit \"sauter\", comme l'a formul\u00e9 Thomas Olbricht dans le \"Welt\". Depuis le 30 avril 2011, les Deichtorhallen assurent la gestion de la collection Falckenberg \u00e0 Hambourg-Harburg dans le cadre d'une coop\u00e9ration, et cette collection doit r\u00e9guli\u00e8rement accueillir d'autres collections. Une grande rencontre donc avec Jake &amp; Dinos Chapman, Cattelan, Kippenberger, McCarthy, Meese et bien d'autres encore dans les Deichtorhallen.<\/p>\n<p>Exposition :<br \/>\nDeichtorhallen Hamburg \/ Collection Falckenberg, Hambourg-Harburg, 24\/6 - 21\/8\/2011<\/p>","protected":false},"excerpt":{"rendered":"<p>Catalogue d'exposition Deichtorhallen Hamburg \/ Collection Falckenberg, \u00e9d. Dirk Luckow<br \/>\navec un entretien entre Dirk Luckow, Harald Falckenberg et Thomas Olbricht<br \/>\n56 p. avec 40 illustrations en couleur<br \/>\nformat 30 x 23 cm, brochure \u00e0 rabats<\/p>","protected":false},"featured_media":5246,"template":"","meta":[],"product_brand":[],"product_cat":[95],"product_tag":[],"class_list":{"0":"post-3831","1":"product","2":"type-product","3":"status-publish","4":"has-post-thumbnail","6":"product_cat-vergriffen","8":"first","9":"outofstock","10":"taxable","11":"shipping-taxable","12":"product-type-simple"},"aioseo_notices":[],"_wp_attached_file":null,"_wp_attachment_metadata":null,"_wc_attachment_source":null,"_elementor_inline_svg":null,"_elementor_is_screenshot":null,"_elementor_source_image_hash":null,"_source_url":null,"_wp_attachment_context":null,"_menu_item_type":null,"_menu_item_menu_item_parent":null,"_menu_item_object_id":null,"_menu_item_object":null,"_menu_item_target":null,"_menu_item_classes":null,"_menu_item_xfn":null,"_menu_item_url":null,"__elementor_forms_snapshot":null,"_unit":"","_unit_base":"","_unit_product":"","_unit_price_auto":"no","_unit_price_regular":"","_unit_price":"","_unit_price_sale":"","_sale_price_label":"","_sale_price_regular_label":"","_manufacturer_slug":"hersteller","_mini_desc":"","_defect_description":"","_safety_instructions":"","_allergen_ids":[],"_warranty_attachment_id":"","_safety_attachment_ids":[],"_min_age":"","_ts_gtin":"","_ts_mpn":"","_delivery_time_countries":[],"_free_shipping":"no","_service":"no","_photovoltaic_system":"no","_used_good":"no","_defective_copy":"no","_wireless_electronic_device":"no","_device_contains_power_supply":"no","_device_charging_supports_usb_pd":"no","_device_charging_watt_min":"0","_device_charging_watt_max":"0","_is_food":"no","_differential_taxation":"no","_gzd_version":"3.18.7","_hs_code":"","_customs_description":"","_manufacture_country":"0","_is_non_returnable":"no","_shipping_length":"","_shipping_width":"","_shipping_height":"","_sku":"ISBN 978-3-940953-88-9","_global_unique_id":"978-3-940953-88-9","_regular_price":null,"total_sales":"0","_tax_status":"taxable","_tax_class":"","_manage_stock":"no","_backorders":"no","_sold_individually":"no","_weight":"1","_virtual":"no","_downloadable":"no","_download_limit":"-1","_download_expiry":"-1","_stock":"","_stock_status":"outofstock","_wc_average_rating":"0","_wc_review_count":"0","_product_version":"10.1.4","_price":"","shopengine_product_views_count":"2906","_thumbnail_id":"5246","_product_attributes":{"erscheinungsdatum":{"name":"Date de publication","value":"24.06.2011","position":0,"is_visible":1,"is_variation":0,"is_taxonomy":0,"checkout_visible":0}},"_nutrient_ids":[],"_upsell_ids":null,"pswc_subtitle":null,"_default_delivery_time":"","_wp_desired_post_slug":null,"_isbn":null,"pageType":null,"isExternalUrl":null,"pageId":null,"externalUrl":null,"hideCookieBanner":null,"isTargetBlank":null,"isProviderCurrentWebsite":null,"isEmbeddingOnlyExternalResources":null,"legalBasis":null,"dataProcessingInCountries":null,"dataProcessingInCountriesSpecialTreatments":null,"technicalDefinitions":null,"googleConsentModeConsentTypes":null,"executePriority":null,"executeCodeOptInWhenNoTagManagerConsentIsGiven":null,"executeCodeOptOutWhenNoTagManagerConsentIsGiven":null,"deleteTechnicalDefinitionsAfterOptOut":null,"presetId":null,"presetVersion":null,"provider":null,"providerContactPhone":null,"providerContactEmail":null,"providerContactLink":null,"uniqueName":null,"providerPrivacyPolicyUrl":null,"providerLegalNoticeUrl":null,"codeOptIn":null,"codeOptOut":null,"codeOnPageLoad":null,"language_code":null,"shopengine_template__post_meta__type":null,"shopengine_template__post_meta":null,"shopengine_template__post_meta__edit_with":null,"origin":null,"_enabled":null,"_filters":null,"_layout":null,"_elementor_import_session_id":null,"_wp_trash_meta_status":null,"_wp_trash_meta_time":null,"_edit_lock":"1743231474:2","_elementor_floating_elements_type":null,"_elementor_edit_mode":null,"_elementor_template_type":null,"tc-thumb-fld":{"_thumb_id":5246,"_thumb_type":"thumb"},"_wp_page_template":"default","_elementor_version":null,"_elementor_pro_version":null,"_elementor_page_settings":null,"_elementor_data":null,"_elementor_conditions":null,"_elementor_popup_display_settings":null,"_edit_last":"2","_elementor_template_sub_type":null,"_elementor_controls_usage":null,"_elementor_screenshot":null,"_elementor_css":null,"_elementor_page_assets":[],"_elementor_element_cache":null,"_elementor_screenshot_failed":null,"_elementor_source":null,"_wp_old_date":null,"layout_key":"","post_slider_check_key":"0","_links":{"self":[{"href":"https:\/\/snoeck.de\/fr\/wp-json\/wp\/v2\/product\/3831","targetHints":{"allow":["GET"]}}],"collection":[{"href":"https:\/\/snoeck.de\/fr\/wp-json\/wp\/v2\/product"}],"about":[{"href":"https:\/\/snoeck.de\/fr\/wp-json\/wp\/v2\/types\/product"}],"wp:featuredmedia":[{"embeddable":true,"href":"https:\/\/snoeck.de\/fr\/wp-json\/wp\/v2\/media\/5246"}],"wp:attachment":[{"href":"https:\/\/snoeck.de\/fr\/wp-json\/wp\/v2\/media?parent=3831"}],"wp:term":[{"taxonomy":"product_brand","embeddable":true,"href":"https:\/\/snoeck.de\/fr\/wp-json\/wp\/v2\/product_brand?post=3831"},{"taxonomy":"product_cat","embeddable":true,"href":"https:\/\/snoeck.de\/fr\/wp-json\/wp\/v2\/product_cat?post=3831"},{"taxonomy":"product_tag","embeddable":true,"href":"https:\/\/snoeck.de\/fr\/wp-json\/wp\/v2\/product_tag?post=3831"}],"curies":[{"name":"wp","href":"https:\/\/api.w.org\/{rel}","templated":true}]}}