{"id":5262,"date":"2025-03-14T07:22:55","date_gmt":"2025-03-14T07:22:55","guid":{"rendered":"https:\/\/snoeck.process-vision.de\/?post_type=product&#038;p=5262"},"modified":"2025-03-29T06:50:26","modified_gmt":"2025-03-29T06:50:26","slug":"austin-eddy-still-life","status":"publish","type":"product","link":"https:\/\/snoeck.de\/fr\/shop\/austin-eddy-still-life\/","title":{"rendered":"Austin Eddy : Vie immobile"},"content":{"rendered":"<h3>Mon but est de cr\u00e9er un espace pour toi<\/h3>\n<p>Dans son \u0153uvre picturale, Austin Eddy formule des contradictions, fait appel aux traditions du modernisme classique et travaille l'\u00e9quilibre entre la figuration et l'abstraction. Du point de vue des motifs, les oiseaux, les poissons et les fleurs jouent le r\u00f4le principal dans ses \u0153uvres. Ces \u00e9l\u00e9ments figuratifs se d\u00e9veloppent en natures mortes, paysages et vues urbaines. Travaill\u00e9s dans des couleurs vives et modul\u00e9s par diff\u00e9rentes textures d'application de peinture, les \u00e9l\u00e9ments picturaux entrent en perspective, dans un entrelacs de lignes et de surfaces, et deviennent ainsi une structure complexe de superpositions spatiales. Des motifs picturaux similaires r\u00e9apparaissent r\u00e9guli\u00e8rement dans des formations, des couleurs et des compositions diff\u00e9rentes. Ce travail en s\u00e9rie et le caract\u00e8re abstrait des motifs contredisent au premier abord l'id\u00e9e d'une repr\u00e9sentation vivante, croissante et expressive de la nature. En fait, il s'agit moins pour l'artiste d'une expression spontan\u00e9e d'un lien avec la nature que d'une r\u00e9flexion sur la mani\u00e8re dont la nature se transmet dans l'art. Le titre de l'ouvrage et de l'exposition \u00e9voque d'ailleurs cette relation : Still Life - une image fixe toujours vivante - captur\u00e9e dans une \u0153uvre \u00e9vocatrice aux couleurs vives, aux motifs de bordures vivants, aux plans de lumi\u00e8re abstraits. Ce jeu de distance et d'attachement profond \u00e0 la nature trouve dans l'\u0153uvre d'Austin Eddy une formulation \u00e0 la fois po\u00e9tique et minimaliste.<\/p>\n<p>Exposition :<br \/>\nAssociation artistique de Heilbronn, 21\/9 - 24\/11\/2024<\/p>","protected":false},"excerpt":{"rendered":"<p>Catalogue d'exposition Kunstverein Heilbronn, \u00e9d. Matthia L\u00f6bke<br \/>\nTexte (all.\/ang.) de Matthia L\u00f6bke<br \/>\n40 p. avec 30 illustrations en couleur<br \/>\nformat 27 x 20 cm, cahier agraf\u00e9<\/p>","protected":false},"featured_media":5263,"template":"","meta":[],"product_brand":[],"product_cat":[89,62],"product_tag":[],"class_list":{"0":"post-5262","1":"product","2":"type-product","3":"status-publish","4":"has-post-thumbnail","6":"product_cat-89","7":"product_cat-e","9":"first","10":"instock","11":"taxable","12":"shipping-taxable","13":"purchasable","14":"product-type-simple"},"aioseo_notices":[],"_wp_attached_file":null,"_wp_attachment_metadata":null,"_wc_attachment_source":null,"_elementor_inline_svg":null,"_elementor_is_screenshot":null,"_elementor_source_image_hash":null,"_source_url":null,"_wp_attachment_context":null,"_menu_item_type":null,"_menu_item_menu_item_parent":null,"_menu_item_object_id":null,"_menu_item_object":null,"_menu_item_target":null,"_menu_item_classes":null,"_menu_item_xfn":null,"_menu_item_url":null,"__elementor_forms_snapshot":null,"_unit":"","_unit_base":"","_unit_product":"","_unit_price_auto":"no","_unit_price_regular":"","_unit_price":"","_unit_price_sale":"","_sale_price_label":"","_sale_price_regular_label":"","_manufacturer_slug":"","_mini_desc":"","_defect_description":"","_safety_instructions":"","_allergen_ids":[],"_warranty_attachment_id":"","_safety_attachment_ids":[],"_min_age":"","_ts_gtin":"","_ts_mpn":"","_delivery_time_countries":[],"_free_shipping":"no","_service":"no","_photovoltaic_system":"no","_used_good":"no","_defective_copy":"no","_wireless_electronic_device":"no","_device_contains_power_supply":"no","_device_charging_supports_usb_pd":"no","_device_charging_watt_min":"0","_device_charging_watt_max":"0","_is_food":"no","_differential_taxation":"no","_gzd_version":"3.18.7","_hs_code":"","_customs_description":"","_manufacture_country":"0","_is_non_returnable":"no","_shipping_length":"","_shipping_width":"","_shipping_height":"","_sku":"ISBN 978-3-86442-452-6","_global_unique_id":"978-3-86442-452-6","_regular_price":"24.80","total_sales":"0","_tax_status":"taxable","_tax_class":"","_manage_stock":"no","_backorders":"no","_sold_individually":"no","_weight":"2","_virtual":"no","_downloadable":"no","_download_limit":"-1","_download_expiry":"-1","_stock":"","_stock_status":"instock","_wc_average_rating":"0","_wc_review_count":"0","_product_version":"9.7.1","_price":"24.80","shopengine_product_views_count":"2889","_thumbnail_id":"5263","_product_attributes":null,"_nutrient_ids":null,"_upsell_ids":null,"pswc_subtitle":"","_default_delivery_time":null,"_wp_desired_post_slug":null,"_isbn":null,"pageType":null,"isExternalUrl":null,"pageId":null,"externalUrl":null,"hideCookieBanner":null,"isTargetBlank":null,"isProviderCurrentWebsite":null,"isEmbeddingOnlyExternalResources":null,"legalBasis":null,"dataProcessingInCountries":null,"dataProcessingInCountriesSpecialTreatments":null,"technicalDefinitions":null,"googleConsentModeConsentTypes":null,"executePriority":null,"executeCodeOptInWhenNoTagManagerConsentIsGiven":null,"executeCodeOptOutWhenNoTagManagerConsentIsGiven":null,"deleteTechnicalDefinitionsAfterOptOut":null,"presetId":null,"presetVersion":null,"provider":null,"providerContactPhone":null,"providerContactEmail":null,"providerContactLink":null,"uniqueName":null,"providerPrivacyPolicyUrl":null,"providerLegalNoticeUrl":null,"codeOptIn":null,"codeOptOut":null,"codeOnPageLoad":null,"language_code":null,"shopengine_template__post_meta__type":null,"shopengine_template__post_meta":null,"shopengine_template__post_meta__edit_with":null,"origin":null,"_enabled":null,"_filters":null,"_layout":null,"_elementor_import_session_id":null,"_wp_trash_meta_status":null,"_wp_trash_meta_time":null,"_edit_lock":"1743230894:2","_elementor_floating_elements_type":null,"_elementor_edit_mode":null,"_elementor_template_type":null,"tc-thumb-fld":{"_thumb_id":5263,"_thumb_type":"thumb"},"_wp_page_template":"default","_elementor_version":null,"_elementor_pro_version":null,"_elementor_page_settings":null,"_elementor_data":null,"_elementor_conditions":null,"_elementor_popup_display_settings":null,"_edit_last":"2","_elementor_template_sub_type":null,"_elementor_controls_usage":null,"_elementor_screenshot":null,"_elementor_css":null,"_elementor_page_assets":[],"_elementor_element_cache":null,"_elementor_screenshot_failed":null,"_elementor_source":null,"_wp_old_date":null,"layout_key":"","post_slider_check_key":"0","_links":{"self":[{"href":"https:\/\/snoeck.de\/fr\/wp-json\/wp\/v2\/product\/5262","targetHints":{"allow":["GET"]}}],"collection":[{"href":"https:\/\/snoeck.de\/fr\/wp-json\/wp\/v2\/product"}],"about":[{"href":"https:\/\/snoeck.de\/fr\/wp-json\/wp\/v2\/types\/product"}],"wp:featuredmedia":[{"embeddable":true,"href":"https:\/\/snoeck.de\/fr\/wp-json\/wp\/v2\/media\/5263"}],"wp:attachment":[{"href":"https:\/\/snoeck.de\/fr\/wp-json\/wp\/v2\/media?parent=5262"}],"wp:term":[{"taxonomy":"product_brand","embeddable":true,"href":"https:\/\/snoeck.de\/fr\/wp-json\/wp\/v2\/product_brand?post=5262"},{"taxonomy":"product_cat","embeddable":true,"href":"https:\/\/snoeck.de\/fr\/wp-json\/wp\/v2\/product_cat?post=5262"},{"taxonomy":"product_tag","embeddable":true,"href":"https:\/\/snoeck.de\/fr\/wp-json\/wp\/v2\/product_tag?post=5262"}],"curies":[{"name":"wp","href":"https:\/\/api.w.org\/{rel}","templated":true}]}}