{"id":5268,"date":"2025-03-14T07:31:21","date_gmt":"2025-03-14T07:31:21","guid":{"rendered":"https:\/\/snoeck.process-vision.de\/?post_type=product&#038;p=5268"},"modified":"2025-09-22T10:11:29","modified_gmt":"2025-09-22T08:11:29","slug":"cy-twombly-reiner-speck-fragments-of-an-adoration","status":"publish","type":"product","link":"https:\/\/snoeck.de\/fr\/shop\/cy-twombly-reiner-speck-fragments-of-an-adoration\/","title":{"rendered":"Cy Twombly - Reiner Speck. Fragments d'une adoration"},"content":{"rendered":"<h3>De riches interfaces intellectuelles et esth\u00e9tiques entre l'artiste et le collectionneur<\/h3>\n<p>Le Dr Reiner Speck est un m\u00e9decin renomm\u00e9 et l'un des bibliophiles les plus importants de notre \u00e9poque. Pendant plus de six d\u00e9cennies, il a constitu\u00e9 une collection sans pr\u00e9c\u00e9dent de litt\u00e9rature ancienne, dont des collections mondialement connues du po\u00e8te et \u00e9rudit de la Renaissance P\u00e9trarque et de l'\u00e9crivain fran\u00e7ais Marcel Proust. La passion de Speck pour les collections ne s'arr\u00eate toutefois pas aux livres. Depuis la fin des ann\u00e9es 1960, il s'engage intens\u00e9ment dans l'art contemporain par l'acquisition de livres d'artistes. Sa vaste collection d'\u0153uvres sur papier de l'artiste am\u00e9ricain Cy Twombly (1928-2011) rev\u00eat une importance particuli\u00e8re. Cette collection de dessins des ann\u00e9es 1950 au d\u00e9but des ann\u00e9es 1980, de gravures, de multiples, de photographies et de livres d'artistes refl\u00e8te l'intense r\u00e9flexion intellectuelle men\u00e9e pendant des d\u00e9cennies sur l'\u0153uvre de Twombly. Le lien entre le Dr Speck et Twombly a commenc\u00e9 vers 1970, lorsque les deux hommes se sont rencontr\u00e9s devant le Palazzo Farnese \u00e0 Rome. Speck s'\u00e9tait rendu sp\u00e9cialement \u00e0 Rome pour rencontrer l'artiste et lui demander de signer un dessin de 1957 qu'il avait acquis deux ans plus t\u00f4t \u00e0 Cologne. Cette rencontre marqua le d\u00e9but d'une profonde amiti\u00e9, bas\u00e9e sur le respect mutuel et une passion commune pour l'art et la litt\u00e9rature. Au fil des ann\u00e9es, leur dialogue s'est d\u00e9velopp\u00e9 bien au-del\u00e0 d'une relation typique entre artiste et collectionneur, et a \u00e9t\u00e9 enrichi par les nombreuses visites de Speck avec sa famille dans la r\u00e9sidence de Twombly en Italie. Le livre se concentre sur la collection d'\u0153uvres sur papier de Twombly de Speck et la replace dans son contexte litt\u00e9raire, d\u00e9crivant les multiples interfaces intellectuelles et esth\u00e9tiques entre l'artiste et son collectionneur. En se concentrant sur les \u0153uvres de cette collection, il offre une rare opportunit\u00e9 de d\u00e9couvrir les liens profonds entre la pratique artistique de Twombly et l'engagement litt\u00e9raire de Speck.<\/p>\n<p>Exposition :<br \/>\nMaison d'Art, Los Angeles, 11\/2 - 24\/5\/2025<\/p>","protected":false},"excerpt":{"rendered":"<p>Catalogue d'exposition Maison d'art, \u00e9dit\u00e9 par Donald Ryan, Sabine Schiffer<br \/>\nTextes (anglais) de Donald Ryan, Sabine Schiffer, Reiner Speck<br \/>\n136 p., 240 illustrations en couleur<br \/>\nformat 29 x 21 cm, broch\u00e9<\/p>","protected":false},"featured_media":5269,"template":"","meta":[],"product_brand":[],"product_cat":[89,76,77,95],"product_tag":[],"class_list":{"0":"post-5268","1":"product","2":"type-product","3":"status-publish","4":"has-post-thumbnail","6":"product_cat-89","7":"product_cat-s","8":"product_cat-t","9":"product_cat-vergriffen","11":"first","12":"outofstock","13":"taxable","14":"shipping-taxable","15":"product-type-simple"},"aioseo_notices":[],"_wp_attached_file":null,"_wp_attachment_metadata":null,"_wc_attachment_source":null,"_elementor_inline_svg":null,"_elementor_is_screenshot":null,"_elementor_source_image_hash":null,"_source_url":null,"_wp_attachment_context":null,"_menu_item_type":null,"_menu_item_menu_item_parent":null,"_menu_item_object_id":null,"_menu_item_object":null,"_menu_item_target":null,"_menu_item_classes":null,"_menu_item_xfn":null,"_menu_item_url":null,"__elementor_forms_snapshot":null,"_unit":"","_unit_base":"","_unit_product":"","_unit_price_auto":"no","_unit_price_regular":"","_unit_price":"","_unit_price_sale":"","_sale_price_label":"","_sale_price_regular_label":"","_manufacturer_slug":"","_mini_desc":"","_defect_description":"","_safety_instructions":"","_allergen_ids":[],"_warranty_attachment_id":"","_safety_attachment_ids":[],"_min_age":"","_ts_gtin":"","_ts_mpn":"","_delivery_time_countries":[],"_free_shipping":"no","_service":"no","_photovoltaic_system":"no","_used_good":"no","_defective_copy":"no","_wireless_electronic_device":"no","_device_contains_power_supply":"no","_device_charging_supports_usb_pd":"no","_device_charging_watt_min":"0","_device_charging_watt_max":"0","_is_food":"no","_differential_taxation":"no","_gzd_version":"3.19.10","_hs_code":"","_customs_description":"","_manufacture_country":"0","_is_non_returnable":"no","_shipping_length":"","_shipping_width":"","_shipping_height":"","_sku":"ISBN 978-3-86442-460-1","_global_unique_id":"978-3-86442-460-1","_regular_price":null,"total_sales":"0","_tax_status":"taxable","_tax_class":"","_manage_stock":"no","_backorders":"no","_sold_individually":"no","_weight":"2","_virtual":"no","_downloadable":"no","_download_limit":"-1","_download_expiry":"-1","_stock":"","_stock_status":"outofstock","_wc_average_rating":"0","_wc_review_count":"0","_product_version":"10.1.0","_price":"","shopengine_product_views_count":"3607","_thumbnail_id":"5269","_product_attributes":{"subtitel":{"name":"Sous-titre","value":"Subtitel-Wert","position":0,"is_visible":1,"is_variation":0,"is_taxonomy":0,"checkout_visible":0}},"_nutrient_ids":null,"_upsell_ids":null,"pswc_subtitle":"","_default_delivery_time":null,"_wp_desired_post_slug":null,"_isbn":null,"pageType":null,"isExternalUrl":null,"pageId":null,"externalUrl":null,"hideCookieBanner":null,"isTargetBlank":null,"isProviderCurrentWebsite":null,"isEmbeddingOnlyExternalResources":null,"legalBasis":null,"dataProcessingInCountries":null,"dataProcessingInCountriesSpecialTreatments":null,"technicalDefinitions":null,"googleConsentModeConsentTypes":null,"executePriority":null,"executeCodeOptInWhenNoTagManagerConsentIsGiven":null,"executeCodeOptOutWhenNoTagManagerConsentIsGiven":null,"deleteTechnicalDefinitionsAfterOptOut":null,"presetId":null,"presetVersion":null,"provider":null,"providerContactPhone":null,"providerContactEmail":null,"providerContactLink":null,"uniqueName":null,"providerPrivacyPolicyUrl":null,"providerLegalNoticeUrl":null,"codeOptIn":null,"codeOptOut":null,"codeOnPageLoad":null,"language_code":null,"shopengine_template__post_meta__type":null,"shopengine_template__post_meta":null,"shopengine_template__post_meta__edit_with":null,"origin":null,"_enabled":null,"_filters":null,"_layout":null,"_elementor_import_session_id":null,"_wp_trash_meta_status":null,"_wp_trash_meta_time":null,"_edit_lock":"1758528597:1","_elementor_floating_elements_type":null,"_elementor_edit_mode":null,"_elementor_template_type":null,"tc-thumb-fld":{"_thumb_id":5269,"_thumb_type":"thumb"},"_wp_page_template":"default","_elementor_version":null,"_elementor_pro_version":null,"_elementor_page_settings":null,"_elementor_data":null,"_elementor_conditions":null,"_elementor_popup_display_settings":null,"_edit_last":"1","_elementor_template_sub_type":null,"_elementor_controls_usage":null,"_elementor_screenshot":null,"_elementor_css":null,"_elementor_page_assets":[],"_elementor_element_cache":null,"_elementor_screenshot_failed":null,"_elementor_source":null,"_wp_old_date":null,"layout_key":"","post_slider_check_key":"0","_links":{"self":[{"href":"https:\/\/snoeck.de\/fr\/wp-json\/wp\/v2\/product\/5268","targetHints":{"allow":["GET"]}}],"collection":[{"href":"https:\/\/snoeck.de\/fr\/wp-json\/wp\/v2\/product"}],"about":[{"href":"https:\/\/snoeck.de\/fr\/wp-json\/wp\/v2\/types\/product"}],"wp:featuredmedia":[{"embeddable":true,"href":"https:\/\/snoeck.de\/fr\/wp-json\/wp\/v2\/media\/5269"}],"wp:attachment":[{"href":"https:\/\/snoeck.de\/fr\/wp-json\/wp\/v2\/media?parent=5268"}],"wp:term":[{"taxonomy":"product_brand","embeddable":true,"href":"https:\/\/snoeck.de\/fr\/wp-json\/wp\/v2\/product_brand?post=5268"},{"taxonomy":"product_cat","embeddable":true,"href":"https:\/\/snoeck.de\/fr\/wp-json\/wp\/v2\/product_cat?post=5268"},{"taxonomy":"product_tag","embeddable":true,"href":"https:\/\/snoeck.de\/fr\/wp-json\/wp\/v2\/product_tag?post=5268"}],"curies":[{"name":"wp","href":"https:\/\/api.w.org\/{rel}","templated":true}]}}