{"id":5377,"date":"2025-03-21T10:57:26","date_gmt":"2025-03-21T10:57:26","guid":{"rendered":"https:\/\/snoeck.process-vision.de\/?post_type=product&#038;p=5377"},"modified":"2025-03-29T06:42:53","modified_gmt":"2025-03-29T06:42:53","slug":"bettina-scholz-ost-west-und-das-suedliche-orakel","status":"publish","type":"product","link":"https:\/\/snoeck.de\/fr\/shop\/bettina-scholz-ost-west-und-das-suedliche-orakel\/","title":{"rendered":"Bettina Scholz : Est \/ Ouest et l'oracle du sud"},"content":{"rendered":"<h3>Fantastique ?<\/h3>\n<p>Bettina Scholz peint des tableaux qui ressemblent \u00e0 des d\u00e9versements de couleurs alchimiques, et c'est pourquoi de nombreux observateurs* y voient volontiers des mondes apocalyptiques, comme l'\u00e9crit Max Dax, qui a invit\u00e9 l'artiste \u00e0 l'\u00e9t\u00e9 2019 pour \"HYPER !\" dans les Deichtorhallen. Cette association n'est pas surprenante, car ses tableaux puissamment lumineux, qu'elle peint sur et derri\u00e8re du verre, naissent d'une confrontation avec l'art sacr\u00e9 des \u00e9glises, l'enluminure gothique ou l'univers visuel et musical des formats contemporains de fantasy et de science-fiction. Mais il y a aussi des r\u00e9f\u00e9rences concr\u00e8tes \u00e0 des films comme par exemple \"Blade Runner\" de Ridley Scott, les films \"Dune\" d'apr\u00e8s la \"Plan\u00e8te du d\u00e9sert\" de l'\u00e9crivain am\u00e9ricain Frank Herbert, les films \"Solaris\" ou \"Stalker\" du r\u00e9alisateur russe Andrej Tarkowsky et leur musique de film d'Edvard Artemiev ou encore au son du label techno Underground Resistance. La peinture de Bettina Scholz, qu'elle r\u00e9alise non seulement sur verre acrylique mais aussi sur bois ou sur toile, ainsi que ses dessins, objets et installations, refl\u00e8tent notamment les influences visuelles de son enfance dans l'ex-RDA. C'est l\u00e0 qu'est n\u00e9 son amour pour les livres de contes, pour l'art nouveau de l'\u00e2ge d'or de l'illustration, pour les \u00e9ditions de livres d'images richement d\u00e9cor\u00e9es d'Europe de l'Est ou pour l'\u00e9dition du classique \"Momo\" de Michael Ende, imprim\u00e9e en couleur et agr\u00e9ment\u00e9e de dessins, introduite clandestinement dans le pays. Pour Bettina Scholz, les produits de l'imagination ont une \u00e9norme influence sur ce que nous appelons la r\u00e9alit\u00e9 : \"Dans le contexte artistique, le fantastique, l'invention n'a pour moi rien \u00e0 voir avec une fuite du monde ou une minimisation, mais peut au contraire stimuler la pens\u00e9e autonome et m\u00eame d\u00e9velopper un potentiel de r\u00e9bellion\". Avec l'arr\u00eat des ann\u00e9es 2020, elle avait en outre commenc\u00e9 une s\u00e9rie de carnets de croquis, qui contiennent d\u00e9sormais d\u00e9j\u00e0 environ 500 dessins et collages ; ils sont pr\u00e9sent\u00e9s ici pour la premi\u00e8re fois dans le volume sous forme d'extraits. La monographie pr\u00e9sente des images et des vues d'exposition des dix derni\u00e8res ann\u00e9es et est accompagn\u00e9e d'essais autobiographiques exp\u00e9rimentaux qui donnent un aper\u00e7u de la gen\u00e8se des images et du monde imaginaire de l'artiste.<\/p>\n<p>Exposition :<br \/>\nAssociation artistique de Heilbronn, 1\/2 - 4\/5\/2025<\/p>","protected":false},"excerpt":{"rendered":"<p>Catalogue d'exposition Kunstverein Heilbronn, \u00e9d. par Max Dax et Matthia L\u00f6bke<br \/>\nTexte (all.\/ang.) de Bettina Scholz, pr\u00e9face de Max Dax et Matthia L\u00f6bke<br \/>\n160 p. avec 120 illustrations en couleur<br \/>\nformat 29,7 x 23 cm, broch\u00e9<\/p>","protected":false},"featured_media":5397,"template":"","meta":[],"product_brand":[],"product_cat":[89,76],"product_tag":[],"class_list":{"0":"post-5377","1":"product","2":"type-product","3":"status-publish","4":"has-post-thumbnail","6":"product_cat-89","7":"product_cat-s","9":"first","10":"instock","11":"taxable","12":"shipping-taxable","13":"purchasable","14":"product-type-simple"},"aioseo_notices":[],"_wp_attached_file":null,"_wp_attachment_metadata":null,"_wc_attachment_source":null,"_elementor_inline_svg":null,"_elementor_is_screenshot":null,"_elementor_source_image_hash":null,"_source_url":null,"_wp_attachment_context":null,"_menu_item_type":null,"_menu_item_menu_item_parent":null,"_menu_item_object_id":null,"_menu_item_object":null,"_menu_item_target":null,"_menu_item_classes":null,"_menu_item_xfn":null,"_menu_item_url":null,"__elementor_forms_snapshot":null,"_unit":"","_unit_base":"","_unit_product":"","_unit_price_auto":"no","_unit_price_regular":"","_unit_price":"","_unit_price_sale":"","_sale_price_label":"","_sale_price_regular_label":"","_manufacturer_slug":"","_mini_desc":"","_defect_description":"","_safety_instructions":"","_allergen_ids":[],"_warranty_attachment_id":"","_safety_attachment_ids":[],"_min_age":"","_ts_gtin":"","_ts_mpn":"","_delivery_time_countries":[],"_free_shipping":"no","_service":"no","_photovoltaic_system":"no","_used_good":"no","_defective_copy":"no","_wireless_electronic_device":"no","_device_contains_power_supply":"no","_device_charging_supports_usb_pd":"no","_device_charging_watt_min":"0","_device_charging_watt_max":"0","_is_food":"no","_differential_taxation":"no","_gzd_version":"3.18.7","_hs_code":"","_customs_description":"","_manufacture_country":"0","_is_non_returnable":"no","_shipping_length":"","_shipping_width":"","_shipping_height":"","_sku":"ISBN 978-3-86442-445-8","_global_unique_id":"978-3-86442-445-8","_regular_price":"39.80","total_sales":"8","_tax_status":"taxable","_tax_class":"","_manage_stock":"no","_backorders":"no","_sold_individually":"no","_weight":"1","_virtual":"no","_downloadable":"no","_download_limit":"-1","_download_expiry":"-1","_stock":"","_stock_status":"instock","_wc_average_rating":"0","_wc_review_count":"0","_product_version":"9.7.1","_price":"39.80","shopengine_product_views_count":"4231","_thumbnail_id":"5397","_product_attributes":null,"_nutrient_ids":null,"_upsell_ids":null,"pswc_subtitle":"Kat. Kunstverein Heilbronn","_default_delivery_time":"","_wp_desired_post_slug":null,"_isbn":null,"pageType":null,"isExternalUrl":null,"pageId":null,"externalUrl":null,"hideCookieBanner":null,"isTargetBlank":null,"isProviderCurrentWebsite":null,"isEmbeddingOnlyExternalResources":null,"legalBasis":null,"dataProcessingInCountries":null,"dataProcessingInCountriesSpecialTreatments":null,"technicalDefinitions":null,"googleConsentModeConsentTypes":null,"executePriority":null,"executeCodeOptInWhenNoTagManagerConsentIsGiven":null,"executeCodeOptOutWhenNoTagManagerConsentIsGiven":null,"deleteTechnicalDefinitionsAfterOptOut":null,"presetId":null,"presetVersion":null,"provider":null,"providerContactPhone":null,"providerContactEmail":null,"providerContactLink":null,"uniqueName":null,"providerPrivacyPolicyUrl":null,"providerLegalNoticeUrl":null,"codeOptIn":null,"codeOptOut":null,"codeOnPageLoad":null,"language_code":null,"shopengine_template__post_meta__type":null,"shopengine_template__post_meta":null,"shopengine_template__post_meta__edit_with":null,"origin":null,"_enabled":null,"_filters":null,"_layout":null,"_elementor_import_session_id":null,"_wp_trash_meta_status":null,"_wp_trash_meta_time":null,"_edit_lock":"1744792664:1","_elementor_floating_elements_type":null,"_elementor_edit_mode":null,"_elementor_template_type":null,"tc-thumb-fld":{"_thumb_id":5397,"_thumb_type":"thumb"},"_wp_page_template":"default","_elementor_version":null,"_elementor_pro_version":null,"_elementor_page_settings":null,"_elementor_data":null,"_elementor_conditions":null,"_elementor_popup_display_settings":null,"_edit_last":"2","_elementor_template_sub_type":null,"_elementor_controls_usage":null,"_elementor_screenshot":null,"_elementor_css":null,"_elementor_page_assets":[],"_elementor_element_cache":null,"_elementor_screenshot_failed":null,"_elementor_source":null,"_wp_old_date":null,"layout_key":"","post_slider_check_key":"0","_links":{"self":[{"href":"https:\/\/snoeck.de\/fr\/wp-json\/wp\/v2\/product\/5377","targetHints":{"allow":["GET"]}}],"collection":[{"href":"https:\/\/snoeck.de\/fr\/wp-json\/wp\/v2\/product"}],"about":[{"href":"https:\/\/snoeck.de\/fr\/wp-json\/wp\/v2\/types\/product"}],"wp:featuredmedia":[{"embeddable":true,"href":"https:\/\/snoeck.de\/fr\/wp-json\/wp\/v2\/media\/5397"}],"wp:attachment":[{"href":"https:\/\/snoeck.de\/fr\/wp-json\/wp\/v2\/media?parent=5377"}],"wp:term":[{"taxonomy":"product_brand","embeddable":true,"href":"https:\/\/snoeck.de\/fr\/wp-json\/wp\/v2\/product_brand?post=5377"},{"taxonomy":"product_cat","embeddable":true,"href":"https:\/\/snoeck.de\/fr\/wp-json\/wp\/v2\/product_cat?post=5377"},{"taxonomy":"product_tag","embeddable":true,"href":"https:\/\/snoeck.de\/fr\/wp-json\/wp\/v2\/product_tag?post=5377"}],"curies":[{"name":"wp","href":"https:\/\/api.w.org\/{rel}","templated":true}]}}