{"id":5379,"date":"2025-03-21T10:58:42","date_gmt":"2025-03-21T10:58:42","guid":{"rendered":"https:\/\/snoeck.process-vision.de\/?post_type=product&#038;p=5379"},"modified":"2025-09-22T10:12:48","modified_gmt":"2025-09-22T08:12:48","slug":"grethe-juergens","status":"publish","type":"product","link":"https:\/\/snoeck.de\/fr\/shop\/grethe-juergens\/","title":{"rendered":"Grethe J\u00fcrgens"},"content":{"rendered":"<h3>Une opportunit\u00e9 rare<\/h3>\n<p>La vaste r\u00e9trospective consacr\u00e9e \u00e0 Grethe J\u00fcrgens au Sprengel Museum de Hanovre met en lumi\u00e8re une repr\u00e9sentante importante de la Nouvelle Objectivit\u00e9 des ann\u00e9es 1920. Pour la premi\u00e8re fois, une partie de son h\u00e9ritage, qui comprend plus de 370 \u0153uvres des diff\u00e9rentes phases de sa cr\u00e9ation, est expos\u00e9e. L'exposition r\u00e9trospective et le catalogue pr\u00e9sentent environ 150 \u0153uvres \u00e0 l'occasion de l'ann\u00e9e anniversaire de la Nouvelle Objectivit\u00e9 en 2025, compl\u00e9t\u00e9es par la publication in\u00e9dite de nombreux documents. C'est une occasion rare de d\u00e9couvrir l'ensemble de l'\u0153uvre de l'artiste Grethe J\u00fcrgens, qui a malheureusement longtemps \u00e9t\u00e9 per\u00e7ue comme \u00e9tant en retrait par rapport aux autres repr\u00e9sentants* de la Nouvelle Objectivit\u00e9. Gr\u00e2ce aux contributions de diff\u00e9rents auteurs, le catalogue offre un aper\u00e7u de son \u0153uvre et de sa vie et rend hommage \u00e0 son importance artistique. N\u00e9e en 1899 \u00e0 Osnabr\u00fcck, Grethe J\u00fcrgens a commenc\u00e9 des \u00e9tudes de graphisme \u00e0 Hanovre et a fait la connaissance d'artistes qui deviendront plus tard les protagonistes de la \"Nouvelle Objectivit\u00e9 \u00e0 Hanovre\". Tr\u00e8s t\u00f4t, elle se consacre \u00e0 des portraits de caract\u00e8re et \u00e0 des paysages urbains et \u00e9tablit plus tard, avec des repr\u00e9sentations objectives et distanci\u00e9es d'ouvriers* et de groupes marginaux, son langage pictural typique, d\u00e9termin\u00e9 par un r\u00e9alisme sobre et un regard presque froid et sans \u00e9motion sur les motifs. Ses travaux sont exempts de toute accusation et de tout pr\u00e9jug\u00e9, mais ils montrent avec attention les tensions sociales et les d\u00e9fis de la vie pour les pauvres. La perc\u00e9e artistique de J\u00fcrgens s'est faite gr\u00e2ce \u00e0 ses premi\u00e8res expositions \u00e0 partir de 1928. Par la suite, elle a r\u00e9guli\u00e8rement particip\u00e9 \u00e0 des expositions \u00e0 Hanovre et ses \u0153uvres ont \u00e9t\u00e9 acquises par des collections publiques. Apr\u00e8s l'arriv\u00e9e des nazis au pouvoir, elle dut s'inscrire \u00e0 la Chambre des beaux-arts du Reich, mais n'\u00e9tait pas membre du parti nazi et \u00e9chappa ainsi aux confiscations. Elle s'adapta cependant aux conditions changeantes, se tourna vers les paysages et les plantes et marqua son style de \"peinture des mauvaises herbes\" avec des motifs naturels inoffensifs. Ses \"tableaux de ruines\" de Hanovre d\u00e9truite sont uniques dans la repr\u00e9sentation impressionnante des ruines ainsi que du renouveau naissant. Ces travaux refl\u00e8tent aussi bien l'horreur de la guerre que les espoirs suscit\u00e9s par la reconstruction. Depuis les ann\u00e9es 1950, elle a retrouv\u00e9 sa r\u00e9putation et a \u00e9t\u00e9 de plus en plus reconnue comme artiste de la Nouvelle Objectivit\u00e9. Mais J\u00fcrgens s'est alors tourn\u00e9e vers l'art abstrait et a cr\u00e9\u00e9 des s\u00e9ries comme les \"compositions de lignes\" ou les \"kal\u00e9idoscopes\". Elle a conserv\u00e9 son go\u00fbt pour l'exp\u00e9rimentation jusqu'\u00e0 un \u00e2ge avanc\u00e9, m\u00eame si elle oscillait de plus en plus entre l'abstraction et les motifs figuratifs.<\/p>\n<p>Exposition :<br \/>\nMus\u00e9e Sprengel de Hanovre, 22\/2 - 15\/6\/2025<\/p>","protected":false},"excerpt":{"rendered":"<p>Catalogue d'exposition Sprengel Museum Hannover, \u00e9dit\u00e9 par Karin Orchard<br \/>\nTextes (all.) de Karin Orchard, Carina Plath, Paula Schwerdtfeger, Maren Waike-Koormann<br \/>\n180 p. avec 200 illustrations en couleur<br \/>\nformat 26 x 24 cm, couverture rigide<\/p>","protected":false},"featured_media":5396,"template":"","meta":[],"product_brand":[],"product_cat":[89,67,95],"product_tag":[],"class_list":{"0":"post-5379","1":"product","2":"type-product","3":"status-publish","4":"has-post-thumbnail","6":"product_cat-89","7":"product_cat-j","8":"product_cat-vergriffen","10":"first","11":"outofstock","12":"taxable","13":"shipping-taxable","14":"product-type-simple"},"aioseo_notices":[],"_wp_attached_file":null,"_wp_attachment_metadata":null,"_wc_attachment_source":null,"_elementor_inline_svg":null,"_elementor_is_screenshot":null,"_elementor_source_image_hash":null,"_source_url":null,"_wp_attachment_context":null,"_menu_item_type":null,"_menu_item_menu_item_parent":null,"_menu_item_object_id":null,"_menu_item_object":null,"_menu_item_target":null,"_menu_item_classes":null,"_menu_item_xfn":null,"_menu_item_url":null,"__elementor_forms_snapshot":null,"_unit":"","_unit_base":"","_unit_product":"","_unit_price_auto":"no","_unit_price_regular":"","_unit_price":"","_unit_price_sale":"","_sale_price_label":"","_sale_price_regular_label":"","_manufacturer_slug":"","_mini_desc":"","_defect_description":"","_safety_instructions":"","_allergen_ids":[],"_warranty_attachment_id":"","_safety_attachment_ids":[],"_min_age":"","_ts_gtin":"","_ts_mpn":"","_delivery_time_countries":[],"_free_shipping":"no","_service":"no","_photovoltaic_system":"no","_used_good":"no","_defective_copy":"no","_wireless_electronic_device":"no","_device_contains_power_supply":"no","_device_charging_supports_usb_pd":"no","_device_charging_watt_min":"0","_device_charging_watt_max":"0","_is_food":"no","_differential_taxation":"no","_gzd_version":"3.19.10","_hs_code":"","_customs_description":"","_manufacture_country":"0","_is_non_returnable":"no","_shipping_length":"","_shipping_width":"","_shipping_height":"","_sku":"ISBN 978-3-86442-457-1","_global_unique_id":"978-3-86442-457-1","_regular_price":null,"total_sales":"0","_tax_status":"taxable","_tax_class":"","_manage_stock":"no","_backorders":"no","_sold_individually":"no","_weight":"1","_virtual":"no","_downloadable":"no","_download_limit":"-1","_download_expiry":"-1","_stock":"","_stock_status":"outofstock","_wc_average_rating":"0","_wc_review_count":"0","_product_version":"10.1.0","_price":"","shopengine_product_views_count":"3044","_thumbnail_id":"5396","_product_attributes":null,"_nutrient_ids":null,"_upsell_ids":null,"pswc_subtitle":"Kat. Sprengel Museum Hannover","_default_delivery_time":"","_wp_desired_post_slug":null,"_isbn":null,"pageType":null,"isExternalUrl":null,"pageId":null,"externalUrl":null,"hideCookieBanner":null,"isTargetBlank":null,"isProviderCurrentWebsite":null,"isEmbeddingOnlyExternalResources":null,"legalBasis":null,"dataProcessingInCountries":null,"dataProcessingInCountriesSpecialTreatments":null,"technicalDefinitions":null,"googleConsentModeConsentTypes":null,"executePriority":null,"executeCodeOptInWhenNoTagManagerConsentIsGiven":null,"executeCodeOptOutWhenNoTagManagerConsentIsGiven":null,"deleteTechnicalDefinitionsAfterOptOut":null,"presetId":null,"presetVersion":null,"provider":null,"providerContactPhone":null,"providerContactEmail":null,"providerContactLink":null,"uniqueName":null,"providerPrivacyPolicyUrl":null,"providerLegalNoticeUrl":null,"codeOptIn":null,"codeOptOut":null,"codeOnPageLoad":null,"language_code":null,"shopengine_template__post_meta__type":null,"shopengine_template__post_meta":null,"shopengine_template__post_meta__edit_with":null,"origin":null,"_enabled":null,"_filters":null,"_layout":null,"_elementor_import_session_id":null,"_wp_trash_meta_status":null,"_wp_trash_meta_time":null,"_edit_lock":"1765206067:2","_elementor_floating_elements_type":null,"_elementor_edit_mode":null,"_elementor_template_type":null,"tc-thumb-fld":{"_thumb_id":5396,"_thumb_type":"thumb"},"_wp_page_template":"default","_elementor_version":null,"_elementor_pro_version":null,"_elementor_page_settings":null,"_elementor_data":null,"_elementor_conditions":null,"_elementor_popup_display_settings":null,"_edit_last":"1","_elementor_template_sub_type":null,"_elementor_controls_usage":null,"_elementor_screenshot":null,"_elementor_css":null,"_elementor_page_assets":[],"_elementor_element_cache":null,"_elementor_screenshot_failed":null,"_elementor_source":null,"_wp_old_date":null,"layout_key":"","post_slider_check_key":"0","_links":{"self":[{"href":"https:\/\/snoeck.de\/fr\/wp-json\/wp\/v2\/product\/5379","targetHints":{"allow":["GET"]}}],"collection":[{"href":"https:\/\/snoeck.de\/fr\/wp-json\/wp\/v2\/product"}],"about":[{"href":"https:\/\/snoeck.de\/fr\/wp-json\/wp\/v2\/types\/product"}],"wp:featuredmedia":[{"embeddable":true,"href":"https:\/\/snoeck.de\/fr\/wp-json\/wp\/v2\/media\/5396"}],"wp:attachment":[{"href":"https:\/\/snoeck.de\/fr\/wp-json\/wp\/v2\/media?parent=5379"}],"wp:term":[{"taxonomy":"product_brand","embeddable":true,"href":"https:\/\/snoeck.de\/fr\/wp-json\/wp\/v2\/product_brand?post=5379"},{"taxonomy":"product_cat","embeddable":true,"href":"https:\/\/snoeck.de\/fr\/wp-json\/wp\/v2\/product_cat?post=5379"},{"taxonomy":"product_tag","embeddable":true,"href":"https:\/\/snoeck.de\/fr\/wp-json\/wp\/v2\/product_tag?post=5379"}],"curies":[{"name":"wp","href":"https:\/\/api.w.org\/{rel}","templated":true}]}}