{"id":5381,"date":"2022-03-21T11:02:19","date_gmt":"2022-03-21T11:02:19","guid":{"rendered":"https:\/\/snoeck.process-vision.de\/?post_type=product&#038;p=5381"},"modified":"2025-04-02T14:38:31","modified_gmt":"2025-04-02T14:38:31","slug":"fred-koch-naturfotografie-der-1920er-30er-jahre","status":"publish","type":"product","link":"https:\/\/snoeck.de\/fr\/shop\/fred-koch-naturfotografie-der-1920er-30er-jahre\/","title":{"rendered":"Fred Koch : Photographie de la nature des ann\u00e9es 1920\/30"},"content":{"rendered":"<h3>Les traces d'un photographe oubli\u00e9<\/h3>\n<p>La Fondation Alfred Ehrhardt a une v\u00e9ritable red\u00e9couverte \u00e0 pr\u00e9senter : Elle consacre une exposition et ce catalogue \u00e0 Fred Koch (1904-1947), sans doute l'un des photographes les plus int\u00e9ressants de la R\u00e9publique de Weimar, qui ne doit \u00eatre connu que de quelques sp\u00e9cialistes. Dans ses photographies en noir et blanc de style n\u00e9o-scientifique, Fred Koch s'est principalement concentr\u00e9 sur les d\u00e9tails de plantes et de cristaux, de coraux et de crustac\u00e9s ainsi que d'insectes. En 1922\/23, il avait \u00e9t\u00e9 mis en contact avec la photographie par Albert Renger-Patzsch, alors que celui-ci dirigeait les archives photographiques de la maison d'\u00e9dition Folkwang et photographiait pour cela des plantes \u00e0 grande \u00e9chelle. Contrairement au style sobre et objectif favoris\u00e9 par Renger-Patzsch, les photos de Fred Koch soulignent la beaut\u00e9 et la gr\u00e2ce florales des plantes ainsi que leur splendeur. De mani\u00e8re presque th\u00e9\u00e2trale, il travaille la plasticit\u00e9 des objets photographi\u00e9s avec des r\u00e9flexions de lumi\u00e8re et de forts effets d'ombre. De plus, Fred Koch \u00e9tait consid\u00e9r\u00e9 comme un bricoleur infatigable : il concevait des cam\u00e9ras sp\u00e9ciales pour des profondeurs de champ extr\u00eames, optimisait les appareils et \u00e9tudiait dans les moindres d\u00e9tails les modalit\u00e9s d'\u00e9clairage. Il serait souhaitable que cette publication puisse contribuer \u00e0 \u00e9tablir d\u00e9finitivement le nom de Fred Koch dans la photographie de la Nouvelle Objectivit\u00e9.<\/p>\n<p>Exposition :<br \/>\nFondation Alfred Ehrhardt, Berlin, 15\/1 - 24\/4\/2022<\/p>","protected":false},"excerpt":{"rendered":"<p>Catalogue d'exposition, Fondation Alfred Ehrhardt Berlin<br \/>\nTextes (all.\/angl.) de Stefanie Odenthal, Rainer Stamm<br \/>\n144 p. avec 90 illustrations en duotone<br \/>\nformat 28 x 21 cm, reliure en toile gaufr\u00e9e avec \u00e9tiquette de titre<\/p>","protected":false},"featured_media":5389,"template":"","meta":[],"product_brand":[],"product_cat":[86,68,90],"product_tag":[],"class_list":{"0":"post-5381","1":"product","2":"type-product","3":"status-publish","4":"has-post-thumbnail","6":"product_cat-86","7":"product_cat-k","8":"product_cat-rare-books","10":"first","11":"instock","12":"taxable","13":"shipping-taxable","14":"purchasable","15":"product-type-simple"},"aioseo_notices":[],"_wp_attached_file":null,"_wp_attachment_metadata":null,"_wc_attachment_source":null,"_elementor_inline_svg":null,"_elementor_is_screenshot":null,"_elementor_source_image_hash":null,"_source_url":null,"_wp_attachment_context":null,"_menu_item_type":null,"_menu_item_menu_item_parent":null,"_menu_item_object_id":null,"_menu_item_object":null,"_menu_item_target":null,"_menu_item_classes":null,"_menu_item_xfn":null,"_menu_item_url":null,"__elementor_forms_snapshot":null,"_unit":"","_unit_base":"","_unit_product":"","_unit_price_auto":"no","_unit_price_regular":"","_unit_price":"","_unit_price_sale":"","_sale_price_label":"","_sale_price_regular_label":"","_manufacturer_slug":"","_mini_desc":"","_defect_description":"","_safety_instructions":"","_allergen_ids":[],"_warranty_attachment_id":"","_safety_attachment_ids":[],"_min_age":"","_ts_gtin":"","_ts_mpn":"","_delivery_time_countries":[],"_free_shipping":"no","_service":"no","_photovoltaic_system":"no","_used_good":"no","_defective_copy":"no","_wireless_electronic_device":"no","_device_contains_power_supply":"no","_device_charging_supports_usb_pd":"no","_device_charging_watt_min":"0","_device_charging_watt_max":"0","_is_food":"no","_differential_taxation":"no","_gzd_version":"3.18.7","_hs_code":"","_customs_description":"","_manufacture_country":"0","_is_non_returnable":"no","_shipping_length":"","_shipping_width":"","_shipping_height":"","_sku":"ISBN 978-3-86442-373-4","_global_unique_id":"978-3-86442-373-4","_regular_price":"48","total_sales":"0","_tax_status":"taxable","_tax_class":"","_manage_stock":"no","_backorders":"no","_sold_individually":"no","_weight":null,"_virtual":"no","_downloadable":"no","_download_limit":"-1","_download_expiry":"-1","_stock":"","_stock_status":"instock","_wc_average_rating":"0","_wc_review_count":"0","_product_version":"9.7.1","_price":"48","shopengine_product_views_count":"2377","_thumbnail_id":"5389","_product_attributes":null,"_nutrient_ids":null,"_upsell_ids":null,"pswc_subtitle":"Kat. Alfred Ehrhardt Stiftung","_default_delivery_time":"","_wp_desired_post_slug":null,"_isbn":null,"pageType":null,"isExternalUrl":null,"pageId":null,"externalUrl":null,"hideCookieBanner":null,"isTargetBlank":null,"isProviderCurrentWebsite":null,"isEmbeddingOnlyExternalResources":null,"legalBasis":null,"dataProcessingInCountries":null,"dataProcessingInCountriesSpecialTreatments":null,"technicalDefinitions":null,"googleConsentModeConsentTypes":null,"executePriority":null,"executeCodeOptInWhenNoTagManagerConsentIsGiven":null,"executeCodeOptOutWhenNoTagManagerConsentIsGiven":null,"deleteTechnicalDefinitionsAfterOptOut":null,"presetId":null,"presetVersion":null,"provider":null,"providerContactPhone":null,"providerContactEmail":null,"providerContactLink":null,"uniqueName":null,"providerPrivacyPolicyUrl":null,"providerLegalNoticeUrl":null,"codeOptIn":null,"codeOptOut":null,"codeOnPageLoad":null,"language_code":null,"shopengine_template__post_meta__type":null,"shopengine_template__post_meta":null,"shopengine_template__post_meta__edit_with":null,"origin":null,"_enabled":null,"_filters":null,"_layout":null,"_elementor_import_session_id":null,"_wp_trash_meta_status":null,"_wp_trash_meta_time":null,"_edit_lock":"1743604571:2","_elementor_floating_elements_type":null,"_elementor_edit_mode":null,"_elementor_template_type":null,"tc-thumb-fld":{"_thumb_id":5389,"_thumb_type":"thumb"},"_wp_page_template":"default","_elementor_version":null,"_elementor_pro_version":null,"_elementor_page_settings":null,"_elementor_data":null,"_elementor_conditions":null,"_elementor_popup_display_settings":null,"_edit_last":"2","_elementor_template_sub_type":null,"_elementor_controls_usage":null,"_elementor_screenshot":null,"_elementor_css":null,"_elementor_page_assets":[],"_elementor_element_cache":null,"_elementor_screenshot_failed":null,"_elementor_source":null,"_wp_old_date":"2025-03-21","layout_key":"","post_slider_check_key":"0","_links":{"self":[{"href":"https:\/\/snoeck.de\/fr\/wp-json\/wp\/v2\/product\/5381","targetHints":{"allow":["GET"]}}],"collection":[{"href":"https:\/\/snoeck.de\/fr\/wp-json\/wp\/v2\/product"}],"about":[{"href":"https:\/\/snoeck.de\/fr\/wp-json\/wp\/v2\/types\/product"}],"wp:featuredmedia":[{"embeddable":true,"href":"https:\/\/snoeck.de\/fr\/wp-json\/wp\/v2\/media\/5389"}],"wp:attachment":[{"href":"https:\/\/snoeck.de\/fr\/wp-json\/wp\/v2\/media?parent=5381"}],"wp:term":[{"taxonomy":"product_brand","embeddable":true,"href":"https:\/\/snoeck.de\/fr\/wp-json\/wp\/v2\/product_brand?post=5381"},{"taxonomy":"product_cat","embeddable":true,"href":"https:\/\/snoeck.de\/fr\/wp-json\/wp\/v2\/product_cat?post=5381"},{"taxonomy":"product_tag","embeddable":true,"href":"https:\/\/snoeck.de\/fr\/wp-json\/wp\/v2\/product_tag?post=5381"}],"curies":[{"name":"wp","href":"https:\/\/api.w.org\/{rel}","templated":true}]}}