{"id":6107,"date":"2013-04-04T08:32:11","date_gmt":"2013-04-04T08:32:11","guid":{"rendered":"https:\/\/snoeck.process-vision.de\/?post_type=product&#038;p=6107"},"modified":"2025-04-08T06:25:22","modified_gmt":"2025-04-08T06:25:22","slug":"bojan-sarcevic-a-curious-contortion-in-the-method-of-progress-lellipse-dellipse-2","status":"publish","type":"product","link":"https:\/\/snoeck.de\/fr\/shop\/bojan-sarcevic-a-curious-contortion-in-the-method-of-progress-lellipse-dellipse-2\/","title":{"rendered":"Bojan \u0160ar\u010devi\u0107 : Une curieuse contraction dans la m\u00e9thode de progression - L'ellipse d'ellipse"},"content":{"rendered":"<h3>She He<\/h3>\n<p>C'est la forme ouverte qui int\u00e9resse en principe Bojan \u0160ar\u010devi\u0107, n\u00e9 en 1974 \u00e0 Belgrade et vivant aujourd'hui \u00e0 Berlin et \u00e0 Paris ; ou, pour le laisser s'exprimer lui-m\u00eame : \"Mes expositions ne sont pas l'expression d'une position, mais la r\u00e9flexion sur les origines de toute position\". Et c'est ainsi que ce livre consacr\u00e9 aux deux expositions du Kunstmuseum Liechtenstein, Vaduz, et de l'Institut d'art contemporain, Villeurbann\/Rh\u00f4ne-Alpes, pr\u00e9sente un travail sculptural qui m\u00e9andre entre la sculpture monumentale, le travail mural en filigrane et les films aux multiples facettes. Chez Bojan \u0160ar\u010devi\u0107, le spectateur ne sait jamais ce qui va suivre. Ce qui est certain, c'est qu'il s'agit de questions esth\u00e9tiques qui nous poussent, \u00e0 la mani\u00e8re presque simple de Brecht, \u00e0 savoir comment franchir la fronti\u00e8re entre l'art et la vie. \u00c0 l'oppos\u00e9, il y a toutefois aussi une veine moderniste dans l'\u0153uvre de Bojan \u0160ar\u010devi\u0107, lorsqu'il d\u00e9veloppe une forme r\u00e9sistante qui se pr\u00e9sente en m\u00eame temps comme une sculpture et donc, au fond, comme le contraire flagrant d'une fronti\u00e8re franchie entre la vie et l'art. Cette pratique se nourrit de nombreux mod\u00e8les historiques, qu'il s'agisse des constructivistes moscovites ou des architectes Hans Poelzig, Erich Mendelsohn et Hans Scharoun. Elle laisse toutefois derri\u00e8re elle tout formalisme. Car \"que l'art veuille se transformer en une forme de vie\", comme l'\u00e9crit Michel Gauthier dans sa contribution au catalogue, \"ne signifie pas que la vie se d\u00e9barrasse de toute forme d'art\". Le catalogue pr\u00e9sent\u00e9 ici est certes aussi une petite sensation, car c'est la toute premi\u00e8re fois que l'artiste (et il y a lui-m\u00eame activement contribu\u00e9) permet qu'un grand nombre de ses travaux si diff\u00e9rents depuis 1999, mais surtout au cours des cinq derni\u00e8res ann\u00e9es, soient reproduits, d\u00e9crits et interpr\u00e9t\u00e9s de mani\u00e8re r\u00e9trospective. Le livre que le monde de l'art attendait depuis longtemps est donc enfin disponible.<\/p>\n<p>Expositions :<br \/>\nMus\u00e9e d'art du Liechtenstein, Vaduz, 10\/2-6\/5\/2012<br \/>\nInstitut d'art contemporain, Villeurbann\/Rh\u00f4ne-Alpes, 21\/9-18\/11\/2012<\/p>","protected":false},"excerpt":{"rendered":"<div class=\"field field-name-field-pub-b029 field-type-text field-label-hidden\">\n<div class=\"field-items\">\n<div class=\"field-item even\">\n<h2 id=\"book-subtitle\">Cat. Kunstmuseum Liechtenstein, Institut d'art contemporain Villeurbanne\/Rh\u00f4ne-Alpes<\/h2>\n<\/div>\n<\/div>\n<\/div>\n<div class=\"field field-name-field-pub-tech-descr field-type-text-long field-label-hidden\">\n<div class=\"field-items\">\n<div class=\"field-item even\">\n<p>Catalogue d'exposition, \u00e9d. Nathalie Ergino et Friedemann Malsch<br \/>\nTextes (en.) de Michel Gauthier, Martin Herbert, Christiane Meyer-Stoll<br \/>\n120 p. avec 100 illustrations en couleur<br \/>\nFormat 23,5 x 20 cm<\/p>\n<\/div>\n<\/div>\n<\/div>","protected":false},"featured_media":6138,"template":"","meta":[],"product_brand":[],"product_cat":[101,76],"product_tag":[],"class_list":{"0":"post-6107","1":"product","2":"type-product","3":"status-publish","4":"has-post-thumbnail","6":"product_cat-101","7":"product_cat-s","9":"first","10":"instock","11":"taxable","12":"shipping-taxable","13":"purchasable","14":"product-type-simple"},"aioseo_notices":[],"_wp_attached_file":null,"_wp_attachment_metadata":null,"_wc_attachment_source":null,"_elementor_inline_svg":null,"_elementor_is_screenshot":null,"_elementor_source_image_hash":null,"_source_url":null,"_wp_attachment_context":null,"_menu_item_type":null,"_menu_item_menu_item_parent":null,"_menu_item_object_id":null,"_menu_item_object":null,"_menu_item_target":null,"_menu_item_classes":null,"_menu_item_xfn":null,"_menu_item_url":null,"__elementor_forms_snapshot":null,"_unit":"","_unit_base":"","_unit_product":"","_unit_price_auto":"no","_unit_price_regular":"","_unit_price":"","_unit_price_sale":"","_sale_price_label":"","_sale_price_regular_label":"","_manufacturer_slug":"","_mini_desc":"","_defect_description":"","_safety_instructions":"","_allergen_ids":[],"_warranty_attachment_id":"","_safety_attachment_ids":[],"_min_age":"","_ts_gtin":"","_ts_mpn":"","_delivery_time_countries":[],"_free_shipping":"no","_service":"no","_photovoltaic_system":"no","_used_good":"no","_defective_copy":"no","_wireless_electronic_device":"no","_device_contains_power_supply":"no","_device_charging_supports_usb_pd":"no","_device_charging_watt_min":"0","_device_charging_watt_max":"0","_is_food":"no","_differential_taxation":"no","_gzd_version":"3.18.7","_hs_code":"","_customs_description":"","_manufacture_country":"0","_is_non_returnable":"no","_shipping_length":"","_shipping_width":"","_shipping_height":"","_sku":"ISBN 978-3-86442-061-0","_global_unique_id":"978-3-86442-061-0","_regular_price":"29.80","total_sales":"0","_tax_status":"taxable","_tax_class":"","_manage_stock":"no","_backorders":"no","_sold_individually":"no","_weight":"1","_virtual":"no","_downloadable":"no","_download_limit":"-1","_download_expiry":"-1","_stock":"","_stock_status":"instock","_wc_average_rating":"0","_wc_review_count":"0","_product_version":"9.7.1","_price":"29.80","shopengine_product_views_count":"2739","_thumbnail_id":"6138","_product_attributes":null,"_nutrient_ids":null,"_upsell_ids":null,"pswc_subtitle":null,"_default_delivery_time":null,"_wp_desired_post_slug":null,"_isbn":null,"pageType":null,"isExternalUrl":null,"pageId":null,"externalUrl":null,"hideCookieBanner":null,"isTargetBlank":null,"isProviderCurrentWebsite":null,"isEmbeddingOnlyExternalResources":null,"legalBasis":null,"dataProcessingInCountries":null,"dataProcessingInCountriesSpecialTreatments":null,"technicalDefinitions":null,"googleConsentModeConsentTypes":null,"executePriority":null,"executeCodeOptInWhenNoTagManagerConsentIsGiven":null,"executeCodeOptOutWhenNoTagManagerConsentIsGiven":null,"deleteTechnicalDefinitionsAfterOptOut":null,"presetId":null,"presetVersion":null,"provider":null,"providerContactPhone":null,"providerContactEmail":null,"providerContactLink":null,"uniqueName":null,"providerPrivacyPolicyUrl":null,"providerLegalNoticeUrl":null,"codeOptIn":null,"codeOptOut":null,"codeOnPageLoad":null,"language_code":null,"shopengine_template__post_meta__type":null,"shopengine_template__post_meta":null,"shopengine_template__post_meta__edit_with":null,"origin":null,"_enabled":null,"_filters":null,"_layout":null,"_elementor_import_session_id":null,"_wp_trash_meta_status":null,"_wp_trash_meta_time":null,"_edit_lock":"1744178764:2","_elementor_floating_elements_type":null,"_elementor_edit_mode":null,"_elementor_template_type":null,"tc-thumb-fld":{"_thumb_id":6138,"_thumb_type":"thumb"},"_wp_page_template":"default","_elementor_version":null,"_elementor_pro_version":null,"_elementor_page_settings":null,"_elementor_data":null,"_elementor_conditions":null,"_elementor_popup_display_settings":null,"_edit_last":"1","_elementor_template_sub_type":null,"_elementor_controls_usage":null,"_elementor_screenshot":null,"_elementor_css":null,"_elementor_page_assets":[],"_elementor_element_cache":null,"_elementor_screenshot_failed":null,"_elementor_source":null,"_wp_old_date":"2025-04-04","layout_key":"","post_slider_check_key":"0","_links":{"self":[{"href":"https:\/\/snoeck.de\/fr\/wp-json\/wp\/v2\/product\/6107","targetHints":{"allow":["GET"]}}],"collection":[{"href":"https:\/\/snoeck.de\/fr\/wp-json\/wp\/v2\/product"}],"about":[{"href":"https:\/\/snoeck.de\/fr\/wp-json\/wp\/v2\/types\/product"}],"wp:featuredmedia":[{"embeddable":true,"href":"https:\/\/snoeck.de\/fr\/wp-json\/wp\/v2\/media\/6138"}],"wp:attachment":[{"href":"https:\/\/snoeck.de\/fr\/wp-json\/wp\/v2\/media?parent=6107"}],"wp:term":[{"taxonomy":"product_brand","embeddable":true,"href":"https:\/\/snoeck.de\/fr\/wp-json\/wp\/v2\/product_brand?post=6107"},{"taxonomy":"product_cat","embeddable":true,"href":"https:\/\/snoeck.de\/fr\/wp-json\/wp\/v2\/product_cat?post=6107"},{"taxonomy":"product_tag","embeddable":true,"href":"https:\/\/snoeck.de\/fr\/wp-json\/wp\/v2\/product_tag?post=6107"}],"curies":[{"name":"wp","href":"https:\/\/api.w.org\/{rel}","templated":true}]}}