{"id":6114,"date":"2019-04-04T08:39:12","date_gmt":"2019-04-04T08:39:12","guid":{"rendered":"https:\/\/snoeck.process-vision.de\/?post_type=product&#038;p=6114"},"modified":"2025-04-08T06:20:31","modified_gmt":"2025-04-08T06:20:31","slug":"hyper-a-journey-into-art-and-music-2","status":"publish","type":"product","link":"https:\/\/snoeck.de\/fr\/shop\/hyper-a-journey-into-art-and-music-2\/","title":{"rendered":"HYPER ! Un voyage dans l'art et la musique"},"content":{"rendered":"<h3>Son, vision, film, et un piano d\u00e9truit !<\/h3>\n<p>Que se passe-t-il lorsque les musiciens utilisent des id\u00e9es et des strat\u00e9gies issues du monde de l'art ? Et quels types de tableaux r\u00e9sultent lorsque les peintres sont influenc\u00e9s par la musique ? S'int\u00e9resser \u00e0 la vie des autres, suivre l'inconnu, le copier, l'utiliser dans son propre travail - en bref, croiser les mondes de la musique et des arts visuels : tel est le sujet de l'exposition et du catalogue HYPER ! A JOURNEY INTO ART AND MUSIC dirig\u00e9 par Max Dax, l'ancien r\u00e9dacteur en chef de Spex et Electronic Beats. Le livre comprendra des \u0153uvres classiques telles que la pochette d'album de Peter Saville pour le chef-d'\u0153uvre de New Order de 1983 \"Power, Corruption and Lies\", l'imagerie narrative et minimaliste d'Emil Schult sur laquelle \u00e9tait bas\u00e9e la pochette de l'album \"Autobahn\" de Kraftwerk en 1974, et l'installation 3D acclam\u00e9e de Cyprien Gaillard \"Night Life\" de 2015. L'influence de Richard Wagner sur le travail de l'artiste Christoph Schlingensief, d\u00e9c\u00e9d\u00e9 en 2010, sera pr\u00e9sent\u00e9e, de m\u00eame qu'une installation vid\u00e9o associ\u00e9e \u00e0 un op\u00e9ra minute d'Alexander Kluge. Les influences mutuelles entre la musique et l'art seront illustr\u00e9es par des exemples d'Albert Oehlen et Scooter, Thomas Scheibitz et les Melvins, ainsi que Daniel Blumberg. Des photographies et des vid\u00e9os d'Andrea Stappert, Sven Marquardt, Andreas Gursky, The KLF, Mark Leckey et Bettina Pousttchi donneront au livre une dimension documentaire. Le livre est \u00e9tay\u00e9 narrativement par de nombreux entretiens de fond que Max Dax a men\u00e9s avec les participants \u00e0 HYPER ! au cours des 30 derni\u00e8res ann\u00e9es.<\/p>\n<p>Intervieweurs :<br \/>\nKim Gordon, Alexander Kluge, Mark Leckey, Sven Marquardt, Michaela Meli\u00e1n, Olaf Nicolai, Albert Oehlen, Bettina Pousttchi, Daniel Richter, Peter Saville, Thomas Scheibitz, Bettina Scholz, Andrea Stappert, Britta Thie et al.<\/p>\n<p>Exhibition :<br \/>\nDeichtorhallen Hambourg, 1st March -11th August 2019<\/p>","protected":false},"excerpt":{"rendered":"<div class=\"field field-name-field-pub-b029 field-type-text field-label-hidden\">\n<div class=\"field-items\">\n<div class=\"field-item even\">\n<h2 id=\"book-subtitle\">Cat. Deichtorhallen Hambourg \/ English version<\/h2>\n<\/div>\n<\/div>\n<\/div>\n<div class=\"field field-name-field-pub-tech-descr field-type-text-long field-label-hidden\">\n<div class=\"field-items\">\n<div class=\"field-item even\">\n<p>Catalogue d'exposition, \u00e9dit\u00e9 par Max Dax, Dirk Luckow<br \/>\ninterviews d'artistes (English) par Max Dax<br \/>\nune conversation entre Hans Ulrich Obrist et Max Dax<br \/>\npreface par Dirk Luckow<br \/>\n288 p avec 650 illustrations en couleur<br \/>\n280 x 240 mm, couverture souple<\/p>\n<\/div>\n<\/div>\n<\/div>","protected":false},"featured_media":6135,"template":"","meta":[],"product_brand":[],"product_cat":[110,72],"product_tag":[],"class_list":{"0":"post-6114","1":"product","2":"type-product","3":"status-publish","4":"has-post-thumbnail","6":"product_cat-110","7":"product_cat-o","9":"first","10":"instock","11":"taxable","12":"shipping-taxable","13":"purchasable","14":"product-type-simple"},"aioseo_notices":[],"_wp_attached_file":null,"_wp_attachment_metadata":null,"_wc_attachment_source":null,"_elementor_inline_svg":null,"_elementor_is_screenshot":null,"_elementor_source_image_hash":null,"_source_url":null,"_wp_attachment_context":null,"_menu_item_type":null,"_menu_item_menu_item_parent":null,"_menu_item_object_id":null,"_menu_item_object":null,"_menu_item_target":null,"_menu_item_classes":null,"_menu_item_xfn":null,"_menu_item_url":null,"__elementor_forms_snapshot":null,"_unit":"","_unit_base":"","_unit_product":"","_unit_price_auto":"no","_unit_price_regular":"","_unit_price":"","_unit_price_sale":"","_sale_price_label":"","_sale_price_regular_label":"","_manufacturer_slug":"","_mini_desc":"","_defect_description":"","_safety_instructions":"","_allergen_ids":[],"_warranty_attachment_id":"","_safety_attachment_ids":[],"_min_age":"","_ts_gtin":"","_ts_mpn":"","_delivery_time_countries":[],"_free_shipping":"no","_service":"no","_photovoltaic_system":"no","_used_good":"no","_defective_copy":"no","_wireless_electronic_device":"no","_device_contains_power_supply":"no","_device_charging_supports_usb_pd":"no","_device_charging_watt_min":"0","_device_charging_watt_max":"0","_is_food":"no","_differential_taxation":"no","_gzd_version":"3.18.7","_hs_code":"","_customs_description":"","_manufacture_country":"0","_is_non_returnable":"no","_shipping_length":"","_shipping_width":"","_shipping_height":"","_sku":"ISBN 978-3-86442-284-3","_global_unique_id":"978-3-86442-284-3","_regular_price":"49.80","total_sales":"0","_tax_status":"taxable","_tax_class":"","_manage_stock":"no","_backorders":"no","_sold_individually":"no","_weight":"1","_virtual":"no","_downloadable":"no","_download_limit":"-1","_download_expiry":"-1","_stock":"","_stock_status":"instock","_wc_average_rating":"0","_wc_review_count":"0","_product_version":"9.7.1","_price":"49.80","shopengine_product_views_count":"3312","_thumbnail_id":"6135","_product_attributes":null,"_nutrient_ids":null,"_upsell_ids":null,"pswc_subtitle":null,"_default_delivery_time":null,"_wp_desired_post_slug":null,"_isbn":null,"pageType":null,"isExternalUrl":null,"pageId":null,"externalUrl":null,"hideCookieBanner":null,"isTargetBlank":null,"isProviderCurrentWebsite":null,"isEmbeddingOnlyExternalResources":null,"legalBasis":null,"dataProcessingInCountries":null,"dataProcessingInCountriesSpecialTreatments":null,"technicalDefinitions":null,"googleConsentModeConsentTypes":null,"executePriority":null,"executeCodeOptInWhenNoTagManagerConsentIsGiven":null,"executeCodeOptOutWhenNoTagManagerConsentIsGiven":null,"deleteTechnicalDefinitionsAfterOptOut":null,"presetId":null,"presetVersion":null,"provider":null,"providerContactPhone":null,"providerContactEmail":null,"providerContactLink":null,"uniqueName":null,"providerPrivacyPolicyUrl":null,"providerLegalNoticeUrl":null,"codeOptIn":null,"codeOptOut":null,"codeOnPageLoad":null,"language_code":null,"shopengine_template__post_meta__type":null,"shopengine_template__post_meta":null,"shopengine_template__post_meta__edit_with":null,"origin":null,"_enabled":null,"_filters":null,"_layout":null,"_elementor_import_session_id":null,"_wp_trash_meta_status":null,"_wp_trash_meta_time":null,"_edit_lock":"1744093200:1","_elementor_floating_elements_type":null,"_elementor_edit_mode":null,"_elementor_template_type":null,"tc-thumb-fld":{"_thumb_id":6135,"_thumb_type":"thumb"},"_wp_page_template":"default","_elementor_version":null,"_elementor_pro_version":null,"_elementor_page_settings":null,"_elementor_data":null,"_elementor_conditions":null,"_elementor_popup_display_settings":null,"_edit_last":"1","_elementor_template_sub_type":null,"_elementor_controls_usage":null,"_elementor_screenshot":null,"_elementor_css":null,"_elementor_page_assets":[],"_elementor_element_cache":null,"_elementor_screenshot_failed":null,"_elementor_source":null,"_wp_old_date":"2025-04-04","layout_key":"","post_slider_check_key":"0","_links":{"self":[{"href":"https:\/\/snoeck.de\/fr\/wp-json\/wp\/v2\/product\/6114","targetHints":{"allow":["GET"]}}],"collection":[{"href":"https:\/\/snoeck.de\/fr\/wp-json\/wp\/v2\/product"}],"about":[{"href":"https:\/\/snoeck.de\/fr\/wp-json\/wp\/v2\/types\/product"}],"wp:featuredmedia":[{"embeddable":true,"href":"https:\/\/snoeck.de\/fr\/wp-json\/wp\/v2\/media\/6135"}],"wp:attachment":[{"href":"https:\/\/snoeck.de\/fr\/wp-json\/wp\/v2\/media?parent=6114"}],"wp:term":[{"taxonomy":"product_brand","embeddable":true,"href":"https:\/\/snoeck.de\/fr\/wp-json\/wp\/v2\/product_brand?post=6114"},{"taxonomy":"product_cat","embeddable":true,"href":"https:\/\/snoeck.de\/fr\/wp-json\/wp\/v2\/product_cat?post=6114"},{"taxonomy":"product_tag","embeddable":true,"href":"https:\/\/snoeck.de\/fr\/wp-json\/wp\/v2\/product_tag?post=6114"}],"curies":[{"name":"wp","href":"https:\/\/api.w.org\/{rel}","templated":true}]}}