{"id":6120,"date":"2024-04-04T08:46:49","date_gmt":"2024-04-04T08:46:49","guid":{"rendered":"https:\/\/snoeck.process-vision.de\/?post_type=product&#038;p=6120"},"modified":"2025-05-13T18:34:32","modified_gmt":"2025-05-13T17:34:32","slug":"brasil-brasil-die-geburt-der-moderne","status":"publish","type":"product","link":"https:\/\/snoeck.de\/fr\/shop\/brasil-brasil-die-geburt-der-moderne\/","title":{"rendered":"Le Br\u00e9sil ! Le Br\u00e9sil ! L'aube de la modernit\u00e9"},"content":{"rendered":"<h3>Le Br\u00e9sil ! L'aube de la modernit\u00e9<\/h3>\n<p>Durant l'hiver 1944, la Royal Academy of Arts a organis\u00e9 pendant trois semaines l'\"Exposition de peinture br\u00e9silienne moderne\" dans ses grandes galeries principales n\u00e9oclassiques. Le titre de l'exposition est quelque peu trompeur, car il s'agissait en fait de deux expositions diff\u00e9rentes en une seule : la premi\u00e8re, \"Exposition de peinture br\u00e9silienne moderne\", comprenait 80 peintures et 86 \u0153uvres sur papier, pr\u00e9sent\u00e9es dans deux galeries ; et la seconde, \"Brazil Builds\", contenait 192 photographies et occupait une seule galerie. Entre 1947 et 1948, le Museu de Arte Moderna de S\u00e3o Paulo (MAM-SP) et le Museu de Arte de S\u00e3o Paulo (MASP) ainsi que le Museu de Arte Moderna do Rio de Janeiro (MAM-RJ) ont tous deux ouvert leurs portes, et un critique d'art a qualifi\u00e9 ces initiatives de \"signes du d\u00e9sir br\u00e9silien de communiquer avec ses propres artistes et de s'associer \u00e0 ces centres d'expression artistique internationaux\". Peu de temps apr\u00e8s, en 1951, le Br\u00e9sil inaugurait la Biennale Internacional de S\u00e3o Paulo : la premi\u00e8re exposition biennale au monde apr\u00e8s Venise et une d\u00e9monstration de la valeur que le Br\u00e9sil accordait alors \u00e0 l'art et \u00e0 la culture, soulignant sa d\u00e9termination \u00e0 faire partie de la sc\u00e8ne artistique internationale \u00e9mergente de l'apr\u00e8s-guerre. La Semana de Arte Moderna (Semaine d'art moderne) de 1922 est consid\u00e9r\u00e9e comme le point de d\u00e9part du d\u00e9veloppement d'un modernisme br\u00e9silien, qui a donn\u00e9 naissance \u00e0 une premi\u00e8re g\u00e9n\u00e9ration d'artistes, dont Anita Malfatti (1889-1964) et Vicente do Rego Monteiro (1899-1970). L'aspect authentiquement br\u00e9silien de cette modernit\u00e9, tel que postul\u00e9 par l'\u00e9crivain Oswald de Andrade, serait le r\u00f4le de l'\"identit\u00e9 nationale\". Dans un manifeste, il demandait d'engloutir la culture europ\u00e9enne \u00e9trang\u00e8re, de la \"dig\u00e9rer\" et de l'utiliser en la transformant pour forger un art br\u00e9silien autonome. Cela implique \u00e9galement \"l'ingestion\" des cultures indig\u00e8nes et afro-br\u00e9siliennes. Les deux artistes susmentionn\u00e9s et d'autres protagonistes comme Lasar Segall (1891-1957) et Tarsila do Amaral (1886-1973) sont aujourd'hui consid\u00e9r\u00e9s comme ayant une certaine distance sociale par rapport au langage pictural indig\u00e8ne et aux rituels afro-br\u00e9siliens, distance qui a finalement \u00e9t\u00e9 surmont\u00e9e par une deuxi\u00e8me g\u00e9n\u00e9ration autour de Djanira da Motta e Silva (1914-1979) et Rubem Valentim (1922-1991). Aujourd'hui, tous ces artistes et leurs \u0153uvres font sensation dans des expositions telles que \"Foreigners Everywhere\" \u00e0 la 60e Biennale de Venise (organis\u00e9e par Adriano Pedrosa), car apr\u00e8s la conqu\u00eate formaliste \"dig\u00e9r\u00e9e\" par le modernisme europ\u00e9en, un langage visuel tout \u00e0 fait particulier est apparu dans les \u0153uvres. L'int\u00e9r\u00eat international pour le concept de modernit\u00e9 globale s'est fortement d\u00e9velopp\u00e9 depuis un certain temps et les parall\u00e8les scientifiques avec les d\u00e9fis de la modernit\u00e9 europ\u00e9enne sont abord\u00e9s au m\u00eame titre que les diff\u00e9rences politiques, sociales et culturelles. \"Br\u00e9sil ! Brasil ! - The Dawn of Modernity\" pr\u00e9sente, dans l'exposition et avec cette publication compl\u00e8te, les diff\u00e9rentes voies par lesquelles les artistes br\u00e9siliens ont d\u00e9velopp\u00e9 leur langage visuel moderne prononc\u00e9 et donne en m\u00eame temps, \u00e0 travers la pr\u00e9sentation de dix positions, une introduction aux conditions politiques, sociales et \u00e9conomiques marquantes ; des \u00e9tapes cl\u00e9s en litt\u00e9rature, musique, design et architecture ont \u00e9galement \u00e9t\u00e9 abord\u00e9es. Une premi\u00e8re occasion d'\u00e9change interculturel s'est pr\u00e9sent\u00e9e au Zentrum Paul Klee en 2019 avec l'exposition \"Paul Klee - Unstable Balance\", organis\u00e9e par Fabienne Eggelh\u00f6fer, qui a \u00e9t\u00e9 accueillie avec beaucoup d'int\u00e9r\u00eat par le public br\u00e9silien lors de sa tourn\u00e9e de Sa\u00f5 Paulo \u00e0 Belo Horizonte en passant par Rio de Janeiro.<\/p>\n<p>Exposition :<br \/>\nCentre Paul Klee Berne, 7\/9\/2024 - 5\/1\/2025<br \/>\nRoyal Academy of Arts, Londres, 28\/1 - 21\/4\/2025<\/p>\n<p>Artistes : Anita Malfatti, Vicente do Rego Monteiro, Tarsila do Amaral, Candido Portinari, Lasar Segall, Fl\u00e1vio de Carvalho, Alfredo Volpi, Djanira da Motta e Silva, Geraldo Barros, Rubem Valentim<\/p>\n<p><em>L'exposition est organis\u00e9e par le Zentrum Paul Klee, Berne, en collaboration avec la Royal Academy of Arts, Londres.<\/em><\/p>","protected":false},"excerpt":{"rendered":"<div class=\"field field-name-field-pub-b029 field-type-text field-label-hidden\">\n<div class=\"field-items\">\n<div class=\"field-item even\">\n<h2 id=\"book-subtitle\">Centre Paul Klee, Berne \/ Royal Academy of Arts, Londres<\/h2>\n<\/div>\n<\/div>\n<\/div>\n<div class=\"field field-name-field-pub-tech-descr field-type-text-long field-label-hidden\">\n<div class=\"field-items\">\n<div class=\"field-item even\">\n<p>Catalogue d'exposition, \u00e9dit\u00e9 par Fabienne Eggelh\u00f6fer, Nina Zimmer<br \/>\nTextes de G\u00eanese Andrade, Anna Paula Cavalcanti Simioni, Eduardo Jorge de Oliveira, Adrian Locke, Alecsandra Matias de Olivereia, Fabienne Eggelh\u00f6fer et Roberta Saraiva Coutinho, Giancarlo Hannud, Cac\u00e1 Machado, Guilherme Wisnik, une pr\u00e9face de Nina Zimmer, une chronologie compl\u00e8te et une bibliographie.<br \/>\n304 p. avec 200 illustrations en couleur<br \/>\n280 x 210 mm, couverture souple avec rabats<\/p>\n<\/div>\n<\/div>\n<\/div>","protected":false},"featured_media":6131,"template":"","meta":[],"product_brand":[],"product_cat":[88,59],"product_tag":[],"class_list":{"0":"post-6120","1":"product","2":"type-product","3":"status-publish","4":"has-post-thumbnail","6":"product_cat-88","7":"product_cat-b","9":"first","10":"instock","11":"taxable","12":"shipping-taxable","13":"purchasable","14":"product-type-simple"},"aioseo_notices":[],"_wp_attached_file":null,"_wp_attachment_metadata":null,"_wc_attachment_source":null,"_elementor_inline_svg":null,"_elementor_is_screenshot":null,"_elementor_source_image_hash":null,"_source_url":null,"_wp_attachment_context":null,"_menu_item_type":null,"_menu_item_menu_item_parent":null,"_menu_item_object_id":null,"_menu_item_object":null,"_menu_item_target":null,"_menu_item_classes":null,"_menu_item_xfn":null,"_menu_item_url":null,"__elementor_forms_snapshot":null,"_unit":"","_unit_base":"","_unit_product":"","_unit_price_auto":"no","_unit_price_regular":"","_unit_price":"","_unit_price_sale":"","_sale_price_label":"","_sale_price_regular_label":"","_manufacturer_slug":"","_mini_desc":"","_defect_description":"","_safety_instructions":"","_allergen_ids":[],"_warranty_attachment_id":"","_safety_attachment_ids":[],"_min_age":"","_ts_gtin":"","_ts_mpn":"","_delivery_time_countries":[],"_free_shipping":"no","_service":"no","_photovoltaic_system":"no","_used_good":"no","_defective_copy":"no","_wireless_electronic_device":"no","_device_contains_power_supply":"no","_device_charging_supports_usb_pd":"no","_device_charging_watt_min":"0","_device_charging_watt_max":"0","_is_food":"no","_differential_taxation":"no","_gzd_version":"3.19.10","_hs_code":"","_customs_description":"","_manufacture_country":"0","_is_non_returnable":"no","_shipping_length":"","_shipping_width":"","_shipping_height":"","_sku":"ISBN 978-3-86442-441-0","_global_unique_id":"978-3-86442-441-0","_regular_price":"48","total_sales":"0","_tax_status":"taxable","_tax_class":"","_manage_stock":"no","_backorders":"no","_sold_individually":"no","_weight":"2","_virtual":"no","_downloadable":"no","_download_limit":"-1","_download_expiry":"-1","_stock":"","_stock_status":"instock","_wc_average_rating":"0","_wc_review_count":"0","_product_version":"9.8.3","_price":"48","shopengine_product_views_count":"3364","_thumbnail_id":"6131","_product_attributes":null,"_nutrient_ids":null,"_upsell_ids":null,"pswc_subtitle":null,"_default_delivery_time":null,"_wp_desired_post_slug":null,"_isbn":null,"pageType":null,"isExternalUrl":null,"pageId":null,"externalUrl":null,"hideCookieBanner":null,"isTargetBlank":null,"isProviderCurrentWebsite":null,"isEmbeddingOnlyExternalResources":null,"legalBasis":null,"dataProcessingInCountries":null,"dataProcessingInCountriesSpecialTreatments":null,"technicalDefinitions":null,"googleConsentModeConsentTypes":null,"executePriority":null,"executeCodeOptInWhenNoTagManagerConsentIsGiven":null,"executeCodeOptOutWhenNoTagManagerConsentIsGiven":null,"deleteTechnicalDefinitionsAfterOptOut":null,"presetId":null,"presetVersion":null,"provider":null,"providerContactPhone":null,"providerContactEmail":null,"providerContactLink":null,"uniqueName":null,"providerPrivacyPolicyUrl":null,"providerLegalNoticeUrl":null,"codeOptIn":null,"codeOptOut":null,"codeOnPageLoad":null,"language_code":null,"shopengine_template__post_meta__type":null,"shopengine_template__post_meta":null,"shopengine_template__post_meta__edit_with":null,"origin":null,"_enabled":null,"_filters":null,"_layout":null,"_elementor_import_session_id":null,"_wp_trash_meta_status":null,"_wp_trash_meta_time":null,"_edit_lock":"1747157550:2","_elementor_floating_elements_type":null,"_elementor_edit_mode":null,"_elementor_template_type":null,"tc-thumb-fld":{"_thumb_id":6131,"_thumb_type":"thumb"},"_wp_page_template":"default","_elementor_version":null,"_elementor_pro_version":null,"_elementor_page_settings":null,"_elementor_data":null,"_elementor_conditions":null,"_elementor_popup_display_settings":null,"_edit_last":"2","_elementor_template_sub_type":null,"_elementor_controls_usage":null,"_elementor_screenshot":null,"_elementor_css":null,"_elementor_page_assets":[],"_elementor_element_cache":null,"_elementor_screenshot_failed":null,"_elementor_source":null,"_wp_old_date":"2025-04-04","layout_key":"","post_slider_check_key":"0","_links":{"self":[{"href":"https:\/\/snoeck.de\/fr\/wp-json\/wp\/v2\/product\/6120","targetHints":{"allow":["GET"]}}],"collection":[{"href":"https:\/\/snoeck.de\/fr\/wp-json\/wp\/v2\/product"}],"about":[{"href":"https:\/\/snoeck.de\/fr\/wp-json\/wp\/v2\/types\/product"}],"wp:featuredmedia":[{"embeddable":true,"href":"https:\/\/snoeck.de\/fr\/wp-json\/wp\/v2\/media\/6131"}],"wp:attachment":[{"href":"https:\/\/snoeck.de\/fr\/wp-json\/wp\/v2\/media?parent=6120"}],"wp:term":[{"taxonomy":"product_brand","embeddable":true,"href":"https:\/\/snoeck.de\/fr\/wp-json\/wp\/v2\/product_brand?post=6120"},{"taxonomy":"product_cat","embeddable":true,"href":"https:\/\/snoeck.de\/fr\/wp-json\/wp\/v2\/product_cat?post=6120"},{"taxonomy":"product_tag","embeddable":true,"href":"https:\/\/snoeck.de\/fr\/wp-json\/wp\/v2\/product_tag?post=6120"}],"curies":[{"name":"wp","href":"https:\/\/api.w.org\/{rel}","templated":true}]}}