{"id":6122,"date":"2024-04-04T08:48:56","date_gmt":"2024-04-04T08:48:56","guid":{"rendered":"https:\/\/snoeck.process-vision.de\/?post_type=product&#038;p=6122"},"modified":"2025-04-08T06:28:16","modified_gmt":"2025-04-08T06:28:16","slug":"franz-grabmayr-opera-1970-1980","status":"publish","type":"product","link":"https:\/\/snoeck.de\/fr\/shop\/franz-grabmayr-opera-1970-1980\/","title":{"rendered":"Franz Grabmayr : Op\u00e9ra 1970-1980"},"content":{"rendered":"<h3>\"Le Noureev ne s'arr\u00eatait pas non plus \u00e0 l'Op\u00e9ra d'\u00c9tat quand je travaillais\".<\/h3>\n<p>\"Moi, je peins le mouvement. Alors c'est de la danse ! La danse est dynamique !\" disait Franz Grabmayr (1927-2015) dans les ann\u00e9es 1980 \u00e0 propos de ses \"tableaux de danse\". Le peintre viennois post-abstrait avait lanc\u00e9 ce propre groupe d'\u0153uvres vers 1971 \u00e0 l'Op\u00e9ra national de Vienne pendant l'entra\u00eenement de ballet et le soir pendant les repr\u00e9sentations, o\u00f9 il pouvait se tenir dans un couloir \u00e0 c\u00f4t\u00e9 de la sc\u00e8ne, quasiment entre deux rideaux diff\u00e9rents, avec vue sur les spectacles. Il fixait ainsi sur le papier, au fusain et \u00e0 l'encre de couleur, la forme de corps humains en mouvement. D'une certaine mani\u00e8re, selon Robert Fleck, il a ainsi r\u00e9activ\u00e9 la pratique d'atelier d'Auguste Rodin, qui laissait souvent plusieurs mod\u00e8les nus se promener librement dans la pi\u00e8ce pendant qu'il les modelait. Chez Franz Grabmayr, les mod\u00e8les sont toutefois exag\u00e9r\u00e9s de mani\u00e8re expressive dans le sens de la modulation de C\u00e9zanne, tout comme auparavant dans sa peinture de paysage. \"La figure est en fait d\u00e9chir\u00e9e lorsqu'une danseuse travaille de mani\u00e8re tr\u00e8s dynamique, lorsqu'elle se d\u00e9place plus lentement, les feuilles deviennent plus plates. Je fais aussi souvent juger mes feuilles par les danseuses, parce qu'elles ont senti ce qu'elles ont dans\u00e9 l\u00e0. Et si elles voient ce sentiment \u00e0 l'int\u00e9rieur de la feuille, alors la feuille est bonne pour elles. Noureev ne s'arr\u00eatait pas non plus \u00e0 l'Op\u00e9ra national quand je travaillais. Et c'est ainsi que j'ai appris \u00e0 peindre des relations rythmiques \u00e0 partir du mouvement\". Robert Fleck met donc cette approche en relation avec les d\u00e9clarations programmatiques du mouvement d'avant-garde des ann\u00e9es 1960, qui pr\u00f4naient l'id\u00e9al utopique d'un \"art direct\". Les travaux de Franz Grabmayr \u00e9taient \u00e9troitement li\u00e9s \u00e0 cette id\u00e9e, raison pour laquelle les \u0153uvres d'un Frank Auerbach, d'un Eug\u00e8ne Leroy ou encore d'un Chaim Soutine peuvent \u00e9galement \u00eatre consid\u00e9r\u00e9es comme des \"parent\u00e9s\". Mais la peinture de Franz Grabmayr reste solitaire, ses motifs de bottes de paille, de champs de c\u00e9r\u00e9ales, d'arbres et de rhizomes, sa peinture de paysage comme ses travaux sur la danse et l'op\u00e9ra sont un refus de toute lourdeur dans la peinture. Ceux qui le souhaitent peuvent \u00e9galement voir dans sa peinture de paysage une adresse artistique pr\u00e9coce \u00e0 des th\u00e8mes \u00e9cologiques. La jeune g\u00e9n\u00e9ration d'artistes autrichiens, qui a connu un succ\u00e8s consid\u00e9rable dans les ann\u00e9es 1980, a d\u00e9couvert tr\u00e8s t\u00f4t Franz Grabmayr comme point de r\u00e9f\u00e9rence. Et l'exposition de son \u0153uvre qui vient de d\u00e9buter \u00e0 l'Albertina de Vienne (jusqu'au 13 octobre 2024) l'int\u00e8gre d\u00e9finitivement dans le canon de l'art moderne. Et ses \"feuilles de danse\" et ses \"tableaux de danse\" flottent dans l'espace, ils repr\u00e9sentent \"la l\u00e9g\u00e8ret\u00e9\" comme le dit la presse.<\/p>\n<p>Exposition :<br \/>\nOp\u00e9ra d'\u00c9tat de Vienne, Vienne, 4\/9\/2024 - 30\/1\/2025<\/p>","protected":false},"excerpt":{"rendered":"<div class=\"field field-name-field-pub-b029 field-type-text field-label-hidden\">\n<div class=\"field-items\">\n<div class=\"field-item even\">\n<h2 id=\"book-subtitle\">Feuilles de l'Op\u00e9ra d'\u00c9tat de Vienne<\/h2>\n<\/div>\n<\/div>\n<\/div>\n<div class=\"field field-name-field-pub-tech-descr field-type-text-long field-label-hidden\">\n<div class=\"field-items\">\n<div class=\"field-item even\">\n<p>Publi\u00e9 par Jakob Grabmayr \/ Grabmayr Estate<br \/>\nTexte de Robert Fleck et interviews des danseurs* par Patrick Schuster<br \/>\n88 p. avec 30 illustrations en couleur<br \/>\nFormat 17 x 12,8 cm, couverture rigide<\/p>\n<\/div>\n<\/div>\n<\/div>","protected":false},"featured_media":6132,"template":"","meta":[],"product_brand":[],"product_cat":[88,64],"product_tag":[],"class_list":{"0":"post-6122","1":"product","2":"type-product","3":"status-publish","4":"has-post-thumbnail","6":"product_cat-88","7":"product_cat-g","9":"first","10":"instock","11":"taxable","12":"shipping-taxable","13":"purchasable","14":"product-type-simple"},"aioseo_notices":[],"_wp_attached_file":null,"_wp_attachment_metadata":null,"_wc_attachment_source":null,"_elementor_inline_svg":null,"_elementor_is_screenshot":null,"_elementor_source_image_hash":null,"_source_url":null,"_wp_attachment_context":null,"_menu_item_type":null,"_menu_item_menu_item_parent":null,"_menu_item_object_id":null,"_menu_item_object":null,"_menu_item_target":null,"_menu_item_classes":null,"_menu_item_xfn":null,"_menu_item_url":null,"__elementor_forms_snapshot":null,"_unit":"","_unit_base":"","_unit_product":"","_unit_price_auto":"no","_unit_price_regular":"","_unit_price":"","_unit_price_sale":"","_sale_price_label":"","_sale_price_regular_label":"","_manufacturer_slug":"","_mini_desc":"","_defect_description":"","_safety_instructions":"","_allergen_ids":[],"_warranty_attachment_id":"","_safety_attachment_ids":[],"_min_age":"","_ts_gtin":"","_ts_mpn":"","_delivery_time_countries":[],"_free_shipping":"no","_service":"no","_photovoltaic_system":"no","_used_good":"no","_defective_copy":"no","_wireless_electronic_device":"no","_device_contains_power_supply":"no","_device_charging_supports_usb_pd":"no","_device_charging_watt_min":"0","_device_charging_watt_max":"0","_is_food":"no","_differential_taxation":"no","_gzd_version":"3.18.7","_hs_code":"","_customs_description":"","_manufacture_country":"0","_is_non_returnable":"no","_shipping_length":"","_shipping_width":"","_shipping_height":"","_sku":null,"_global_unique_id":null,"_regular_price":"24.80","total_sales":"0","_tax_status":"taxable","_tax_class":"","_manage_stock":"no","_backorders":"no","_sold_individually":"no","_weight":"1","_virtual":"no","_downloadable":"no","_download_limit":"-1","_download_expiry":"-1","_stock":"","_stock_status":"instock","_wc_average_rating":"0","_wc_review_count":"0","_product_version":"9.7.1","_price":"24.80","shopengine_product_views_count":"2899","_thumbnail_id":"6132","_product_attributes":null,"_nutrient_ids":null,"_upsell_ids":null,"pswc_subtitle":null,"_default_delivery_time":null,"_wp_desired_post_slug":null,"_isbn":null,"pageType":null,"isExternalUrl":null,"pageId":null,"externalUrl":null,"hideCookieBanner":null,"isTargetBlank":null,"isProviderCurrentWebsite":null,"isEmbeddingOnlyExternalResources":null,"legalBasis":null,"dataProcessingInCountries":null,"dataProcessingInCountriesSpecialTreatments":null,"technicalDefinitions":null,"googleConsentModeConsentTypes":null,"executePriority":null,"executeCodeOptInWhenNoTagManagerConsentIsGiven":null,"executeCodeOptOutWhenNoTagManagerConsentIsGiven":null,"deleteTechnicalDefinitionsAfterOptOut":null,"presetId":null,"presetVersion":null,"provider":null,"providerContactPhone":null,"providerContactEmail":null,"providerContactLink":null,"uniqueName":null,"providerPrivacyPolicyUrl":null,"providerLegalNoticeUrl":null,"codeOptIn":null,"codeOptOut":null,"codeOnPageLoad":null,"language_code":null,"shopengine_template__post_meta__type":null,"shopengine_template__post_meta":null,"shopengine_template__post_meta__edit_with":null,"origin":null,"_enabled":null,"_filters":null,"_layout":null,"_elementor_import_session_id":null,"_wp_trash_meta_status":null,"_wp_trash_meta_time":null,"_edit_lock":"1744093556:1","_elementor_floating_elements_type":null,"_elementor_edit_mode":null,"_elementor_template_type":null,"tc-thumb-fld":{"_thumb_id":6132,"_thumb_type":"thumb"},"_wp_page_template":"default","_elementor_version":null,"_elementor_pro_version":null,"_elementor_page_settings":null,"_elementor_data":null,"_elementor_conditions":null,"_elementor_popup_display_settings":null,"_edit_last":"1","_elementor_template_sub_type":null,"_elementor_controls_usage":null,"_elementor_screenshot":null,"_elementor_css":null,"_elementor_page_assets":[],"_elementor_element_cache":null,"_elementor_screenshot_failed":null,"_elementor_source":null,"_wp_old_date":"2025-04-04","layout_key":"","post_slider_check_key":"0","_links":{"self":[{"href":"https:\/\/snoeck.de\/fr\/wp-json\/wp\/v2\/product\/6122","targetHints":{"allow":["GET"]}}],"collection":[{"href":"https:\/\/snoeck.de\/fr\/wp-json\/wp\/v2\/product"}],"about":[{"href":"https:\/\/snoeck.de\/fr\/wp-json\/wp\/v2\/types\/product"}],"wp:featuredmedia":[{"embeddable":true,"href":"https:\/\/snoeck.de\/fr\/wp-json\/wp\/v2\/media\/6132"}],"wp:attachment":[{"href":"https:\/\/snoeck.de\/fr\/wp-json\/wp\/v2\/media?parent=6122"}],"wp:term":[{"taxonomy":"product_brand","embeddable":true,"href":"https:\/\/snoeck.de\/fr\/wp-json\/wp\/v2\/product_brand?post=6122"},{"taxonomy":"product_cat","embeddable":true,"href":"https:\/\/snoeck.de\/fr\/wp-json\/wp\/v2\/product_cat?post=6122"},{"taxonomy":"product_tag","embeddable":true,"href":"https:\/\/snoeck.de\/fr\/wp-json\/wp\/v2\/product_tag?post=6122"}],"curies":[{"name":"wp","href":"https:\/\/api.w.org\/{rel}","templated":true}]}}