{"id":6431,"date":"2025-05-10T18:00:00","date_gmt":"2025-05-10T17:00:00","guid":{"rendered":"https:\/\/snoeck.de\/?post_type=product&#038;p=6431"},"modified":"2025-08-13T13:36:35","modified_gmt":"2025-08-13T11:36:35","slug":"monster-chetwynd-the-trompe-loeil-cleavage","status":"publish","type":"product","link":"https:\/\/snoeck.de\/fr\/shop\/monster-chetwynd-the-trompe-loeil-cleavage\/","title":{"rendered":"Monster Chetwynd : The Trompe l'\u0153il Cleavage"},"content":{"rendered":"<h3><strong>\"Je suis impatient quand il s'agit de faire, et je saisis toujours tout ce qui m'entoure, m\u00eame si cela ne m'appartient pas - je m'en sers\".<\/strong><\/h3>\n<p>L'artiste anglaise Monster Chetwynd (n\u00e9e en 1973 \u00e0 Londres) a acquis une renomm\u00e9e internationale gr\u00e2ce \u00e0 ses performances carnavalesques qui rappellent les jeux de myst\u00e8re et de carnaval du Moyen-\u00c2ge et reprennent des th\u00e8mes de l'histoire de l'art et de la culture pop, bien qu'elle se soit \u00e9galement fait conna\u00eetre dans les ann\u00e9es 2000 sous le nom de Spartacus ou Marvin Gaye Chetwynd. En 2012, elle a \u00e9t\u00e9 la premi\u00e8re artiste de performance \u00e0 \u00eatre nomin\u00e9e pour le prestigieux prix Turner et occupe aujourd'hui encore avec ses travaux l'une des positions les plus importantes dans le domaine de la performance contemporaine. L'\u0153uvre artistique de Chetwynd va toutefois bien au-del\u00e0 : elle travaille avec la peinture et la sculpture, avec des installations et des films. Sa pratique artistique se caract\u00e9rise par l'appel et la combinaison de sources culturelles tr\u00e8s diverses. Elle cr\u00e9e de la nouveaut\u00e9, allie l'humour \u00e0 la curiosit\u00e9 et recherche des collaborations - ce sont les caract\u00e9ristiques les plus marquantes de son \u0153uvre. L'exposition au Kunsthaus de Zurich pr\u00e9sente pour la premi\u00e8re fois l'\u0153uvre compl\u00e8te de Monster Chetwynd en Suisse. Plus de 60 \u0153uvres des 25 derni\u00e8res ann\u00e9es font partie d'une architecture d'exposition immersive. Le livre accompagnant l'exposition \"The Trompe-l'\u0153il Cleavage\" d\u00e9ploie la diversit\u00e9 de son \u0153uvre dans un mode d'action esth\u00e9tique coordonn\u00e9 avec l'artiste.<\/p>\n<p>Exposition :<br \/>\nKunsthaus Zurich, 16\/5 - 31\/8\/2025<\/p>\n<p>&nbsp;<\/p>","protected":false},"excerpt":{"rendered":"<p>Catalogue d'exposition Kunsthaus Z\u00fcrich<br \/>\nTextes (all.\/ang.) d'Elisabeth Bronfen, Emily Pathick, interview de l'artiste par Raphael Gygax, pr\u00e9face d'Ann Demeester<br \/>\n192 p. avec 150 illustrations en couleur<br \/>\nformat 28 x 21 cm, broch\u00e9 avec jaquette<\/p>","protected":false},"featured_media":6432,"template":"","meta":[],"product_brand":[],"product_cat":[89,60],"product_tag":[],"class_list":{"0":"post-6431","1":"product","2":"type-product","3":"status-publish","4":"has-post-thumbnail","6":"product_cat-89","7":"product_cat-c","9":"first","10":"instock","11":"taxable","12":"shipping-taxable","13":"purchasable","14":"product-type-simple"},"aioseo_notices":[],"_wp_attached_file":null,"_wp_attachment_metadata":null,"_wc_attachment_source":null,"_elementor_inline_svg":null,"_elementor_is_screenshot":null,"_elementor_source_image_hash":null,"_source_url":null,"_wp_attachment_context":null,"_menu_item_type":null,"_menu_item_menu_item_parent":null,"_menu_item_object_id":null,"_menu_item_object":null,"_menu_item_target":null,"_menu_item_classes":null,"_menu_item_xfn":null,"_menu_item_url":null,"__elementor_forms_snapshot":null,"_unit":"","_unit_base":"","_unit_product":"","_unit_price_auto":"no","_unit_price_regular":"","_unit_price":"","_unit_price_sale":"","_sale_price_label":"","_sale_price_regular_label":"","_manufacturer_slug":"","_mini_desc":"","_defect_description":"","_safety_instructions":"","_allergen_ids":[],"_warranty_attachment_id":"","_safety_attachment_ids":[],"_min_age":"","_ts_gtin":"","_ts_mpn":"","_delivery_time_countries":[],"_free_shipping":"no","_service":"no","_photovoltaic_system":"no","_used_good":"no","_defective_copy":"no","_wireless_electronic_device":"no","_device_contains_power_supply":"no","_device_charging_supports_usb_pd":"no","_device_charging_watt_min":"0","_device_charging_watt_max":"0","_is_food":"no","_differential_taxation":"no","_gzd_version":"3.20.1","_hs_code":"","_customs_description":"","_manufacture_country":"0","_is_non_returnable":"no","_shipping_length":"","_shipping_width":"","_shipping_height":"","_sku":"ISBN 978-3-86442-462-5","_global_unique_id":null,"_regular_price":"48","total_sales":"1","_tax_status":"taxable","_tax_class":"","_manage_stock":"no","_backorders":"no","_sold_individually":"no","_weight":"0.7","_virtual":"no","_downloadable":"no","_download_limit":"-1","_download_expiry":"-1","_stock":"","_stock_status":"instock","_wc_average_rating":"0","_wc_review_count":"0","_product_version":"10.1.0","_price":"48","shopengine_product_views_count":"3394","_thumbnail_id":"6432","_product_attributes":null,"_nutrient_ids":null,"_upsell_ids":null,"pswc_subtitle":null,"_default_delivery_time":null,"_wp_desired_post_slug":null,"_isbn":"9783864424625","pageType":null,"isExternalUrl":null,"pageId":null,"externalUrl":null,"hideCookieBanner":null,"isTargetBlank":null,"isProviderCurrentWebsite":null,"isEmbeddingOnlyExternalResources":null,"legalBasis":null,"dataProcessingInCountries":null,"dataProcessingInCountriesSpecialTreatments":null,"technicalDefinitions":null,"googleConsentModeConsentTypes":null,"executePriority":null,"executeCodeOptInWhenNoTagManagerConsentIsGiven":null,"executeCodeOptOutWhenNoTagManagerConsentIsGiven":null,"deleteTechnicalDefinitionsAfterOptOut":null,"presetId":null,"presetVersion":null,"provider":null,"providerContactPhone":null,"providerContactEmail":null,"providerContactLink":null,"uniqueName":null,"providerPrivacyPolicyUrl":null,"providerLegalNoticeUrl":null,"codeOptIn":null,"codeOptOut":null,"codeOnPageLoad":null,"language_code":null,"shopengine_template__post_meta__type":null,"shopengine_template__post_meta":null,"shopengine_template__post_meta__edit_with":null,"origin":null,"_enabled":null,"_filters":null,"_layout":null,"_elementor_import_session_id":null,"_wp_trash_meta_status":null,"_wp_trash_meta_time":null,"_edit_lock":"1755159085:2","_elementor_floating_elements_type":null,"_elementor_edit_mode":null,"_elementor_template_type":null,"tc-thumb-fld":{"_thumb_id":6432,"_thumb_type":"thumb"},"_wp_page_template":null,"_elementor_version":null,"_elementor_pro_version":null,"_elementor_page_settings":null,"_elementor_data":null,"_elementor_conditions":null,"_elementor_popup_display_settings":null,"_edit_last":"1","_elementor_template_sub_type":null,"_elementor_controls_usage":null,"_elementor_screenshot":null,"_elementor_css":null,"_elementor_page_assets":[],"_elementor_element_cache":null,"_elementor_screenshot_failed":null,"_elementor_source":null,"_wp_old_date":"2025-05-12","layout_key":"","post_slider_check_key":"0","_links":{"self":[{"href":"https:\/\/snoeck.de\/fr\/wp-json\/wp\/v2\/product\/6431","targetHints":{"allow":["GET"]}}],"collection":[{"href":"https:\/\/snoeck.de\/fr\/wp-json\/wp\/v2\/product"}],"about":[{"href":"https:\/\/snoeck.de\/fr\/wp-json\/wp\/v2\/types\/product"}],"wp:featuredmedia":[{"embeddable":true,"href":"https:\/\/snoeck.de\/fr\/wp-json\/wp\/v2\/media\/6432"}],"wp:attachment":[{"href":"https:\/\/snoeck.de\/fr\/wp-json\/wp\/v2\/media?parent=6431"}],"wp:term":[{"taxonomy":"product_brand","embeddable":true,"href":"https:\/\/snoeck.de\/fr\/wp-json\/wp\/v2\/product_brand?post=6431"},{"taxonomy":"product_cat","embeddable":true,"href":"https:\/\/snoeck.de\/fr\/wp-json\/wp\/v2\/product_cat?post=6431"},{"taxonomy":"product_tag","embeddable":true,"href":"https:\/\/snoeck.de\/fr\/wp-json\/wp\/v2\/product_tag?post=6431"}],"curies":[{"name":"wp","href":"https:\/\/api.w.org\/{rel}","templated":true}]}}