{"id":6446,"date":"2025-05-30T08:00:58","date_gmt":"2025-05-30T07:00:58","guid":{"rendered":"https:\/\/snoeck.de\/shop\/petra-frey-glas-licht\/"},"modified":"2025-05-28T08:10:22","modified_gmt":"2025-05-28T07:10:22","slug":"petra-frey-glas-licht","status":"publish","type":"product","link":"https:\/\/snoeck.de\/fr\/shop\/petra-frey-glas-licht\/","title":{"rendered":"Petra Frey : Lumi\u00e8re en verre"},"content":{"rendered":"<h3>Que voit-on ici ?<\/h3>\n<p>Un chatoiement et un scintillement de lumi\u00e8res et de reflets qui s'unissent pour former un anneau flottant devant un espace infini. Avec sa peinture, Petra Frey \u00e9volue dans des mondes interm\u00e9diaires, entre r\u00e9alit\u00e9 et illusion, figuration et abstraction. Le verre est son objet, le mat\u00e9riau de base de sa peinture, auquel elle se consacre syst\u00e9matiquement depuis des ann\u00e9es. Le verre est multiple, visqueux et cristallin, fragile et r\u00e9sistant, froid et dur, il semble l\u00e9ger et peut pourtant devenir lourd comme la pierre. En m\u00eame temps, le mat\u00e9riau invite \u00e0 des charges m\u00e9taphoriques et spirituelles. Ce n'est pas le cas de Petra Frey, qui est pass\u00e9e de la repr\u00e9sentation de parties fragment\u00e9es \u00e0 des r\u00e9fractions, des vues individuelles et des repr\u00e9sentations globales. Elle privil\u00e9gie un jeu libre de reflets et de r\u00e9flexions qui se dissolvent dans l'espace. Ses repr\u00e9sentations \u00e9mergent d'un fond g\u00e9n\u00e9ralement sombre, qui lui permet de jouer avec les reflets et la transparence, jusqu'\u00e0 des ph\u00e9nom\u00e8nes lumineux inhabituels. En lib\u00e9rant ainsi la lumi\u00e8re, Petra Frey d\u00e9mat\u00e9rialise en quelque sorte les objets en verre qu'elle repr\u00e9sente, comme si elle lib\u00e9rait le verre de sa mat\u00e9rialit\u00e9 pour le transformer en pure lumi\u00e8re.<\/p>\n<p>Exposition : Galerie de la Kreissparkasse Esslingen-N\u00fcrtingen, 3\/6 - 25\/7\/2025<\/p>","protected":false},"excerpt":{"rendered":"<p>Catalogue de l'exposition<br \/>\nTexte (all.\/ang.) de Tobias Wall<br \/>\n72 p. avec 40 illustrations en couleur<br \/>\nformat 23 x 29,5 cm, couverture souple<\/p>","protected":false},"featured_media":6447,"template":"","meta":[],"product_brand":[],"product_cat":[89,63],"product_tag":[],"class_list":{"0":"post-6446","1":"product","2":"type-product","3":"status-publish","4":"has-post-thumbnail","6":"product_cat-89","7":"product_cat-f","9":"first","10":"instock","11":"taxable","12":"shipping-taxable","13":"purchasable","14":"product-type-simple"},"aioseo_notices":[],"_wp_attached_file":null,"_wp_attachment_metadata":null,"_wc_attachment_source":null,"_elementor_inline_svg":null,"_elementor_is_screenshot":null,"_elementor_source_image_hash":null,"_source_url":null,"_wp_attachment_context":null,"_menu_item_type":null,"_menu_item_menu_item_parent":null,"_menu_item_object_id":null,"_menu_item_object":null,"_menu_item_target":null,"_menu_item_classes":null,"_menu_item_xfn":null,"_menu_item_url":null,"__elementor_forms_snapshot":null,"_unit":"","_unit_base":"","_unit_product":"","_unit_price_auto":"no","_unit_price_regular":"","_unit_price":"","_unit_price_sale":"","_sale_price_label":"","_sale_price_regular_label":"","_manufacturer_slug":"","_mini_desc":"","_defect_description":"","_safety_instructions":"","_allergen_ids":[],"_warranty_attachment_id":"","_safety_attachment_ids":[],"_min_age":"","_ts_gtin":"","_ts_mpn":"","_delivery_time_countries":[],"_free_shipping":"no","_service":"no","_photovoltaic_system":"no","_used_good":"no","_defective_copy":"no","_wireless_electronic_device":"no","_device_contains_power_supply":"no","_device_charging_supports_usb_pd":"no","_device_charging_watt_min":"0","_device_charging_watt_max":"0","_is_food":"no","_differential_taxation":"no","_gzd_version":"3.19.10","_hs_code":"","_customs_description":"","_manufacture_country":"0","_is_non_returnable":"no","_shipping_length":"","_shipping_width":"","_shipping_height":"","_sku":"ISBN 978-3-86442-459-5","_global_unique_id":"978-3-86442-459-5","_regular_price":"24.8","total_sales":"0","_tax_status":"taxable","_tax_class":"","_manage_stock":"no","_backorders":"no","_sold_individually":"no","_weight":"1","_virtual":"no","_downloadable":"no","_download_limit":"-1","_download_expiry":"-1","_stock":"","_stock_status":"instock","_wc_average_rating":"0","_wc_review_count":"0","_product_version":"9.8.3","_price":"24.8","shopengine_product_views_count":"3396","_thumbnail_id":"6447","_product_attributes":null,"_nutrient_ids":null,"_upsell_ids":null,"pswc_subtitle":null,"_default_delivery_time":"","_wp_desired_post_slug":null,"_isbn":"9783864424595","pageType":null,"isExternalUrl":null,"pageId":null,"externalUrl":null,"hideCookieBanner":null,"isTargetBlank":null,"isProviderCurrentWebsite":null,"isEmbeddingOnlyExternalResources":null,"legalBasis":null,"dataProcessingInCountries":null,"dataProcessingInCountriesSpecialTreatments":null,"technicalDefinitions":null,"googleConsentModeConsentTypes":null,"executePriority":null,"executeCodeOptInWhenNoTagManagerConsentIsGiven":null,"executeCodeOptOutWhenNoTagManagerConsentIsGiven":null,"deleteTechnicalDefinitionsAfterOptOut":null,"presetId":null,"presetVersion":null,"provider":null,"providerContactPhone":null,"providerContactEmail":null,"providerContactLink":null,"uniqueName":null,"providerPrivacyPolicyUrl":null,"providerLegalNoticeUrl":null,"codeOptIn":null,"codeOptOut":null,"codeOnPageLoad":null,"language_code":null,"shopengine_template__post_meta__type":null,"shopengine_template__post_meta":null,"shopengine_template__post_meta__edit_with":null,"origin":null,"_enabled":null,"_filters":null,"_layout":null,"_elementor_import_session_id":null,"_wp_trash_meta_status":null,"_wp_trash_meta_time":null,"_edit_lock":"1773932651:2","_elementor_floating_elements_type":null,"_elementor_edit_mode":null,"_elementor_template_type":null,"tc-thumb-fld":{"_thumb_id":6447,"_thumb_type":"thumb"},"_wp_page_template":null,"_elementor_version":null,"_elementor_pro_version":null,"_elementor_page_settings":null,"_elementor_data":null,"_elementor_conditions":null,"_elementor_popup_display_settings":null,"_edit_last":"2","_elementor_template_sub_type":null,"_elementor_controls_usage":null,"_elementor_screenshot":null,"_elementor_css":null,"_elementor_page_assets":[],"_elementor_element_cache":null,"_elementor_screenshot_failed":null,"_elementor_source":null,"_wp_old_date":null,"layout_key":"","post_slider_check_key":"0","_links":{"self":[{"href":"https:\/\/snoeck.de\/fr\/wp-json\/wp\/v2\/product\/6446","targetHints":{"allow":["GET"]}}],"collection":[{"href":"https:\/\/snoeck.de\/fr\/wp-json\/wp\/v2\/product"}],"about":[{"href":"https:\/\/snoeck.de\/fr\/wp-json\/wp\/v2\/types\/product"}],"wp:featuredmedia":[{"embeddable":true,"href":"https:\/\/snoeck.de\/fr\/wp-json\/wp\/v2\/media\/6447"}],"wp:attachment":[{"href":"https:\/\/snoeck.de\/fr\/wp-json\/wp\/v2\/media?parent=6446"}],"wp:term":[{"taxonomy":"product_brand","embeddable":true,"href":"https:\/\/snoeck.de\/fr\/wp-json\/wp\/v2\/product_brand?post=6446"},{"taxonomy":"product_cat","embeddable":true,"href":"https:\/\/snoeck.de\/fr\/wp-json\/wp\/v2\/product_cat?post=6446"},{"taxonomy":"product_tag","embeddable":true,"href":"https:\/\/snoeck.de\/fr\/wp-json\/wp\/v2\/product_tag?post=6446"}],"curies":[{"name":"wp","href":"https:\/\/api.w.org\/{rel}","templated":true}]}}