{"id":6461,"date":"2025-06-03T17:49:29","date_gmt":"2025-06-03T16:49:29","guid":{"rendered":"https:\/\/snoeck.de\/shop\/juergen-partenheimer-die-entfernung-im-stand-luftwaerts\/"},"modified":"2025-10-09T11:25:09","modified_gmt":"2025-10-09T09:25:09","slug":"juergen-partenheimer-die-entfernung-im-stand-luftwaerts","status":"publish","type":"product","link":"https:\/\/snoeck.de\/fr\/shop\/juergen-partenheimer-die-entfernung-im-stand-luftwaerts\/","title":{"rendered":"J\u00fcrgen Partenheimer : La distance en position debout vers l'air"},"content":{"rendered":"<p><iframe hcb-fetch-image-from=\"https:\/\/www.youtube.com\/watch?v=xGP-l9fCCIk&amp;feature=youtu.be\" title=\"J\u00fcrgen Patenheimer Livre d&#039;artiste 1970 2023\" width=\"800\" height=\"450\" src=\"https:\/\/www.youtube.com\/embed\/xGP-l9fCCIk?feature=oembed\" frameborder=\"0\" allow=\"accelerometer; autoplay; clipboard-write; encrypted-media; gyroscope; picture-in-picture; web-share\" referrerpolicy=\"strict-origin-when-cross-origin\" allowfullscreen><\/iframe><\/p>\n<h3>Ma\u00eetre du livre d'artiste<\/h3>\n<p>Depuis 1970, J\u00fcrgen Partenheimer (*1947) a saisi l'occasion de condenser son art sur l'essentiel avec ses livres uniques, r\u00e9vis\u00e9s et \u00e9dit\u00e9s. Ses images et ses livres, qui se distinguent par une qualit\u00e9 po\u00e9tique et dont la syntaxe rigoureuse des \u00e9l\u00e9ments formels est convaincante, respirent une \"invitation \u00e0 suivre la curiosit\u00e9 et l'envie d'aventure, \u00e0 partir vers l'inconnu\", comme l'\u00e9crit Gabriele Wix, l'\u00e9ditrice du catalogue des \u0153uvres. Chacun des livres de J\u00fcrgen Partenheimer implique une r\u00e9flexion sur son mode de fabrication et son lien avec les significations et les \u00e9motions de son contenu. Ils repr\u00e9sentent beaucoup de choses qui caract\u00e9risent ces livres d'artiste tr\u00e8s appr\u00e9ci\u00e9s : le statut m\u00e9diatique \u00e0 part enti\u00e8re en tant qu'\u0153uvre d'art, l'\u00e9norme conscience esth\u00e9tique et qualitative avec laquelle l'artiste accompagne toutes les \u00e9tapes de la fabrication, et le dialogue ouvert et associatif de l'image et du texte qui constitue l'\"espace\" sp\u00e9cifique du livre. Dans ce catalogue raisonn\u00e9, tous les livres d'artistes sont reproduits, r\u00e9pertori\u00e9s avec pr\u00e9cision sur le plan bibliographique et accompagn\u00e9s d'une s\u00e9lection d'illustrations.<\/p>","protected":false},"excerpt":{"rendered":"<p>Livres d'artistes 1970-2023<br \/>\n(\u00e9d. par Gabriele Wix)<br \/>\n= Cahiers de la KMB vol. 11\/2024<br \/>\n(\u00e9d. par Elke Purpus)<br \/>\nTextes (all.\/partial. fr.\/angl.\/esp.) de Robert Creely, John Burnside, Browyn Law-Vilijoen, Jos\u00e9 Angel Valente et John Yau. Pr\u00e9face d'Elke Purpus, introduction au catalogue raisonn\u00e9 par Gabriele Wix.<br \/>\n272 p. avec 320 couleurs. illustrations<br \/>\nformat 32 x 22,5 cm, reli\u00e9 avec jaquette<\/p>","protected":false},"featured_media":6462,"template":"","meta":[],"product_brand":[],"product_cat":[89,73],"product_tag":[],"class_list":{"0":"post-6461","1":"product","2":"type-product","3":"status-publish","4":"has-post-thumbnail","6":"product_cat-89","7":"product_cat-p","9":"first","10":"instock","11":"taxable","12":"shipping-taxable","13":"purchasable","14":"product-type-simple"},"aioseo_notices":[],"_wp_attached_file":null,"_wp_attachment_metadata":null,"_wc_attachment_source":null,"_elementor_inline_svg":null,"_elementor_is_screenshot":null,"_elementor_source_image_hash":null,"_source_url":null,"_wp_attachment_context":null,"_menu_item_type":null,"_menu_item_menu_item_parent":null,"_menu_item_object_id":null,"_menu_item_object":null,"_menu_item_target":null,"_menu_item_classes":null,"_menu_item_xfn":null,"_menu_item_url":null,"__elementor_forms_snapshot":null,"_unit":"","_unit_base":"","_unit_product":"","_unit_price_auto":"no","_unit_price_regular":"","_unit_price":"","_unit_price_sale":"","_sale_price_label":"","_sale_price_regular_label":"","_manufacturer_slug":"","_mini_desc":"","_defect_description":"","_safety_instructions":"","_allergen_ids":[],"_warranty_attachment_id":"","_safety_attachment_ids":[],"_min_age":"","_ts_gtin":"","_ts_mpn":"","_delivery_time_countries":[],"_free_shipping":"no","_service":"no","_photovoltaic_system":"no","_used_good":"no","_defective_copy":"no","_wireless_electronic_device":"no","_device_contains_power_supply":"no","_device_charging_supports_usb_pd":"no","_device_charging_watt_min":"0","_device_charging_watt_max":"0","_is_food":"no","_differential_taxation":"no","_gzd_version":"3.20.1","_hs_code":"","_customs_description":"","_manufacture_country":"0","_is_non_returnable":"no","_shipping_length":"","_shipping_width":"","_shipping_height":"","_sku":"ISBN 978-3-86442-451-9","_global_unique_id":null,"_regular_price":"68","total_sales":"1","_tax_status":"taxable","_tax_class":"","_manage_stock":"no","_backorders":"no","_sold_individually":"no","_weight":"1.77","_virtual":"no","_downloadable":"no","_download_limit":"-1","_download_expiry":"-1","_stock":"","_stock_status":"instock","_wc_average_rating":"0","_wc_review_count":"0","_product_version":"10.1.0","_price":"68","shopengine_product_views_count":"4007","_thumbnail_id":"6462","_product_attributes":null,"_nutrient_ids":null,"_upsell_ids":null,"pswc_subtitle":null,"_default_delivery_time":null,"_wp_desired_post_slug":null,"_isbn":"9783864424519","pageType":null,"isExternalUrl":null,"pageId":null,"externalUrl":null,"hideCookieBanner":null,"isTargetBlank":null,"isProviderCurrentWebsite":null,"isEmbeddingOnlyExternalResources":null,"legalBasis":null,"dataProcessingInCountries":null,"dataProcessingInCountriesSpecialTreatments":null,"technicalDefinitions":null,"googleConsentModeConsentTypes":null,"executePriority":null,"executeCodeOptInWhenNoTagManagerConsentIsGiven":null,"executeCodeOptOutWhenNoTagManagerConsentIsGiven":null,"deleteTechnicalDefinitionsAfterOptOut":null,"presetId":null,"presetVersion":null,"provider":null,"providerContactPhone":null,"providerContactEmail":null,"providerContactLink":null,"uniqueName":null,"providerPrivacyPolicyUrl":null,"providerLegalNoticeUrl":null,"codeOptIn":null,"codeOptOut":null,"codeOnPageLoad":null,"language_code":null,"shopengine_template__post_meta__type":null,"shopengine_template__post_meta":null,"shopengine_template__post_meta__edit_with":null,"origin":null,"_enabled":null,"_filters":null,"_layout":null,"_elementor_import_session_id":null,"_wp_trash_meta_status":null,"_wp_trash_meta_time":null,"_edit_lock":"1760001803:1","_elementor_floating_elements_type":null,"_elementor_edit_mode":null,"_elementor_template_type":null,"tc-thumb-fld":{"_thumb_id":6462,"_thumb_type":"thumb"},"_wp_page_template":null,"_elementor_version":null,"_elementor_pro_version":null,"_elementor_page_settings":null,"_elementor_data":null,"_elementor_conditions":null,"_elementor_popup_display_settings":null,"_edit_last":"1","_elementor_template_sub_type":null,"_elementor_controls_usage":null,"_elementor_screenshot":null,"_elementor_css":null,"_elementor_page_assets":[],"_elementor_element_cache":null,"_elementor_screenshot_failed":null,"_elementor_source":null,"_wp_old_date":null,"layout_key":"","post_slider_check_key":"0","_links":{"self":[{"href":"https:\/\/snoeck.de\/fr\/wp-json\/wp\/v2\/product\/6461","targetHints":{"allow":["GET"]}}],"collection":[{"href":"https:\/\/snoeck.de\/fr\/wp-json\/wp\/v2\/product"}],"about":[{"href":"https:\/\/snoeck.de\/fr\/wp-json\/wp\/v2\/types\/product"}],"wp:featuredmedia":[{"embeddable":true,"href":"https:\/\/snoeck.de\/fr\/wp-json\/wp\/v2\/media\/6462"}],"wp:attachment":[{"href":"https:\/\/snoeck.de\/fr\/wp-json\/wp\/v2\/media?parent=6461"}],"wp:term":[{"taxonomy":"product_brand","embeddable":true,"href":"https:\/\/snoeck.de\/fr\/wp-json\/wp\/v2\/product_brand?post=6461"},{"taxonomy":"product_cat","embeddable":true,"href":"https:\/\/snoeck.de\/fr\/wp-json\/wp\/v2\/product_cat?post=6461"},{"taxonomy":"product_tag","embeddable":true,"href":"https:\/\/snoeck.de\/fr\/wp-json\/wp\/v2\/product_tag?post=6461"}],"curies":[{"name":"wp","href":"https:\/\/api.w.org\/{rel}","templated":true}]}}