{"id":6483,"date":"2025-06-17T12:00:00","date_gmt":"2025-06-17T11:00:00","guid":{"rendered":"https:\/\/snoeck.de\/?post_type=product&#038;p=6483"},"modified":"2025-12-17T16:43:03","modified_gmt":"2025-12-17T15:43:03","slug":"el-lissitzky-der-neue-mensch-der-ansager-der-konstrukteur-das-selbstbildnis-als-kestner-gesellschaft","status":"publish","type":"product","link":"https:\/\/snoeck.de\/fr\/shop\/el-lissitzky-der-neue-mensch-der-ansager-der-konstrukteur-das-selbstbildnis-als-kestner-gesellschaft\/","title":{"rendered":"EL LISSITZKY. L'Homme Nouveau, l'Annonceur, le Constructeur. L'autoportrait comme soci\u00e9t\u00e9 Kestner"},"content":{"rendered":"<p><iframe hcb-fetch-image-from=\"https:\/\/youtu.be\/QB_cx0vDUVE\" title=\"El Lissitzky\" width=\"800\" height=\"450\" src=\"https:\/\/www.youtube.com\/embed\/QB_cx0vDUVE?feature=oembed\" frameborder=\"0\" allow=\"accelerometer; autoplay; clipboard-write; encrypted-media; gyroscope; picture-in-picture; web-share\" referrerpolicy=\"strict-origin-when-cross-origin\" allowfullscreen><\/iframe><\/p>\n<h3>A un rythme \u00e9poustouflant - EL LISSITZKY<\/h3>\n<p>Quel est le lien entre \"Zabriskie Point\", le film culte des ann\u00e9es 1970, de la r\u00e9volte \u00e9tudiante et du mouvement hippie, de Michelangelo Antonioni et El Lissitzky, et quel est le lien entre BEASTER, Johanna Billing, Martin Boyce et tous les autres artistes* contemporains et ses visions en tant qu'architecte, designer, artiste et photographe ? L'une des nombreuses r\u00e9ponses est qu'El Lissitzky (1890-1941), par son approche r\u00e9volutionnaire de l'art, de l'espace et de la typographie, a cr\u00e9\u00e9 une int\u00e9gration d'\u00e9l\u00e9ments visuels dans une lisibilit\u00e9 dynamique et interactive de ce qui est repr\u00e9sent\u00e9. Le rythme \u00e9poustouflant qu'il adoptait \u00e9tait li\u00e9 au \"son\" des ann\u00e9es 1920, notamment en Allemagne, o\u00f9 El Lissitzky avait \u00e9tudi\u00e9 les sciences de l'ing\u00e9nieur \u00e0 l'universit\u00e9 technique de Darmstadt entre 1909 et 1914, apr\u00e8s s'\u00eatre vu refuser, en tant que juif, l'acc\u00e8s \u00e0 l'\u00e9cole des beaux-arts de Saint-P\u00e9tersbourg. C'est ainsi que s'expliquent ses allers-retours entre Moscou, Berlin, Cologne, Zurich et Hanovre, qui l'ont conduit \u00e0 r\u00e9aliser d'innombrables projets de et avec Kurt Schwitters, Hans Arp, Jan Tschichold ou Willi Baumeister. Il n'est pas seulement consid\u00e9r\u00e9 comme l'un des esprits th\u00e9oriques du constructivisme, qui enseigna plus tard dans diff\u00e9rentes universit\u00e9s russes, mais il publia avec Ilja Ehrenburg la revue d'art \"Gegenstand\" \u00e0 Berlin, y collabora \u00e9galement en 1922 \u00e0 la \"Premi\u00e8re exposition d'art russe\", fut le directeur artistique du pavillon sovi\u00e9tique de l'exposition de presse appel\u00e9e \"Pressa\" en 1928 \u00e0 Cologne et con\u00e7ut en 1929 la section des artistes sovi\u00e9tiques pour l'exposition \"Film und Foto\" du Werkbund. A Hanovre, il avait d\u00e9j\u00e0 r\u00e9alis\u00e9 en 1923, \u00e0 l'invitation de la Kestner Gesellschaft, le dossier \"Proun\", un dossier de lithographies et de collages, qui fut suivi en 1928\/29 par la commande du \"cabinet abstrait\" pour la Nieders\u00e4chsische Landesgalerie. Proun est l'abr\u00e9viation de \"Pro Unowis\" et signifie \"fondation de nouvelles formes dans l'art\". Cela signifie un espace aussi illimit\u00e9 qu'utopique, dans lequel les structures flottent en apesanteur et se d\u00e9finissent non seulement par leur hauteur, leur largeur et leur profondeur, mais aussi par une grandeur abstraite, le \"temps\". L'exposition \u00e0 la Kestner Gesellschaft, \u00e0 la fois r\u00e9miniscence de ses grandes r\u00e9alisations et de son importance historique, a eu lieu \u00e0 l'occasion du centenaire de la publication de Proun et symbolise le d\u00e9veloppement des nouveaux mouvements artistiques progressistes internationaux, qui associent dans un m\u00eame souffle des artistes* comme El Lissitzky ou Kurt Schwitters au nom de la Kestner Gesellschaft. Katja Strunz s'en fait l'\u00e9cho lorsqu'elle d\u00e9clare : \"Mon travail tourne autour de l'imbrication du temps, de l'espace et du mouvement. Le ph\u00e9nom\u00e8ne de chute et de pliage se retrouve dans tous mes travaux et repr\u00e9sente m\u00e9taphoriquement une compression de l'espace et du temps, l'effondrement de l'ici et de l'ailleurs, du maintenant et de l'autrefois. Je m'int\u00e9resse \u00e0 la mani\u00e8re dont le changement se manifeste dans l'espace et dans le temps et aux processus qui d\u00e9clenchent des transformations. Par le rythme du d\u00e9ploiement et du pliage, je veux capturer un moment dans le temps\". Elle met ainsi le doigt, d'un point de vue contemporain, sur l'impulsion importante qui \u00e9mane de l'ensemble de l'\u0153uvre d'El Lissitzky et fournit en m\u00eame temps, pour l'exposition de l'\u00e9t\u00e9 2023 \u00e0 la Kestner Gesellschaft de Hanovre, le lien que ce livre documente d\u00e9sormais effectivement.<\/p>\n<p>Artistes* : Michelangelo Antonioni, Willi Baumeister, BEASTER, Johanna Billing, Martin Boyce, Max Buchartz, Heinrich Dunst, the next ENTERprise, Fernanda Fragateiro, Assaf Gruber, John Wood and Paul Harrison, Lajos Kass\u00e1k, Marlena Kudlicka, Marysia Lewandowska, El Lissitzk, Felipe Mujica, L\u00e1szlo\u00f3 Moholy-Nagy, Paulina O\u0142owska, Peter L\u00e1szl\u00f3 Peri, Prinz Gholam, Florian Pumh\u00f6sl, Susanne Sachsse, Wieland Sch\u00f6nfelder, Kurt Schwitters, Katja Strunz, Nikolai Michailowitsch Suetin<\/p>\n<p>&nbsp;<\/p>","protected":false},"excerpt":{"rendered":"<p>Kat. Kestner Gesellschaft Hanovre, publi\u00e9 par Alexander Wilmschen<br \/>\nTextes (all.) de Kai-Uwe Hemken, Ines Katenhusen, Peter Rautmann, Marcelo Rezende, Gabi Sand, avec une introduction d'Adam Budak et une pr\u00e9face d'Alexander Wilmschen<br \/>\n192 p. avec 80 col. ill.<br \/>\nformat 20 x 26 cm, brochure \u00e0 rabats<\/p>","protected":false},"featured_media":6484,"template":"","meta":[],"product_brand":[],"product_cat":[89,62,68,69,70,71],"product_tag":[],"class_list":{"0":"post-6483","1":"product","2":"type-product","3":"status-publish","4":"has-post-thumbnail","6":"product_cat-89","7":"product_cat-e","8":"product_cat-k","9":"product_cat-l","10":"product_cat-m","11":"product_cat-n","13":"first","14":"instock","15":"taxable","16":"shipping-taxable","17":"purchasable","18":"product-type-simple"},"aioseo_notices":[],"_wp_attached_file":null,"_wp_attachment_metadata":null,"_wc_attachment_source":null,"_elementor_inline_svg":null,"_elementor_is_screenshot":null,"_elementor_source_image_hash":null,"_source_url":null,"_wp_attachment_context":null,"_menu_item_type":null,"_menu_item_menu_item_parent":null,"_menu_item_object_id":null,"_menu_item_object":null,"_menu_item_target":null,"_menu_item_classes":null,"_menu_item_xfn":null,"_menu_item_url":null,"__elementor_forms_snapshot":null,"_unit":"","_unit_base":"","_unit_product":"","_unit_price_auto":"no","_unit_price_regular":"","_unit_price":"","_unit_price_sale":"","_sale_price_label":"","_sale_price_regular_label":"","_manufacturer_slug":"","_mini_desc":"","_defect_description":"","_safety_instructions":"","_allergen_ids":[],"_warranty_attachment_id":"","_safety_attachment_ids":[],"_min_age":"","_ts_gtin":"","_ts_mpn":"","_delivery_time_countries":[],"_free_shipping":"no","_service":"no","_photovoltaic_system":"no","_used_good":"no","_defective_copy":"no","_wireless_electronic_device":"no","_device_contains_power_supply":"no","_device_charging_supports_usb_pd":"no","_device_charging_watt_min":"0","_device_charging_watt_max":"0","_is_food":"no","_differential_taxation":"no","_gzd_version":"3.20.1","_hs_code":"","_customs_description":"","_manufacture_country":"0","_is_non_returnable":"no","_shipping_length":"","_shipping_width":"","_shipping_height":"","_sku":"ISBN 978-3-86442-458-8","_global_unique_id":null,"_regular_price":"48","total_sales":"5","_tax_status":"taxable","_tax_class":"","_manage_stock":"no","_backorders":"no","_sold_individually":"no","_weight":"0.75","_virtual":"no","_downloadable":"no","_download_limit":"-1","_download_expiry":"-1","_stock":"","_stock_status":"instock","_wc_average_rating":"0","_wc_review_count":"0","_product_version":"10.1.0","_price":"48","shopengine_product_views_count":"5402","_thumbnail_id":"6484","_product_attributes":null,"_nutrient_ids":null,"_upsell_ids":null,"pswc_subtitle":null,"_default_delivery_time":null,"_wp_desired_post_slug":null,"_isbn":"9783864424588","pageType":null,"isExternalUrl":null,"pageId":null,"externalUrl":null,"hideCookieBanner":null,"isTargetBlank":null,"isProviderCurrentWebsite":null,"isEmbeddingOnlyExternalResources":null,"legalBasis":null,"dataProcessingInCountries":null,"dataProcessingInCountriesSpecialTreatments":null,"technicalDefinitions":null,"googleConsentModeConsentTypes":null,"executePriority":null,"executeCodeOptInWhenNoTagManagerConsentIsGiven":null,"executeCodeOptOutWhenNoTagManagerConsentIsGiven":null,"deleteTechnicalDefinitionsAfterOptOut":null,"presetId":null,"presetVersion":null,"provider":null,"providerContactPhone":null,"providerContactEmail":null,"providerContactLink":null,"uniqueName":null,"providerPrivacyPolicyUrl":null,"providerLegalNoticeUrl":null,"codeOptIn":null,"codeOptOut":null,"codeOnPageLoad":null,"language_code":null,"shopengine_template__post_meta__type":null,"shopengine_template__post_meta":null,"shopengine_template__post_meta__edit_with":null,"origin":null,"_enabled":null,"_filters":null,"_layout":null,"_elementor_import_session_id":null,"_wp_trash_meta_status":null,"_wp_trash_meta_time":null,"_edit_lock":"1765986187:2","_elementor_floating_elements_type":null,"_elementor_edit_mode":null,"_elementor_template_type":null,"tc-thumb-fld":{"_thumb_id":6484,"_thumb_type":"thumb"},"_wp_page_template":null,"_elementor_version":null,"_elementor_pro_version":null,"_elementor_page_settings":null,"_elementor_data":null,"_elementor_conditions":null,"_elementor_popup_display_settings":null,"_edit_last":"2","_elementor_template_sub_type":null,"_elementor_controls_usage":null,"_elementor_screenshot":null,"_elementor_css":null,"_elementor_page_assets":[],"_elementor_element_cache":null,"_elementor_screenshot_failed":null,"_elementor_source":null,"_wp_old_date":"2025-06-20","layout_key":"","post_slider_check_key":"0","_links":{"self":[{"href":"https:\/\/snoeck.de\/fr\/wp-json\/wp\/v2\/product\/6483","targetHints":{"allow":["GET"]}}],"collection":[{"href":"https:\/\/snoeck.de\/fr\/wp-json\/wp\/v2\/product"}],"about":[{"href":"https:\/\/snoeck.de\/fr\/wp-json\/wp\/v2\/types\/product"}],"wp:featuredmedia":[{"embeddable":true,"href":"https:\/\/snoeck.de\/fr\/wp-json\/wp\/v2\/media\/6484"}],"wp:attachment":[{"href":"https:\/\/snoeck.de\/fr\/wp-json\/wp\/v2\/media?parent=6483"}],"wp:term":[{"taxonomy":"product_brand","embeddable":true,"href":"https:\/\/snoeck.de\/fr\/wp-json\/wp\/v2\/product_brand?post=6483"},{"taxonomy":"product_cat","embeddable":true,"href":"https:\/\/snoeck.de\/fr\/wp-json\/wp\/v2\/product_cat?post=6483"},{"taxonomy":"product_tag","embeddable":true,"href":"https:\/\/snoeck.de\/fr\/wp-json\/wp\/v2\/product_tag?post=6483"}],"curies":[{"name":"wp","href":"https:\/\/api.w.org\/{rel}","templated":true}]}}