{"id":6724,"date":"2025-08-11T14:17:03","date_gmt":"2025-08-11T12:17:03","guid":{"rendered":"https:\/\/snoeck.de\/?post_type=product&#038;p=6724"},"modified":"2025-10-02T09:37:18","modified_gmt":"2025-10-02T07:37:18","slug":"tony-oursler-hoisted-from-the-pit-2","status":"publish","type":"product","link":"https:\/\/snoeck.de\/fr\/shop\/tony-oursler-hoisted-from-the-pit-2\/","title":{"rendered":"Tony Oursler : Hoisted from the Pit"},"content":{"rendered":"<h3>Du g\u00e9ant de Cardiff aux fausses nouvelles<\/h3>\n<p><iframe hcb-fetch-image-from=\"https:\/\/www.youtube.com\/watch?v=2qGsTKZGztY\" title=\"tony oursler hiss\u00e9 hors de la fosse\" width=\"800\" height=\"450\" src=\"https:\/\/www.youtube.com\/embed\/2qGsTKZGztY?feature=oembed\" frameborder=\"0\" allow=\"accelerometer; autoplay; clipboard-write; encrypted-media; gyroscope; picture-in-picture; web-share\" referrerpolicy=\"strict-origin-when-cross-origin\" allowfullscreen><\/iframe><\/p>\n<p>Le \"G\u00e9ant de Cardiff\" est \u00e0 ce jour l'une des plus incroyables contrefa\u00e7ons scientifiques de l'histoire de l'arch\u00e9ologie nord-am\u00e9ricaine. Le nom de cette statue de pierre provient de l'endroit o\u00f9 elle a \u00e9t\u00e9 trouv\u00e9e dans l'\u00c9tat de New York. Lors d'une r\u00e9union m\u00e9thodiste, l'ath\u00e9e George Hull avait pris connaissance du passage biblique du livre de la Gen\u00e8se 6.4 : \"En ce temps-l\u00e0, et m\u00eame plus tard, lorsque les fils de Dieu entr\u00e8rent en relation avec les filles des hommes et qu'elles leur donn\u00e8rent des enfants, ils devinrent des g\u00e9ants sur la terre\". Hull fit alors r\u00e9aliser la statue de pierre surdimensionn\u00e9e et l'enterra sur le terrain de son complice William Newell. Ils firent en sorte qu'un an plus tard, une fontaine soit construite au m\u00eame endroit, et c'est lors de sa construction que le g\u00e9ant fut \"d\u00e9couvert\" par hasard en 1869. La d\u00e9couverte soi-disant sensationnelle du g\u00e9ant pr\u00e9historique fut rapport\u00e9e dans tout le pays. Le calcul a fonctionn\u00e9 : il s'agissait d'attirer de nombreux curieux qui, contre r\u00e9mun\u00e9ration, pouvaient jeter un coup d'\u0153il sur le g\u00e9ant. Bien que la figure ait \u00e9t\u00e9 rapidement d\u00e9masqu\u00e9e comme \u00e9tant un faux, une dynamique propre s'est cr\u00e9\u00e9e autour de l'histoire du g\u00e9ant, qui a m\u00eame conduit des chercheurs* \u00e0 d\u00e9velopper des th\u00e9ories sur les premiers temps des \u00c9tats-Unis en se basant sur la supercherie. Tony Oursler, n\u00e9 en 1957 \u00e0 New York, a men\u00e9 des recherches sur l'histoire et son contexte et a cr\u00e9\u00e9, \u00e0 partir des r\u00e9sultats obtenus, une installation multim\u00e9dia qui associe des faits historiques \u00e0 des artefacts fabriqu\u00e9s pour l'occasion, dans une esth\u00e9tique th\u00e9\u00e2trale et foraine semblable \u00e0 celle d'une sc\u00e8ne de th\u00e9\u00e2tre. Elle entra\u00eene le public dans un monde fantastique plein de tours d'illusionnisme, auquel on s'abandonne avec un agr\u00e9able frisson, \u00e0 la mani\u00e8re d'un cabinet de curiosit\u00e9s. Le m\u00e9lange de recherches historiques, de faits scientifiques, d'escroqueries cibl\u00e9es et de s\u00e9duction des masses ne nous est d\u00e9sormais que trop familier. Les crises de foi, les fausses nouvelles et les th\u00e9ories du complot sont omnipr\u00e9sentes et le r\u00f4le des m\u00e9dias (sociaux) est un facteur important dans le succ\u00e8s des affaires frauduleuses. En s'appropriant le \"Cardiff Giants\", l'artiste vid\u00e9o de renomm\u00e9e internationale Tony Oursler cr\u00e9e une parabole aussi divertissante qu'abyssale sur la double morale et la perte de confiance dans le grand r\u00e9cit occidental de la science et du progr\u00e8s. Son essai d\u00e9taill\u00e9 dans ce livre ne p\u00e9n\u00e8tre pas seulement les mondes factices des Etats-Unis, il expose \u00e9galement sans aucun doute que l'id\u00e9e du pays des hommes libres semble aujourd'hui ressembler \u00e0 une chim\u00e8re, et ce n'est pas un hasard.<br \/>\nExposition :<br \/>\nMus\u00e9e d'art de Winterthur, 24\/5 -10\/8\/2025<\/p>\n<p>&nbsp;<\/p>","protected":false},"excerpt":{"rendered":"<p>Cat. Mus\u00e9e d'art de Winterthur<br \/>\n\u00c9dit\u00e9 par Lynn Kost<br \/>\nTextes (anglais) de Marina Isgro, Lynn Kost, Pascal Rousseau et Tony Oursler<br \/>\n248 p. avec 280 ill. en couleur et 50 ill. en n\/b<br \/>\nformat 24 x 17 cm, reliure en toile gaufr\u00e9e<\/p>","protected":false},"featured_media":6723,"template":"","meta":[],"product_brand":[],"product_cat":[89,72],"product_tag":[],"class_list":{"0":"post-6724","1":"product","2":"type-product","3":"status-publish","4":"has-post-thumbnail","6":"product_cat-89","7":"product_cat-o","9":"first","10":"instock","11":"taxable","12":"shipping-taxable","13":"purchasable","14":"product-type-simple"},"aioseo_notices":[],"_wp_attached_file":null,"_wp_attachment_metadata":null,"_wc_attachment_source":null,"_elementor_inline_svg":null,"_elementor_is_screenshot":null,"_elementor_source_image_hash":null,"_source_url":null,"_wp_attachment_context":null,"_menu_item_type":null,"_menu_item_menu_item_parent":null,"_menu_item_object_id":null,"_menu_item_object":null,"_menu_item_target":null,"_menu_item_classes":null,"_menu_item_xfn":null,"_menu_item_url":null,"__elementor_forms_snapshot":null,"_unit":"","_unit_base":"","_unit_product":"","_unit_price_auto":"no","_unit_price_regular":"","_unit_price":"","_unit_price_sale":"","_sale_price_label":"","_sale_price_regular_label":"","_manufacturer_slug":"","_mini_desc":"","_defect_description":"","_safety_instructions":"","_allergen_ids":[],"_warranty_attachment_id":"","_safety_attachment_ids":[],"_min_age":"","_ts_gtin":"","_ts_mpn":"","_delivery_time_countries":[],"_free_shipping":"no","_service":"no","_photovoltaic_system":"no","_used_good":"no","_defective_copy":"no","_wireless_electronic_device":"no","_device_contains_power_supply":"no","_device_charging_supports_usb_pd":"no","_device_charging_watt_min":"0","_device_charging_watt_max":"0","_is_food":"no","_differential_taxation":"no","_gzd_version":"3.20.1","_hs_code":"","_customs_description":"","_manufacture_country":"0","_is_non_returnable":"no","_shipping_length":"","_shipping_width":"","_shipping_height":"","_sku":"ISBN 978-3-86442-463-2","_global_unique_id":null,"_regular_price":"58","total_sales":"0","_tax_status":"taxable","_tax_class":"","_manage_stock":"no","_backorders":"no","_sold_individually":"no","_weight":"0.95","_virtual":"no","_downloadable":"no","_download_limit":"-1","_download_expiry":"-1","_stock":"","_stock_status":"instock","_wc_average_rating":"0","_wc_review_count":"0","_product_version":"10.1.0","_price":"58","shopengine_product_views_count":"3167","_thumbnail_id":"6723","_product_attributes":null,"_nutrient_ids":null,"_upsell_ids":null,"pswc_subtitle":null,"_default_delivery_time":"","_wp_desired_post_slug":null,"_isbn":"9783864424632","pageType":null,"isExternalUrl":null,"pageId":null,"externalUrl":null,"hideCookieBanner":null,"isTargetBlank":null,"isProviderCurrentWebsite":null,"isEmbeddingOnlyExternalResources":null,"legalBasis":null,"dataProcessingInCountries":null,"dataProcessingInCountriesSpecialTreatments":null,"technicalDefinitions":null,"googleConsentModeConsentTypes":null,"executePriority":null,"executeCodeOptInWhenNoTagManagerConsentIsGiven":null,"executeCodeOptOutWhenNoTagManagerConsentIsGiven":null,"deleteTechnicalDefinitionsAfterOptOut":null,"presetId":null,"presetVersion":null,"provider":null,"providerContactPhone":null,"providerContactEmail":null,"providerContactLink":null,"uniqueName":null,"providerPrivacyPolicyUrl":null,"providerLegalNoticeUrl":null,"codeOptIn":null,"codeOptOut":null,"codeOnPageLoad":null,"language_code":null,"shopengine_template__post_meta__type":null,"shopengine_template__post_meta":null,"shopengine_template__post_meta__edit_with":null,"origin":null,"_enabled":null,"_filters":null,"_layout":null,"_elementor_import_session_id":null,"_wp_trash_meta_status":null,"_wp_trash_meta_time":null,"_edit_lock":"1759390506:1","_elementor_floating_elements_type":null,"_elementor_edit_mode":null,"_elementor_template_type":null,"tc-thumb-fld":{"_thumb_id":6723,"_thumb_type":"thumb"},"_wp_page_template":null,"_elementor_version":null,"_elementor_pro_version":null,"_elementor_page_settings":null,"_elementor_data":null,"_elementor_conditions":null,"_elementor_popup_display_settings":null,"_edit_last":"1","_elementor_template_sub_type":null,"_elementor_controls_usage":null,"_elementor_screenshot":null,"_elementor_css":null,"_elementor_page_assets":[],"_elementor_element_cache":null,"_elementor_screenshot_failed":null,"_elementor_source":null,"_wp_old_date":"2025-08-04","layout_key":"","post_slider_check_key":"0","_links":{"self":[{"href":"https:\/\/snoeck.de\/fr\/wp-json\/wp\/v2\/product\/6724","targetHints":{"allow":["GET"]}}],"collection":[{"href":"https:\/\/snoeck.de\/fr\/wp-json\/wp\/v2\/product"}],"about":[{"href":"https:\/\/snoeck.de\/fr\/wp-json\/wp\/v2\/types\/product"}],"wp:featuredmedia":[{"embeddable":true,"href":"https:\/\/snoeck.de\/fr\/wp-json\/wp\/v2\/media\/6723"}],"wp:attachment":[{"href":"https:\/\/snoeck.de\/fr\/wp-json\/wp\/v2\/media?parent=6724"}],"wp:term":[{"taxonomy":"product_brand","embeddable":true,"href":"https:\/\/snoeck.de\/fr\/wp-json\/wp\/v2\/product_brand?post=6724"},{"taxonomy":"product_cat","embeddable":true,"href":"https:\/\/snoeck.de\/fr\/wp-json\/wp\/v2\/product_cat?post=6724"},{"taxonomy":"product_tag","embeddable":true,"href":"https:\/\/snoeck.de\/fr\/wp-json\/wp\/v2\/product_tag?post=6724"}],"curies":[{"name":"wp","href":"https:\/\/api.w.org\/{rel}","templated":true}]}}