{"id":6794,"date":"2025-10-19T14:45:19","date_gmt":"2025-10-19T12:45:19","guid":{"rendered":"https:\/\/snoeck.de\/?post_type=product&#038;p=6794"},"modified":"2026-04-30T22:53:15","modified_gmt":"2026-04-30T21:53:15","slug":"vorzugsausgabe-georg-baselitz-peintre-graveur-v-weissgruen-ueber-rot-2","status":"publish","type":"product","link":"https:\/\/snoeck.de\/fr\/shop\/vorzugsausgabe-georg-baselitz-peintre-graveur-v-weissgruen-ueber-rot-2\/","title":{"rendered":"\u00c9dition pr\u00e9f\u00e9rentielle 04 - Georg Baselitz : Peintre - Graveur V"},"content":{"rendered":"<p>Ce cinqui\u00e8me volume du catalogue raisonn\u00e9 de l'\u0153uvre graphique de Georg Baselitz couvre une p\u00e9riode allant de 1993 \u00e0 d\u00e9but 1998. En plus de 250 \u0153uvres, des gravures de la s\u00e9rie \"Gotische M\u00e4dchen\" aux feuilles dans l'esprit de la peinture sous verre, le 'peintre-graveur' allemand associe des repr\u00e9sentations picturales \u00e9tonnamment \u00e9nergiques \u00e0 un art tr\u00e8s libre de l'ornement.<\/p>","protected":false},"excerpt":{"rendered":"<p>\"Vole toujours\", 2022<br \/>\n<strong>25 ex. blanc-vert sur rouge<\/strong><br \/>\nAquatinte (encre de sucre) de<br \/>\n2 plaques de cuivre : 66,4 x 64 cm<br \/>\nsur Somerset White Satin (300 gsm)<br \/>\nPapier \u00e0 la cuve : 86 x 64 cm<br \/>\n<strong>sign\u00e9 et num\u00e9rot\u00e9<\/strong><\/p>\n<p>imprim\u00e9 par Mette Ulstrup<br \/>\nchez Niels Borch Jensen Copenhagen<\/p>\n<p>Prix sur demande !<\/p>\n<hr \/>\n<p>\u00c9dit\u00e9 par Rainer Michael Mason et Detlev Gretenkort<br \/>\nTexte (all.\/angl.\/fran\u00e7ais) de Rainer Michael Mason<br \/>\n376 p. avec env. 300 illustrations en couleur<br \/>\nFormat 34 x 24,5 cm, toile avec jaquette<br \/>\nISBN 978-3-86442-475-5<\/p>","protected":false},"featured_media":6786,"template":"","meta":[],"product_brand":[],"product_cat":[89,59],"product_tag":[],"class_list":{"0":"post-6794","1":"product","2":"type-product","3":"status-publish","4":"has-post-thumbnail","6":"product_cat-89","7":"product_cat-b","9":"first","10":"instock","11":"taxable","12":"shipping-taxable","13":"product-type-simple"},"aioseo_notices":[],"_wp_attached_file":null,"_wp_attachment_metadata":null,"_wc_attachment_source":null,"_elementor_inline_svg":null,"_elementor_is_screenshot":null,"_elementor_source_image_hash":null,"_source_url":null,"_wp_attachment_context":null,"_menu_item_type":null,"_menu_item_menu_item_parent":null,"_menu_item_object_id":null,"_menu_item_object":null,"_menu_item_target":null,"_menu_item_classes":null,"_menu_item_xfn":null,"_menu_item_url":null,"__elementor_forms_snapshot":null,"_unit":"","_unit_base":"","_unit_product":"","_unit_price_auto":"no","_unit_price_regular":"","_unit_price":"","_unit_price_sale":"","_sale_price_label":"","_sale_price_regular_label":"","_manufacturer_slug":"","_mini_desc":"","_defect_description":"","_safety_instructions":"","_allergen_ids":[],"_warranty_attachment_id":"","_safety_attachment_ids":[],"_min_age":"","_ts_gtin":"","_ts_mpn":"","_delivery_time_countries":[],"_free_shipping":"yes","_service":"no","_photovoltaic_system":"no","_used_good":"no","_defective_copy":"no","_wireless_electronic_device":"no","_device_contains_power_supply":"no","_device_charging_supports_usb_pd":"no","_device_charging_watt_min":"","_device_charging_watt_max":"","_is_food":"no","_differential_taxation":"no","_gzd_version":"3.20.1","_hs_code":"","_customs_description":"","_manufacture_country":"0","_is_non_returnable":"no","_shipping_length":"","_shipping_width":"","_shipping_height":"","_sku":"Bestellnummer: 475-04","_global_unique_id":"475-04","_regular_price":null,"total_sales":"1","_tax_status":"taxable","_tax_class":"","_manage_stock":"yes","_backorders":"no","_sold_individually":"no","_weight":"2","_virtual":"no","_downloadable":"no","_download_limit":"-1","_download_expiry":"-1","_stock":"24","_stock_status":"instock","_wc_average_rating":"0","_wc_review_count":"0","_product_version":"10.1.4","_price":"","shopengine_product_views_count":"1813","_thumbnail_id":"6786","_product_attributes":null,"_nutrient_ids":null,"_upsell_ids":null,"pswc_subtitle":null,"_default_delivery_time":"","_wp_desired_post_slug":null,"_isbn":"9783864424755","pageType":null,"isExternalUrl":null,"pageId":null,"externalUrl":null,"hideCookieBanner":null,"isTargetBlank":null,"isProviderCurrentWebsite":null,"isEmbeddingOnlyExternalResources":null,"legalBasis":null,"dataProcessingInCountries":null,"dataProcessingInCountriesSpecialTreatments":null,"technicalDefinitions":null,"googleConsentModeConsentTypes":null,"executePriority":null,"executeCodeOptInWhenNoTagManagerConsentIsGiven":null,"executeCodeOptOutWhenNoTagManagerConsentIsGiven":null,"deleteTechnicalDefinitionsAfterOptOut":null,"presetId":null,"presetVersion":null,"provider":null,"providerContactPhone":null,"providerContactEmail":null,"providerContactLink":null,"uniqueName":null,"providerPrivacyPolicyUrl":null,"providerLegalNoticeUrl":null,"codeOptIn":null,"codeOptOut":null,"codeOnPageLoad":null,"language_code":null,"shopengine_template__post_meta__type":null,"shopengine_template__post_meta":null,"shopengine_template__post_meta__edit_with":null,"origin":null,"_enabled":null,"_filters":null,"_layout":null,"_elementor_import_session_id":null,"_wp_trash_meta_status":null,"_wp_trash_meta_time":null,"_edit_lock":"1777585997:2","_elementor_floating_elements_type":null,"_elementor_edit_mode":null,"_elementor_template_type":null,"tc-thumb-fld":null,"_wp_page_template":null,"_elementor_version":null,"_elementor_pro_version":null,"_elementor_page_settings":null,"_elementor_data":null,"_elementor_conditions":null,"_elementor_popup_display_settings":null,"_edit_last":"2","_elementor_template_sub_type":null,"_elementor_controls_usage":null,"_elementor_screenshot":null,"_elementor_css":null,"_elementor_page_assets":[],"_elementor_element_cache":null,"_elementor_screenshot_failed":null,"_elementor_source":null,"_wp_old_date":null,"layout_key":null,"post_slider_check_key":null,"_links":{"self":[{"href":"https:\/\/snoeck.de\/fr\/wp-json\/wp\/v2\/product\/6794","targetHints":{"allow":["GET"]}}],"collection":[{"href":"https:\/\/snoeck.de\/fr\/wp-json\/wp\/v2\/product"}],"about":[{"href":"https:\/\/snoeck.de\/fr\/wp-json\/wp\/v2\/types\/product"}],"wp:featuredmedia":[{"embeddable":true,"href":"https:\/\/snoeck.de\/fr\/wp-json\/wp\/v2\/media\/6786"}],"wp:attachment":[{"href":"https:\/\/snoeck.de\/fr\/wp-json\/wp\/v2\/media?parent=6794"}],"wp:term":[{"taxonomy":"product_brand","embeddable":true,"href":"https:\/\/snoeck.de\/fr\/wp-json\/wp\/v2\/product_brand?post=6794"},{"taxonomy":"product_cat","embeddable":true,"href":"https:\/\/snoeck.de\/fr\/wp-json\/wp\/v2\/product_cat?post=6794"},{"taxonomy":"product_tag","embeddable":true,"href":"https:\/\/snoeck.de\/fr\/wp-json\/wp\/v2\/product_tag?post=6794"}],"curies":[{"name":"wp","href":"https:\/\/api.w.org\/{rel}","templated":true}]}}