{"id":6863,"date":"2025-11-14T08:00:00","date_gmt":"2025-11-14T06:00:00","guid":{"rendered":"https:\/\/snoeck.de\/?post_type=product&#038;p=6863"},"modified":"2025-12-27T15:55:36","modified_gmt":"2025-12-27T14:55:36","slug":"ben-de-biel-elegantly-wasted-ritter-butzke-berlin","status":"publish","type":"product","link":"https:\/\/snoeck.de\/fr\/shop\/ben-de-biel-elegantly-wasted-ritter-butzke-berlin\/","title":{"rendered":"Ben de Biel : El\u00e9gamment D\u00e9fonc\u00e9 \/ Ritter Butzke Berlin"},"content":{"rendered":"<p><iframe hcb-fetch-image-from=\"https:\/\/www.youtube.com\/watch?v=EPkoUcEr9w4\" title=\"Magnifiquement \u00e9m\u00e9ch\u00e9\" width=\"800\" height=\"450\" src=\"https:\/\/www.youtube.com\/embed\/EPkoUcEr9w4?feature=oembed\" frameborder=\"0\" allow=\"accelerometer; autoplay; clipboard-write; encrypted-media; gyroscope; picture-in-picture; web-share\" referrerpolicy=\"strict-origin-when-cross-origin\" allowfullscreen><\/iframe><\/p>\n<h4><\/h4>\n<p class=\"MsoNormal\" style=\"line-height: 150%;\">\"Danse un peu dessus\" ou \"passe et laisse-toi aller\" et \"ton cerveau a vraiment besoin de vacances\" ! C'est ce qu'on pouvait lire sur les flyers du Ritter Butzke et le r\u00e9sultat est bien s\u00fbr \"De l'euphorie \u00e0 l'\u00e9puisement\". C'est Johannes von Jena qui a mis en place le Ritter Butzke, apr\u00e8s \u00eatre tomb\u00e9 en 2006 sur le terrain d\u00e9saffect\u00e9 de l'usine Aqua Butzke dans la Ritterstra\u00dfe \u00e0 Kreuzberg, alors qu'il cherchait un lieu de f\u00eate temporaire. Le club a ensuite fonctionn\u00e9 ill\u00e9galement de d\u00e9but 2007 \u00e0 2009, a \u00e9t\u00e9 ferm\u00e9 par les autorit\u00e9s et a rouvert l\u00e9galement en 2010. \"C'\u00e9tait probablement le plus grand club ill\u00e9gal du monde\", selon Johannes von Jena. Dans les ann\u00e9es 2010, \"Berlin est consid\u00e9r\u00e9e comme la ville o\u00f9 la culture de la f\u00eate du 21e si\u00e8cle a \u00e9t\u00e9 r\u00e9invent\u00e9e\", comme le dit Max Dax dans son interview avec Johannes von Jena et Ben de Biel feth\u00e4lt. C'est \u00e0 Ben de Biel que l'on doit les s\u00e9ries de photos du pr\u00e9sent volume, il a photographi\u00e9 le Ritter Butzke depuis ses d\u00e9buts. C'\u00e9tait non seulement mal vu dans les clubs, mais aussi interdit. Mais avec Ben de Biel, le g\u00e9rant du l\u00e9gendaire Maria \u00e0 la gare de l'Est, c'est quelqu'un qui \u00e9tait profond\u00e9ment enracin\u00e9 dans cette sc\u00e8ne et que celle-ci acceptait, d'autant plus que tous les visiteurs* savaient qu'ils \u00e9taient photographi\u00e9s par lui. Dans les ann\u00e9es 1990, il avait d'abord photographi\u00e9 la sc\u00e8ne des squatters \u00e0 Friedrichshain : \"10 ans plus tard, mes trajets nocturnes en taxi du Club Maria \u00e0 la maison. Au Ritter Butzke, j'ai commenc\u00e9 \u00e0 photographier moi-m\u00eame les f\u00eates, car c'est pour la culture des clubs que je suis venu \u00e0 Berlin il y a plus de 35 ans. Je savais en outre que personne avant moi n'avait photographi\u00e9 \u00e0 cette \u00e9chelle dans les clubs berlinois, et j'avais une approche tr\u00e8s personnelle... Je savais que la culture des clubs \u00e9tait une partie essentielle de Berlin\". A propos de l'exposition \"Elegantly Wasted\" \u00e0 Urban Spree (14\/11 - 20\/12\/25), Thomas Wochnick a \u00e9galement \u00e9crit le 21\/11\/25 dans le TAGESSPIEGEL : \"Si l'on se tient dans l'exposition \u00e0 la galerie Urban Spree ... on regarde fondamentalement de l'ext\u00e9rieur dans ce monde. Et on le fait, car on ne peut pas faire autrement, avec un regard voyeuriste ... On sent donc d'une part comment notre propre regard devient un intrus. Mais d'un autre c\u00f4t\u00e9, on sent aussi la s\u00e9r\u00e9nit\u00e9 avec laquelle le photographe se d\u00e9place dans ce monde, non pas comme un corps \u00e9tranger, mais comme une partie des gens qui dansent. Aucun autre photographe n'a jamais r\u00e9ussi \u00e0 faire cela de mani\u00e8re comparable\".<\/p>\n<p>&nbsp;<\/p>","protected":false},"excerpt":{"rendered":"<p>\u00e9dit\u00e9 par Johannes von Jena<br \/>\nEntretien (allemand\/anglais) de Max Dax avec Ben de Biel et Johannes von Jena<br \/>\n256 p. avec 120 ill. double pag. ill. en couleur<br \/>\nformat 28 x 24 cm, couverture souple<\/p>","protected":false},"featured_media":6864,"template":"","meta":[],"product_brand":[],"product_cat":[89,59,61,62,80],"product_tag":[],"class_list":{"0":"post-6863","1":"product","2":"type-product","3":"status-publish","4":"has-post-thumbnail","6":"product_cat-89","7":"product_cat-b","8":"product_cat-d","9":"product_cat-e","10":"product_cat-w","12":"first","13":"instock","14":"taxable","15":"shipping-taxable","16":"purchasable","17":"product-type-simple"},"aioseo_notices":[],"_wp_attached_file":null,"_wp_attachment_metadata":null,"_wc_attachment_source":null,"_elementor_inline_svg":null,"_elementor_is_screenshot":null,"_elementor_source_image_hash":null,"_source_url":null,"_wp_attachment_context":null,"_menu_item_type":null,"_menu_item_menu_item_parent":null,"_menu_item_object_id":null,"_menu_item_object":null,"_menu_item_target":null,"_menu_item_classes":null,"_menu_item_xfn":null,"_menu_item_url":null,"__elementor_forms_snapshot":null,"_unit":"","_unit_base":"","_unit_product":"","_unit_price_auto":"no","_unit_price_regular":"","_unit_price":"","_unit_price_sale":"","_sale_price_label":"","_sale_price_regular_label":"","_manufacturer_slug":"","_mini_desc":"","_defect_description":"","_safety_instructions":"","_allergen_ids":[],"_warranty_attachment_id":"","_safety_attachment_ids":[],"_min_age":"","_ts_gtin":"","_ts_mpn":"","_delivery_time_countries":[],"_free_shipping":"no","_service":"no","_photovoltaic_system":"no","_used_good":"no","_defective_copy":"no","_wireless_electronic_device":"no","_device_contains_power_supply":"no","_device_charging_supports_usb_pd":"no","_device_charging_watt_min":"","_device_charging_watt_max":"","_is_food":"no","_differential_taxation":"no","_gzd_version":"3.20.1","_hs_code":"","_customs_description":"","_manufacture_country":"0","_is_non_returnable":"no","_shipping_length":"","_shipping_width":"","_shipping_height":"","_sku":"ISBN 978-3-86442-471-7","_global_unique_id":null,"_regular_price":"39.8","total_sales":"2","_tax_status":"taxable","_tax_class":"","_manage_stock":"no","_backorders":"no","_sold_individually":"no","_weight":"2.1","_virtual":"no","_downloadable":"no","_download_limit":"-1","_download_expiry":"-1","_stock":"","_stock_status":"instock","_wc_average_rating":"0","_wc_review_count":"0","_product_version":"10.1.3","_price":"39.8","shopengine_product_views_count":"2623","_thumbnail_id":"6864","_product_attributes":null,"_nutrient_ids":null,"_upsell_ids":null,"pswc_subtitle":null,"_default_delivery_time":"","_wp_desired_post_slug":null,"_isbn":"9783864424717","pageType":null,"isExternalUrl":null,"pageId":null,"externalUrl":null,"hideCookieBanner":null,"isTargetBlank":null,"isProviderCurrentWebsite":null,"isEmbeddingOnlyExternalResources":null,"legalBasis":null,"dataProcessingInCountries":null,"dataProcessingInCountriesSpecialTreatments":null,"technicalDefinitions":null,"googleConsentModeConsentTypes":null,"executePriority":null,"executeCodeOptInWhenNoTagManagerConsentIsGiven":null,"executeCodeOptOutWhenNoTagManagerConsentIsGiven":null,"deleteTechnicalDefinitionsAfterOptOut":null,"presetId":null,"presetVersion":null,"provider":null,"providerContactPhone":null,"providerContactEmail":null,"providerContactLink":null,"uniqueName":null,"providerPrivacyPolicyUrl":null,"providerLegalNoticeUrl":null,"codeOptIn":null,"codeOptOut":null,"codeOnPageLoad":null,"language_code":null,"shopengine_template__post_meta__type":null,"shopengine_template__post_meta":null,"shopengine_template__post_meta__edit_with":null,"origin":null,"_enabled":null,"_filters":null,"_layout":null,"_elementor_import_session_id":null,"_wp_trash_meta_status":null,"_wp_trash_meta_time":null,"_edit_lock":"1766847339:2","_elementor_floating_elements_type":null,"_elementor_edit_mode":null,"_elementor_template_type":null,"tc-thumb-fld":null,"_wp_page_template":null,"_elementor_version":null,"_elementor_pro_version":null,"_elementor_page_settings":null,"_elementor_data":null,"_elementor_conditions":null,"_elementor_popup_display_settings":null,"_edit_last":"2","_elementor_template_sub_type":null,"_elementor_controls_usage":null,"_elementor_screenshot":null,"_elementor_css":null,"_elementor_page_assets":[],"_elementor_element_cache":null,"_elementor_screenshot_failed":null,"_elementor_source":null,"_wp_old_date":null,"layout_key":null,"post_slider_check_key":null,"_links":{"self":[{"href":"https:\/\/snoeck.de\/fr\/wp-json\/wp\/v2\/product\/6863","targetHints":{"allow":["GET"]}}],"collection":[{"href":"https:\/\/snoeck.de\/fr\/wp-json\/wp\/v2\/product"}],"about":[{"href":"https:\/\/snoeck.de\/fr\/wp-json\/wp\/v2\/types\/product"}],"wp:featuredmedia":[{"embeddable":true,"href":"https:\/\/snoeck.de\/fr\/wp-json\/wp\/v2\/media\/6864"}],"wp:attachment":[{"href":"https:\/\/snoeck.de\/fr\/wp-json\/wp\/v2\/media?parent=6863"}],"wp:term":[{"taxonomy":"product_brand","embeddable":true,"href":"https:\/\/snoeck.de\/fr\/wp-json\/wp\/v2\/product_brand?post=6863"},{"taxonomy":"product_cat","embeddable":true,"href":"https:\/\/snoeck.de\/fr\/wp-json\/wp\/v2\/product_cat?post=6863"},{"taxonomy":"product_tag","embeddable":true,"href":"https:\/\/snoeck.de\/fr\/wp-json\/wp\/v2\/product_tag?post=6863"}],"curies":[{"name":"wp","href":"https:\/\/api.w.org\/{rel}","templated":true}]}}