{"id":6944,"date":"2025-11-25T08:00:00","date_gmt":"2025-11-25T06:00:00","guid":{"rendered":"https:\/\/snoeck.de\/?post_type=product&#038;p=6944"},"modified":"2025-12-09T10:28:22","modified_gmt":"2025-12-09T08:28:22","slug":"sven-julien-kanclerski-sprengel-preis-2025","status":"publish","type":"product","link":"https:\/\/snoeck.de\/fr\/shop\/sven-julien-kanclerski-sprengel-preis-2025\/","title":{"rendered":"Sven-Julien Kanclerski \u2013 Prix Sprengel 2025"},"content":{"rendered":"<p><iframe hcb-fetch-image-from=\"https:\/\/www.youtube.com\/watch?v=VXSBhoJP6w0\" title=\"Sven Kaclerski\" width=\"800\" height=\"450\" src=\"https:\/\/www.youtube.com\/embed\/VXSBhoJP6w0?feature=oembed\" frameborder=\"0\" allow=\"accelerometer; autoplay; clipboard-write; encrypted-media; gyroscope; picture-in-picture; web-share\" referrerpolicy=\"strict-origin-when-cross-origin\" allowfullscreen><\/iframe><\/p>\n<h4 style=\"line-height: 150%; margin: 0cm 0cm 14.4pt 0cm;\"><b><span style=\"color: black;\">En tant que sculpteur, il travaille rapidement, avec une pr\u00e9cision millim\u00e9trique, avec m\u00e9thode et une grande concentration.<br \/>\nEn tant que photographe, Kanclerski devient un vagabond.<\/span><\/b><\/h4>\n<p style=\"line-height: 150%;\">Avec les voyages et les s\u00e9jours de recherche qui font partie du SPRENGEL PREIS, une nouvelle perspective artistique sur diverses r\u00e9gions d'Europe s'ouvre sans cesse. Sven-Julien Kanclerski est, depuis la r\u00e9orientation du SPRENGEL PREIS, le premier \u00e0 se tourner vers l'Europe de l'Est et \u00e0 explorer la Roumanie de son point de vue artistique. Loin de tout int\u00e9r\u00eat touristique, il d\u00e9veloppe un regard tr\u00e8s personnel qui, fait int\u00e9ressant, r\u00e9v\u00e8le un profil artistique aussi clair que celle qui brosse un tableau atmosph\u00e9rique dense. Ce sont des lieux secondaires, des bizarreries en marge, que personne ne voit r\u00e9ellement et que personne ne veut voir, mais qui r\u00e9v\u00e8lent d'une part le regard du sculpteur, qui reconna\u00eet partout des formes et des correspondances de formes, qui constate des affinit\u00e9s de formes bizarres entre des objets compl\u00e8tement diff\u00e9rents, tout en y d\u00e9couvrant de mani\u00e8re touchante, dans ce qui semble al\u00e9atoire, les traces de l'action humaine.<\/p>\n<p style=\"line-height: 150%;\">Exposition :<br \/>\nMus\u00e9e Sprengel de Hanovre, 22\/11\/2025 \u2013 01\/03\/2026<\/p>\n<p>&nbsp;<\/p>\n<p>&nbsp;<\/p>","protected":false},"excerpt":{"rendered":"<p>Mus\u00e9e Sprengel, Hanovre<br \/>\nHrsg. Sprengel Museum Hannover<br \/>\nen collaboration avec le Land de Basse-Saxe et la Nieders\u00e4chsische Sparkassenstiftung<br \/>\nTexte (allemand\/anglais) de Nora Niefanger, Felix Koberstein, pr\u00e9face de Reinhard Spieler<br \/>\n124 pages avec 86 illustrations couleur et 23 illustrations en noir et blanc.<br \/>\n29 x 23,5 cm, reliure broch\u00e9e avec titre en relief<\/p>","protected":false},"featured_media":6945,"template":"","meta":[],"product_brand":[],"product_cat":[89,68,76],"product_tag":[],"class_list":{"0":"post-6944","1":"product","2":"type-product","3":"status-publish","4":"has-post-thumbnail","6":"product_cat-89","7":"product_cat-k","8":"product_cat-s","10":"first","11":"instock","12":"taxable","13":"shipping-taxable","14":"purchasable","15":"product-type-simple"},"aioseo_notices":[],"_wp_attached_file":null,"_wp_attachment_metadata":null,"_wc_attachment_source":null,"_elementor_inline_svg":null,"_elementor_is_screenshot":null,"_elementor_source_image_hash":null,"_source_url":null,"_wp_attachment_context":null,"_menu_item_type":null,"_menu_item_menu_item_parent":null,"_menu_item_object_id":null,"_menu_item_object":null,"_menu_item_target":null,"_menu_item_classes":null,"_menu_item_xfn":null,"_menu_item_url":null,"__elementor_forms_snapshot":null,"_unit":"","_unit_base":"","_unit_product":"","_unit_price_auto":"no","_unit_price_regular":"","_unit_price":"","_unit_price_sale":"","_sale_price_label":"","_sale_price_regular_label":"","_manufacturer_slug":"","_mini_desc":"","_defect_description":"","_safety_instructions":"","_allergen_ids":[],"_warranty_attachment_id":"","_safety_attachment_ids":[],"_min_age":"","_ts_gtin":"","_ts_mpn":"","_delivery_time_countries":[],"_free_shipping":"no","_service":"no","_photovoltaic_system":"no","_used_good":"no","_defective_copy":"no","_wireless_electronic_device":"no","_device_contains_power_supply":"no","_device_charging_supports_usb_pd":"no","_device_charging_watt_min":"","_device_charging_watt_max":"","_is_food":"no","_differential_taxation":"no","_gzd_version":"3.20.1","_hs_code":"","_customs_description":"","_manufacture_country":"0","_is_non_returnable":"no","_shipping_length":"","_shipping_width":"","_shipping_height":"","_sku":"ISBN 978-3-86442-478-6","_global_unique_id":null,"_regular_price":"29.80","total_sales":"0","_tax_status":"taxable","_tax_class":"","_manage_stock":"no","_backorders":"no","_sold_individually":"no","_weight":"0.7","_virtual":"no","_downloadable":"no","_download_limit":"-1","_download_expiry":"-1","_stock":"","_stock_status":"instock","_wc_average_rating":"0","_wc_review_count":"0","_product_version":"10.1.0","_price":"29.80","shopengine_product_views_count":"2362","_thumbnail_id":"6945","_product_attributes":null,"_nutrient_ids":null,"_upsell_ids":null,"pswc_subtitle":null,"_default_delivery_time":null,"_wp_desired_post_slug":null,"_isbn":"9783864424786","pageType":null,"isExternalUrl":null,"pageId":null,"externalUrl":null,"hideCookieBanner":null,"isTargetBlank":null,"isProviderCurrentWebsite":null,"isEmbeddingOnlyExternalResources":null,"legalBasis":null,"dataProcessingInCountries":null,"dataProcessingInCountriesSpecialTreatments":null,"technicalDefinitions":null,"googleConsentModeConsentTypes":null,"executePriority":null,"executeCodeOptInWhenNoTagManagerConsentIsGiven":null,"executeCodeOptOutWhenNoTagManagerConsentIsGiven":null,"deleteTechnicalDefinitionsAfterOptOut":null,"presetId":null,"presetVersion":null,"provider":null,"providerContactPhone":null,"providerContactEmail":null,"providerContactLink":null,"uniqueName":null,"providerPrivacyPolicyUrl":null,"providerLegalNoticeUrl":null,"codeOptIn":null,"codeOptOut":null,"codeOnPageLoad":null,"language_code":null,"shopengine_template__post_meta__type":null,"shopengine_template__post_meta":null,"shopengine_template__post_meta__edit_with":null,"origin":null,"_enabled":null,"_filters":null,"_layout":null,"_elementor_import_session_id":null,"_wp_trash_meta_status":null,"_wp_trash_meta_time":null,"_edit_lock":"1765268776:1","_elementor_floating_elements_type":null,"_elementor_edit_mode":null,"_elementor_template_type":null,"tc-thumb-fld":null,"_wp_page_template":null,"_elementor_version":null,"_elementor_pro_version":null,"_elementor_page_settings":null,"_elementor_data":null,"_elementor_conditions":null,"_elementor_popup_display_settings":null,"_edit_last":"1","_elementor_template_sub_type":null,"_elementor_controls_usage":null,"_elementor_screenshot":null,"_elementor_css":null,"_elementor_page_assets":[],"_elementor_element_cache":null,"_elementor_screenshot_failed":null,"_elementor_source":null,"_wp_old_date":null,"layout_key":null,"post_slider_check_key":null,"_links":{"self":[{"href":"https:\/\/snoeck.de\/fr\/wp-json\/wp\/v2\/product\/6944","targetHints":{"allow":["GET"]}}],"collection":[{"href":"https:\/\/snoeck.de\/fr\/wp-json\/wp\/v2\/product"}],"about":[{"href":"https:\/\/snoeck.de\/fr\/wp-json\/wp\/v2\/types\/product"}],"wp:featuredmedia":[{"embeddable":true,"href":"https:\/\/snoeck.de\/fr\/wp-json\/wp\/v2\/media\/6945"}],"wp:attachment":[{"href":"https:\/\/snoeck.de\/fr\/wp-json\/wp\/v2\/media?parent=6944"}],"wp:term":[{"taxonomy":"product_brand","embeddable":true,"href":"https:\/\/snoeck.de\/fr\/wp-json\/wp\/v2\/product_brand?post=6944"},{"taxonomy":"product_cat","embeddable":true,"href":"https:\/\/snoeck.de\/fr\/wp-json\/wp\/v2\/product_cat?post=6944"},{"taxonomy":"product_tag","embeddable":true,"href":"https:\/\/snoeck.de\/fr\/wp-json\/wp\/v2\/product_tag?post=6944"}],"curies":[{"name":"wp","href":"https:\/\/api.w.org\/{rel}","templated":true}]}}