{"id":7181,"date":"2026-02-20T09:00:00","date_gmt":"2026-02-20T08:00:00","guid":{"rendered":"https:\/\/snoeck.de\/?post_type=product&#038;p=7181"},"modified":"2026-02-19T14:31:55","modified_gmt":"2026-02-19T13:31:55","slug":"nikola-ukic-about-the-sense-of-possibilities","status":"publish","type":"product","link":"https:\/\/snoeck.de\/fr\/shop\/nikola-ukic-about-the-sense-of-possibilities\/","title":{"rendered":"Nikola Uki\u0107 : \u00c0 propos du sens des possibilit\u00e9s"},"content":{"rendered":"<h3>Les limites du possible<\/h3>\n<p>Dans la pratique artistique de Nikola Uki\u0107, la croissance et le d\u00e9clin se manifestent et repr\u00e9sentent quasiment une m\u00e9taphore de l'\u00e9cologie du capitalisme, comme le soulignent de nombreuses critiques, bien qu'il ne formule pas de lien direct entre ces deux notions. Ses r\u00e9flexions tournent autour des questions fondamentales du travail artistique, et il reprend les traditions progressistes des ann\u00e9es 1960 du readymade et du minimal, par lesquelles la sculpture s'est d\u00e9lib\u00e9r\u00e9ment et radicalement d\u00e9tourn\u00e9e des notions repr\u00e9sentatives et monumentales. L'\u0153uvre de Nikola Uki\u0107 vise \u00e0 une r\u00e9interpr\u00e9tation critique des strat\u00e9gies sculpturales, th\u00e9matise la crise des exp\u00e9riences corporelles coh\u00e9rentes et la relation entre authenticit\u00e9 et fiction. Des \u0153uvres telles que ses cubes en polyur\u00e9thane \"They breathe out as they rise\" illustrent ce propos. M\u00e9lang\u00e9s \u00e0 des pigments de couleur diff\u00e9remment dos\u00e9s, les cubes de polyur\u00e9thane atteignent leur volume maximal lorsqu'ils ont pris la taille de leur moule et se vident progressivement, \u00e0 leur propre rythme. Leur formation est soumise \u00e0 une transformation permanente qui les rend mobiles et fragiles comme le corps humain. Toutefois, il n'existe pas ici de processus de vieillissement lin\u00e9aire - un cube r\u00e9tr\u00e9ci n'a rien \u00e0 envier \u00e0 un cube neuf et lisse. Ce n'est pas un hasard si les expositions d'Uki\u0107 sont r\u00e9guli\u00e8rement compar\u00e9es \u00e0 des jardins zen, car la nature et le travail humain s'y articulent, non pas de mani\u00e8re apolog\u00e9tiquement disharmonieuse, mais dans une nouvelle forme de croissance et d'\u00eatre qui s'apparente \u00e0 une nouvelle \u00e9cologie, qui semble reposer sur l'\u00e9tude des limites de la nature et de la culture, du vivant et du mort, de la croissance et de la permanence. L'\u00e9cologie d'Uki\u0107 r\u00e9sulte de sa r\u00e9flexion sur la forme. Il insiste sur sa non-r\u00e9ductibilit\u00e9 et sur notre capacit\u00e9 \u00e0 la supporter. En ce sens, sa pratique explore les limites de la possibilit\u00e9 de juxtaposer quelque chose sans le neutraliser. Nikola Uki\u0107 s'int\u00e9resse \u00e0 l'id\u00e9e de savoir comment des masses corporelles peuvent s'imprimer sur une surface sans pour autant le repr\u00e9senter dans un r\u00e9alisme mim\u00e9tique.<\/p>","protected":false},"excerpt":{"rendered":"<p>Kat. MMSU Mus\u00e9e d'art moderne et contemporain de Rijeka<br \/>\n\u00e9d. par Branca Ben\u010di\u0107<br \/>\nTexte (allemand\/anglais\/croate) de Rolf Hengesbach, Sabina Salamon, Thorsten Schneider, Vladimir Vidmar<br \/>\n176 pages avec 115 illustrations en couleurs.<br \/>\nFormat 29 x 23,5, Couverture souple<\/p>","protected":false},"featured_media":7185,"template":"","meta":[],"product_brand":[],"product_cat":[157,78],"product_tag":[],"class_list":{"0":"post-7181","1":"product","2":"type-product","3":"status-publish","4":"has-post-thumbnail","6":"product_cat-157","7":"product_cat-u","9":"first","10":"instock","11":"taxable","12":"shipping-taxable","13":"purchasable","14":"product-type-simple"},"aioseo_notices":[],"_wp_attached_file":null,"_wp_attachment_metadata":null,"_wc_attachment_source":null,"_elementor_inline_svg":null,"_elementor_is_screenshot":null,"_elementor_source_image_hash":null,"_source_url":null,"_wp_attachment_context":null,"_menu_item_type":null,"_menu_item_menu_item_parent":null,"_menu_item_object_id":null,"_menu_item_object":null,"_menu_item_target":null,"_menu_item_classes":null,"_menu_item_xfn":null,"_menu_item_url":null,"__elementor_forms_snapshot":null,"_unit":"","_unit_base":"","_unit_product":"","_unit_price_auto":"no","_unit_price_regular":"","_unit_price":"","_unit_price_sale":"","_sale_price_label":"","_sale_price_regular_label":"","_manufacturer_slug":"","_mini_desc":"","_defect_description":"","_safety_instructions":"","_allergen_ids":[],"_warranty_attachment_id":"","_safety_attachment_ids":[],"_min_age":"","_ts_gtin":"","_ts_mpn":"","_delivery_time_countries":[],"_free_shipping":"no","_service":"no","_photovoltaic_system":"no","_used_good":"no","_defective_copy":"no","_wireless_electronic_device":"no","_device_contains_power_supply":"no","_device_charging_supports_usb_pd":"no","_device_charging_watt_min":"","_device_charging_watt_max":"","_is_food":"no","_differential_taxation":"no","_gzd_version":"3.20.1","_hs_code":"","_customs_description":"","_manufacture_country":"0","_is_non_returnable":"no","_shipping_length":"","_shipping_width":"","_shipping_height":"","_sku":"ISBN 978-3-86442-468-7","_global_unique_id":null,"_regular_price":"39.8","total_sales":"0","_tax_status":"taxable","_tax_class":"","_manage_stock":"no","_backorders":"no","_sold_individually":"no","_weight":"1.08","_virtual":"no","_downloadable":"no","_download_limit":"-1","_download_expiry":"-1","_stock":"","_stock_status":"instock","_wc_average_rating":"0","_wc_review_count":"0","_product_version":"10.1.3","_price":"39.8","shopengine_product_views_count":"1314","_thumbnail_id":"7185","_product_attributes":null,"_nutrient_ids":null,"_upsell_ids":null,"pswc_subtitle":null,"_default_delivery_time":null,"_wp_desired_post_slug":null,"_isbn":"9783864424687","pageType":null,"isExternalUrl":null,"pageId":null,"externalUrl":null,"hideCookieBanner":null,"isTargetBlank":null,"isProviderCurrentWebsite":null,"isEmbeddingOnlyExternalResources":null,"legalBasis":null,"dataProcessingInCountries":null,"dataProcessingInCountriesSpecialTreatments":null,"technicalDefinitions":null,"googleConsentModeConsentTypes":null,"executePriority":null,"executeCodeOptInWhenNoTagManagerConsentIsGiven":null,"executeCodeOptOutWhenNoTagManagerConsentIsGiven":null,"deleteTechnicalDefinitionsAfterOptOut":null,"presetId":null,"presetVersion":null,"provider":null,"providerContactPhone":null,"providerContactEmail":null,"providerContactLink":null,"uniqueName":null,"providerPrivacyPolicyUrl":null,"providerLegalNoticeUrl":null,"codeOptIn":null,"codeOptOut":null,"codeOnPageLoad":null,"language_code":null,"shopengine_template__post_meta__type":null,"shopengine_template__post_meta":null,"shopengine_template__post_meta__edit_with":null,"origin":null,"_enabled":null,"_filters":null,"_layout":null,"_elementor_import_session_id":null,"_wp_trash_meta_status":null,"_wp_trash_meta_time":null,"_edit_lock":"1772800993:2","_elementor_floating_elements_type":null,"_elementor_edit_mode":null,"_elementor_template_type":null,"tc-thumb-fld":null,"_wp_page_template":null,"_elementor_version":null,"_elementor_pro_version":null,"_elementor_page_settings":null,"_elementor_data":null,"_elementor_conditions":null,"_elementor_popup_display_settings":null,"_edit_last":"2","_elementor_template_sub_type":null,"_elementor_controls_usage":null,"_elementor_screenshot":null,"_elementor_css":null,"_elementor_page_assets":[],"_elementor_element_cache":null,"_elementor_screenshot_failed":null,"_elementor_source":null,"_wp_old_date":null,"layout_key":null,"post_slider_check_key":null,"_links":{"self":[{"href":"https:\/\/snoeck.de\/fr\/wp-json\/wp\/v2\/product\/7181","targetHints":{"allow":["GET"]}}],"collection":[{"href":"https:\/\/snoeck.de\/fr\/wp-json\/wp\/v2\/product"}],"about":[{"href":"https:\/\/snoeck.de\/fr\/wp-json\/wp\/v2\/types\/product"}],"wp:featuredmedia":[{"embeddable":true,"href":"https:\/\/snoeck.de\/fr\/wp-json\/wp\/v2\/media\/7185"}],"wp:attachment":[{"href":"https:\/\/snoeck.de\/fr\/wp-json\/wp\/v2\/media?parent=7181"}],"wp:term":[{"taxonomy":"product_brand","embeddable":true,"href":"https:\/\/snoeck.de\/fr\/wp-json\/wp\/v2\/product_brand?post=7181"},{"taxonomy":"product_cat","embeddable":true,"href":"https:\/\/snoeck.de\/fr\/wp-json\/wp\/v2\/product_cat?post=7181"},{"taxonomy":"product_tag","embeddable":true,"href":"https:\/\/snoeck.de\/fr\/wp-json\/wp\/v2\/product_tag?post=7181"}],"curies":[{"name":"wp","href":"https:\/\/api.w.org\/{rel}","templated":true}]}}