{"id":7240,"date":"2026-03-27T16:00:00","date_gmt":"2026-03-27T15:00:00","guid":{"rendered":"https:\/\/snoeck.de\/?post_type=product&#038;p=7240"},"modified":"2026-04-14T13:34:02","modified_gmt":"2026-04-14T12:34:02","slug":"philip-topolovac","status":"publish","type":"product","link":"https:\/\/snoeck.de\/fr\/shop\/philip-topolovac\/","title":{"rendered":"Philippe Topolovac"},"content":{"rendered":"<p>Dans ses projets \u00e0 premi\u00e8re vue h\u00e9t\u00e9rog\u00e8nes, Philip Topolovac analyse les conditions dans lesquelles nous percevons la r\u00e9alit\u00e9 et s'interroge sur le sens que nous donnons \u00e0 ce que nous percevons. Qu'est-ce qui est r\u00e9el ? Qu'est-ce qui est historiquement conditionn\u00e9 ? Qu'est-ce que nous \u00e9valuons en fonction de sa valeur ? Notre monde est-il vraiment tel que nous avons appris \u00e0 nous le repr\u00e9senter ? Dans ce contexte, la naissance de l'art est un th\u00e8me qui, pour l'artiste, se d\u00e9roule avant tout dans la t\u00eate du spectateur - la perception en tant que projection et interpr\u00e9tation est un th\u00e8me central dans de nombreuses \u0153uvres. L'objectif de cette publication est donc de fixer le fil conducteur des travaux de Topolovac. Le monde comme mod\u00e8le, l'\u0153uvre d'art comme accessoire - cet aspect central dans son \u0153uvre se refl\u00e8te \u00e9galement dans la r\u00e9cente s\u00e9rie des \"Proph\u00e8tes\" (2025), dans laquelle des empreintes de visages \"extatiques\" de mod\u00e8les baroques en argile pour des figures de saints sont fa\u00e7onn\u00e9es en mod\u00e8les de t\u00eates r\u00e9alistes en polystyr\u00e8ne et en p\u00e2te \u00e0 modeler. Il a \u00e9galement reproduit en tant que sculpture une colonne de b\u00e9ton (2023) transform\u00e9e en fontaine et provenant du Biergarten du Berghain. Ces derni\u00e8res ann\u00e9es, Philip Topolovac a en outre r\u00e9ussi \u00e0 constituer une vaste collection d'objets d\u00e9truits par la guerre, qu'il a sauv\u00e9s de fouilles \u00e0 Berlin. Depuis la r\u00e9unification, les nombreuses friches d'apr\u00e8s-guerre situ\u00e9es le long du mur et dans le reste de la ville divis\u00e9e sont construites \u00e0 toute vitesse. Le boom immobilier n'ouvre alors qu'une petite fen\u00eatre temporelle sur un pass\u00e9 dramatique, d'o\u00f9 surgissent toujours des t\u00e9moignages des vastes destructions de Berlin pendant la guerre. Les sites contamin\u00e9s destin\u00e9s \u00e0 \u00eatre \u00e9limin\u00e9s sortent du sol comme de l'inconscient de la ville. L'\u0153uvre \"Orpheus\", une t\u00eate \u00e9rod\u00e9e par les intemp\u00e9ries que l'on peut voir comme une sculpture flottant dans un lac berlinois, provient d'un contexte similaire, bien qu'elle soit nettement plus r\u00eaveuse, et des arias de l'op\u00e9ra de Gluck \"Orfeo ed Euridice\" (1762) retentissent \u00e0 diff\u00e9rents intervalles. Chez Topolovac, la trag\u00e9die issue du mythe et de la r\u00e9alit\u00e9 se fond toujours en images surr\u00e9alistes de m\u00e9li-m\u00e9lo et symbolise ainsi la gen\u00e8se du livre.<\/p>\n<p>Lancement de livre : 18h30, 23.04.2026 Caf\u00e9 Dix, dans la Berlinische Galerie<\/p>","protected":false},"excerpt":{"rendered":"<p>Texte (allemand\/anglais) de Knut Ebeling, Christine Heidemann, Anne Waak ainsi qu'un entretien de Max Dax avec Alexander Kluge sur les terrains vagues berlinois<br \/>\n208 p. avec 195 illustrations couleur et 50 illustrations n\/b.<br \/>\nFormat 30 x 24 cm, reliure toile gaufr\u00e9e<\/p>","protected":false},"featured_media":7241,"template":"","meta":[],"product_brand":[],"product_cat":[157,77],"product_tag":[],"class_list":{"0":"post-7240","1":"product","2":"type-product","3":"status-publish","4":"has-post-thumbnail","6":"product_cat-157","7":"product_cat-t","9":"first","10":"instock","11":"taxable","12":"shipping-taxable","13":"purchasable","14":"product-type-simple"},"aioseo_notices":[],"_wp_attached_file":null,"_wp_attachment_metadata":null,"_wc_attachment_source":null,"_elementor_inline_svg":null,"_elementor_is_screenshot":null,"_elementor_source_image_hash":null,"_source_url":null,"_wp_attachment_context":null,"_menu_item_type":null,"_menu_item_menu_item_parent":null,"_menu_item_object_id":null,"_menu_item_object":null,"_menu_item_target":null,"_menu_item_classes":null,"_menu_item_xfn":null,"_menu_item_url":null,"__elementor_forms_snapshot":null,"_unit":"","_unit_base":"","_unit_product":"","_unit_price_auto":"no","_unit_price_regular":"","_unit_price":"","_unit_price_sale":"","_sale_price_label":"","_sale_price_regular_label":"","_manufacturer_slug":"","_mini_desc":"","_defect_description":"","_safety_instructions":"","_allergen_ids":[],"_warranty_attachment_id":"","_safety_attachment_ids":[],"_min_age":"","_ts_gtin":"","_ts_mpn":"","_delivery_time_countries":[],"_free_shipping":"no","_service":"no","_photovoltaic_system":"no","_used_good":"no","_defective_copy":"no","_wireless_electronic_device":"no","_device_contains_power_supply":"no","_device_charging_supports_usb_pd":"no","_device_charging_watt_min":"","_device_charging_watt_max":"","_is_food":"no","_differential_taxation":"no","_gzd_version":"3.20.1","_hs_code":"","_customs_description":"","_manufacture_country":"0","_is_non_returnable":"no","_shipping_length":"","_shipping_width":"","_shipping_height":"","_sku":"ISBN 978-3-86442-472-4","_global_unique_id":null,"_regular_price":"58","total_sales":"0","_tax_status":"taxable","_tax_class":"","_manage_stock":"no","_backorders":"no","_sold_individually":"no","_weight":"1400","_virtual":"no","_downloadable":"no","_download_limit":"-1","_download_expiry":"-1","_stock":"","_stock_status":"instock","_wc_average_rating":"0","_wc_review_count":"0","_product_version":"10.1.4","_price":"58","shopengine_product_views_count":"882","_thumbnail_id":"7241","_product_attributes":null,"_nutrient_ids":null,"_upsell_ids":null,"pswc_subtitle":null,"_default_delivery_time":null,"_wp_desired_post_slug":null,"_isbn":"9783864424724","pageType":null,"isExternalUrl":null,"pageId":null,"externalUrl":null,"hideCookieBanner":null,"isTargetBlank":null,"isProviderCurrentWebsite":null,"isEmbeddingOnlyExternalResources":null,"legalBasis":null,"dataProcessingInCountries":null,"dataProcessingInCountriesSpecialTreatments":null,"technicalDefinitions":null,"googleConsentModeConsentTypes":null,"executePriority":null,"executeCodeOptInWhenNoTagManagerConsentIsGiven":null,"executeCodeOptOutWhenNoTagManagerConsentIsGiven":null,"deleteTechnicalDefinitionsAfterOptOut":null,"presetId":null,"presetVersion":null,"provider":null,"providerContactPhone":null,"providerContactEmail":null,"providerContactLink":null,"uniqueName":null,"providerPrivacyPolicyUrl":null,"providerLegalNoticeUrl":null,"codeOptIn":null,"codeOptOut":null,"codeOnPageLoad":null,"language_code":null,"shopengine_template__post_meta__type":null,"shopengine_template__post_meta":null,"shopengine_template__post_meta__edit_with":null,"origin":null,"_enabled":null,"_filters":null,"_layout":null,"_elementor_import_session_id":null,"_wp_trash_meta_status":null,"_wp_trash_meta_time":null,"_edit_lock":"1776170060:2","_elementor_floating_elements_type":null,"_elementor_edit_mode":null,"_elementor_template_type":null,"tc-thumb-fld":null,"_wp_page_template":null,"_elementor_version":null,"_elementor_pro_version":null,"_elementor_page_settings":null,"_elementor_data":null,"_elementor_conditions":null,"_elementor_popup_display_settings":null,"_edit_last":"2","_elementor_template_sub_type":null,"_elementor_controls_usage":null,"_elementor_screenshot":null,"_elementor_css":null,"_elementor_page_assets":[],"_elementor_element_cache":null,"_elementor_screenshot_failed":null,"_elementor_source":null,"_wp_old_date":null,"layout_key":null,"post_slider_check_key":null,"_links":{"self":[{"href":"https:\/\/snoeck.de\/fr\/wp-json\/wp\/v2\/product\/7240","targetHints":{"allow":["GET"]}}],"collection":[{"href":"https:\/\/snoeck.de\/fr\/wp-json\/wp\/v2\/product"}],"about":[{"href":"https:\/\/snoeck.de\/fr\/wp-json\/wp\/v2\/types\/product"}],"wp:featuredmedia":[{"embeddable":true,"href":"https:\/\/snoeck.de\/fr\/wp-json\/wp\/v2\/media\/7241"}],"wp:attachment":[{"href":"https:\/\/snoeck.de\/fr\/wp-json\/wp\/v2\/media?parent=7240"}],"wp:term":[{"taxonomy":"product_brand","embeddable":true,"href":"https:\/\/snoeck.de\/fr\/wp-json\/wp\/v2\/product_brand?post=7240"},{"taxonomy":"product_cat","embeddable":true,"href":"https:\/\/snoeck.de\/fr\/wp-json\/wp\/v2\/product_cat?post=7240"},{"taxonomy":"product_tag","embeddable":true,"href":"https:\/\/snoeck.de\/fr\/wp-json\/wp\/v2\/product_tag?post=7240"}],"curies":[{"name":"wp","href":"https:\/\/api.w.org\/{rel}","templated":true}]}}